{"id":698730,"date":"2025-08-27T14:47:01","date_gmt":"2025-08-27T11:47:01","guid":{"rendered":"https:\/\/roveyayinevi.com.tr\/index.php\/urun\/nana-2\/"},"modified":"2026-04-16T02:08:17","modified_gmt":"2026-04-15T23:08:17","slug":"nana-2","status":"publish","type":"product","link":"https:\/\/roveyayinevi.com.tr\/index.php\/urun\/nana-2\/","title":{"rendered":"Nana"},"content":{"rendered":"<p>Nana, &#8211; Can\u0131m, olaca\u011f\u0131 belliydi zaten! Onlar\u0131 ayaklar\u0131na getirdin!&#8230; Ne yapay\u0131m, dayanam\u0131yorum. Zorla de\u011fil ya, dayanam\u0131yorum, dedi ve onun \u00f6zr\u00fcn\u00fc anl\u0131yormu\u015f gibi aya\u011f\u0131n\u0131 uzatt\u0131. Bunun \u00fczerine uyumak istedi\u011fi i\u00e7in son derece sinirlenmi\u015f olan Fontan ona var kuvvetiyle bir tokat patlatt\u0131. Tokat o kadar kuvvetle indi ki Nana kendini ayakta buldu, sersemlemi\u015fti. Bir \u00e7o\u011fununkini and\u0131ran derin bir inilti ile sadece, &#8211; Ah! Diyebildi. Fontan, k\u0131m\u0131ldayacak olursa bir ikinci tokat daha patlayaca\u011f\u0131n\u0131 s\u00f6yleyerek onu tehdit etti. Sonra mumu s\u00f6nd\u00fcrd\u00fc, s\u0131rt \u00fcst\u00fc yatt\u0131 ve derhal horlamaya ba\u015flad\u0131. Nana ise y\u00fcz\u00fcn\u00fc yast\u0131klara g\u00f6merek kesik h\u0131\u00e7k\u0131r\u0131klarla a\u011fl\u0131yordu. Kuvvetine g\u00fcvenmek al\u00e7akl\u0131kt\u0131. Fontan\u2019\u0131n korkutucu bir hal alm\u0131\u015f olan \u00e7ehresi onu ger\u00e7ekten kokutuyordu. Yedi\u011fi tokat onu yat\u0131\u015ft\u0131rm\u0131\u015f gibi yava\u015f yava\u015f sakinle\u015fiyordu. \u015eimdi Fontan\u2019a sayg\u0131 duyuyor. Ve yatakta ona geni\u015f bir yer ay\u0131rmak i\u00e7in kendisi sokak taraf\u0131ndaki duvara sokuluyordu. Yana\u011f\u0131 ate\u015f gibi yanarak, g\u00f6zleri ya\u015fla Dolu, dermans\u0131zl\u0131k i\u00e7inde pasta ve \u00e7\u00f6rek k\u0131r\u0131nt\u0131lar\u0131n\u0131n kokusunu bile almadan uyumaya ba\u015flad\u0131. <\/p>\n","protected":false},"excerpt":{"rendered":"<p>Nana, &#8211; Can\u0131m, olaca\u011f\u0131 belliydi zaten! Onlar\u0131 ayaklar\u0131na getirdin!&#8230; Ne yapay\u0131m, dayanam\u0131yorum. Zorla de\u011fil ya, dayanam\u0131yorum, dedi ve onun \u00f6zr\u00fcn\u00fc anl\u0131yormu\u015f gibi aya\u011f\u0131n\u0131 uzatt\u0131. Bunun \u00fczerine<span class=\"excerpt-hellip\"> [\u2026]<\/span><\/p>\n","protected":false},"featured_media":0,"template":"","meta":{"_monsterinsights_skip_tracking":false,"_monsterinsights_sitenote_active":false,"_monsterinsights_sitenote_note":"","_monsterinsights_sitenote_category":0},"product_brand":[],"product_cat":[12291,13376],"product_tag":[],"class_list":{"0":"post-698730","1":"product","2":"type-product","3":"status-publish","5":"product_cat-edebiyat","6":"product_cat-fransiz-edebiyati","7":"pa_tur-kitap","8":"pa_yayinevi-iskele-yayincilik","9":"pa_yazar-emile-zola","11":"first","12":"instock","13":"sale","14":"shipping-taxable","15":"purchasable","16":"product-type-simple"},"_links":{"self":[{"href":"https:\/\/roveyayinevi.com.tr\/index.php\/wp-json\/wp\/v2\/product\/698730","targetHints":{"allow":["GET"]}}],"collection":[{"href":"https:\/\/roveyayinevi.com.tr\/index.php\/wp-json\/wp\/v2\/product"}],"about":[{"href":"https:\/\/roveyayinevi.com.tr\/index.php\/wp-json\/wp\/v2\/types\/product"}],"wp:attachment":[{"href":"https:\/\/roveyayinevi.com.tr\/index.php\/wp-json\/wp\/v2\/media?parent=698730"}],"wp:term":[{"taxonomy":"product_brand","embeddable":true,"href":"https:\/\/roveyayinevi.com.tr\/index.php\/wp-json\/wp\/v2\/product_brand?post=698730"},{"taxonomy":"product_cat","embeddable":true,"href":"https:\/\/roveyayinevi.com.tr\/index.php\/wp-json\/wp\/v2\/product_cat?post=698730"},{"taxonomy":"product_tag","embeddable":true,"href":"https:\/\/roveyayinevi.com.tr\/index.php\/wp-json\/wp\/v2\/product_tag?post=698730"}],"curies":[{"name":"wp","href":"https:\/\/api.w.org\/{rel}","templated":true}]}}