{"id":698726,"date":"2025-08-27T14:47:00","date_gmt":"2025-08-27T11:47:00","guid":{"rendered":"https:\/\/roveyayinevi.com.tr\/index.php\/urun\/levent-rizede-turkiyeyi-geziyorum-1\/"},"modified":"2026-04-16T02:08:16","modified_gmt":"2026-04-15T23:08:16","slug":"levent-rizede-turkiyeyi-geziyorum-1","status":"publish","type":"product","link":"https:\/\/roveyayinevi.com.tr\/index.php\/urun\/levent-rizede-turkiyeyi-geziyorum-1\/","title":{"rendered":"Levent Rize\u2019de &#8211; T\u00fcrkiye&#8217;yi Geziyorum 1"},"content":{"rendered":"<p>Levent ve tayfas\u0131n\u0131 duymayan, bilmeyen kalmad\u0131. Akl\u0131na esti mi s\u0131n\u0131fa kurba\u011fa getiren, \u00c7in&#8217;e t\u00fcnel kazarak gitmeye \u00e7al\u0131\u015fan, mezarl\u0131kta hayalet arayan, gizemli evlere peri ke\u015ffine \u00e7\u0131kan Levent ve tayfas\u0131 bu kez T\u00fcrkiye&#8217;yi geziyor. \u0130lk duraklar\u0131 \u00c7anakkale, Pamukkale, Kapadokya, Rize ve Mardin&#8230; Her bir kitapta o \u015fehre ait do\u011fal g\u00fczellikler, tarih\u00ee ge\u00e7mi\u015f, \u00f6ne \u00e7\u0131kan yerler; kimi zaman komik, kimi zaman duygulu maceralar e\u015fli\u011finde anlat\u0131l\u0131yor. Reng\u00e2renk resimlerle de karakterlerin h\u00e2lleri ilk dizideki gibi yine olduk\u00e7a komik sergilenirken mek\u00e2nlar ve yerler de ger\u00e7e\u011fe olduk\u00e7a yak\u0131n yans\u0131t\u0131l\u0131yor.<\/p>\n","protected":false},"excerpt":{"rendered":"<p>Levent ve tayfas\u0131n\u0131 duymayan, bilmeyen kalmad\u0131. Akl\u0131na esti mi s\u0131n\u0131fa kurba\u011fa getiren, \u00c7in&#8217;e t\u00fcnel kazarak gitmeye \u00e7al\u0131\u015fan, mezarl\u0131kta hayalet arayan, gizemli evlere peri ke\u015ffine \u00e7\u0131kan Levent<span class=\"excerpt-hellip\"> [\u2026]<\/span><\/p>\n","protected":false},"featured_media":0,"template":"","meta":{"_monsterinsights_skip_tracking":false,"_monsterinsights_sitenote_active":false,"_monsterinsights_sitenote_note":"","_monsterinsights_sitenote_category":0},"product_brand":[],"product_cat":[12492,12274],"product_tag":[],"class_list":{"0":"post-698726","1":"product","2":"type-product","3":"status-publish","5":"product_cat-bilmece-bulmaca","6":"product_cat-cocuk-ve-genclik-kitaplari","7":"pa_cilt-ciltsiz","8":"pa_tur-kitap","9":"pa_yayinevi-timas-cocuk","10":"pa_yazar-mustafa-orakci","12":"first","13":"instock","14":"sale","15":"shipping-taxable","16":"purchasable","17":"product-type-simple"},"_links":{"self":[{"href":"https:\/\/roveyayinevi.com.tr\/index.php\/wp-json\/wp\/v2\/product\/698726","targetHints":{"allow":["GET"]}}],"collection":[{"href":"https:\/\/roveyayinevi.com.tr\/index.php\/wp-json\/wp\/v2\/product"}],"about":[{"href":"https:\/\/roveyayinevi.com.tr\/index.php\/wp-json\/wp\/v2\/types\/product"}],"wp:attachment":[{"href":"https:\/\/roveyayinevi.com.tr\/index.php\/wp-json\/wp\/v2\/media?parent=698726"}],"wp:term":[{"taxonomy":"product_brand","embeddable":true,"href":"https:\/\/roveyayinevi.com.tr\/index.php\/wp-json\/wp\/v2\/product_brand?post=698726"},{"taxonomy":"product_cat","embeddable":true,"href":"https:\/\/roveyayinevi.com.tr\/index.php\/wp-json\/wp\/v2\/product_cat?post=698726"},{"taxonomy":"product_tag","embeddable":true,"href":"https:\/\/roveyayinevi.com.tr\/index.php\/wp-json\/wp\/v2\/product_tag?post=698726"}],"curies":[{"name":"wp","href":"https:\/\/api.w.org\/{rel}","templated":true}]}}