{"id":698723,"date":"2025-08-27T14:46:59","date_gmt":"2025-08-27T11:46:59","guid":{"rendered":"https:\/\/roveyayinevi.com.tr\/index.php\/urun\/dahi-cocuk-yetistirmek\/"},"modified":"2026-04-16T02:08:16","modified_gmt":"2026-04-15T23:08:16","slug":"dahi-cocuk-yetistirmek","status":"publish","type":"product","link":"https:\/\/roveyayinevi.com.tr\/index.php\/urun\/dahi-cocuk-yetistirmek\/","title":{"rendered":"Dahi \u00c7ocuk Yeti\u015ftirmek"},"content":{"rendered":"<p>\u00c7ocu\u011funuza  \u00d6zg\u00fcven kazand\u0131rma, sorumluluk duygusu,kendi ayaklar\u0131 \u00fczerinde   durabilme ,dikkat geli\u015ftirme, s\u0131navlara haz\u0131rl\u0131k, haf\u0131za e\u011fitimi, zihin egzersizleri, zeka geli\u015fimi konular\u0131nda rehber eser Bir s\u0131nav esnas\u0131nda Einstein\u2019in asistan\u0131 heyecanla s\u0131nav salonundan \u00e7\u0131kar ve Einstein\u2019in odas\u0131na gider. Nefes nefese kalm\u0131\u015ft\u0131r. Einstein\u2019e: \u201cEfendim, galiba bir yanl\u0131\u015fl\u0131k yapt\u0131n\u0131z, sorular\u0131n\u0131z, ge\u00e7en y\u0131l sorduklar\u0131n\u0131z\u0131n ayn\u0131s\u0131!\u201d der. Einstein g\u00fcl\u00fcmser ve asistan\u0131na d\u00f6n\u00fcp der ki \u201cEvet sorular ge\u00e7en y\u0131l\u0131n ayn\u0131s\u0131 ama cevaplar art\u0131k farkl\u0131!\u201d Einstein, burada bilgi d\u00fcnyas\u0131n\u0131n ba\u015f d\u00f6nd\u00fcr\u00fcc\u00fc h\u0131zla ilerledi\u011fine dikkatlerimizi \u00e7ekiyor. Haliyle g\u00fcn\u00fcm\u00fcz insan\u0131 ba\u015fta okulda ve i\u015f d\u00fcnyas\u0131nda olmak \u00fczere ya\u015fam\u0131n her alan\u0131nda beynini daha iyi kullanmak zorundad\u0131r. Bizler de anne babalar olarak \u00e7ocuklar\u0131m\u0131z\u0131 kendi ayaklar\u0131 \u00fcst\u00fcnde dimdik durabilecekleri g\u00fc\u00e7te, zek\u00e2 kabiliyetinde yeti\u015ftirmeliyiz. \u00c7ocuklar\u0131m\u0131z daha do\u011fmadan onlar\u0131n daha zeki olabilmeleri i\u00e7in yapabilece\u011fimiz \u00e7ok \u015fey var. Bir\u00e7ok insan, v\u00fccut geli\u015ftirme egzersizleriyle v\u00fccut kaslar\u0131n\u0131n geli\u015febilece\u011fini, bu sayede kendi a\u011f\u0131rl\u0131\u011f\u0131n\u0131n iki &#8211; \u00fc\u00e7 kat\u0131n\u0131 kald\u0131r\u0131labilece\u011fini bilir. Peki, beyin de t\u0131pk\u0131 kol ve bacak kaslar\u0131m\u0131z gibi egzersiz yapt\u0131k\u00e7a geli\u015femez mi? Elbette ki geli\u015fir, kitap boyunca bunun nas\u0131l yap\u0131laca\u011f\u0131n\u0131 birlikte g\u00f6rece\u011fiz. Unutmay\u0131n ki \u00e7ocuklar\u0131n\u0131z\u0131n zek\u00e2s\u0131n\u0131 geli\u015ftirirseniz, geleceklerini de geli\u015ftirmi\u015f olursunuz. Elinizdeki \u00e7al\u0131\u015fma her ne kadar zek\u00e2 geli\u015fimi \u00fczerine yaz\u0131lm\u0131\u015f olsa da \u00f6zg\u00fcven kazand\u0131rma, sorumluluk duygusu, dikkat geli\u015ftirme, s\u0131navlara haz\u0131rl\u0131k, haf\u0131za e\u011fitimi gibi anne &#8211; babalar\u0131n ve \u00e7ocuklar\u0131n en \u00e7ok zorland\u0131klar\u0131, en \u00e7ok yard\u0131m arad\u0131klar\u0131 konular hakk\u0131nda da anahtar de\u011ferinde bilgiler vermektedir. <\/p>\n","protected":false},"excerpt":{"rendered":"<p>\u00c7ocu\u011funuza \u00d6zg\u00fcven kazand\u0131rma, sorumluluk duygusu,kendi ayaklar\u0131 \u00fczerinde durabilme ,dikkat geli\u015ftirme, s\u0131navlara haz\u0131rl\u0131k, haf\u0131za e\u011fitimi, zihin egzersizleri, zeka geli\u015fimi konular\u0131nda rehber eser Bir s\u0131nav esnas\u0131nda Einstein\u2019in asistan\u0131<span class=\"excerpt-hellip\"> [\u2026]<\/span><\/p>\n","protected":false},"featured_media":0,"template":"","meta":{"_monsterinsights_skip_tracking":false,"_monsterinsights_sitenote_active":false,"_monsterinsights_sitenote_note":"","_monsterinsights_sitenote_category":0},"product_brand":[],"product_cat":[17996,12364],"product_tag":[],"class_list":{"0":"post-698723","1":"product","2":"type-product","3":"status-publish","5":"product_cat-ebeveyn-kitaplari","6":"product_cat-genel-konular","7":"pa_cilt-ciltsiz","8":"pa_tur-kitap","9":"pa_yayinevi-hayat-yayinlari","10":"pa_yazar-erdinc-gullu","12":"first","13":"instock","14":"sale","15":"shipping-taxable","16":"purchasable","17":"product-type-simple"},"_links":{"self":[{"href":"https:\/\/roveyayinevi.com.tr\/index.php\/wp-json\/wp\/v2\/product\/698723","targetHints":{"allow":["GET"]}}],"collection":[{"href":"https:\/\/roveyayinevi.com.tr\/index.php\/wp-json\/wp\/v2\/product"}],"about":[{"href":"https:\/\/roveyayinevi.com.tr\/index.php\/wp-json\/wp\/v2\/types\/product"}],"wp:attachment":[{"href":"https:\/\/roveyayinevi.com.tr\/index.php\/wp-json\/wp\/v2\/media?parent=698723"}],"wp:term":[{"taxonomy":"product_brand","embeddable":true,"href":"https:\/\/roveyayinevi.com.tr\/index.php\/wp-json\/wp\/v2\/product_brand?post=698723"},{"taxonomy":"product_cat","embeddable":true,"href":"https:\/\/roveyayinevi.com.tr\/index.php\/wp-json\/wp\/v2\/product_cat?post=698723"},{"taxonomy":"product_tag","embeddable":true,"href":"https:\/\/roveyayinevi.com.tr\/index.php\/wp-json\/wp\/v2\/product_tag?post=698723"}],"curies":[{"name":"wp","href":"https:\/\/api.w.org\/{rel}","templated":true}]}}