{"id":698714,"date":"2025-08-27T14:46:56","date_gmt":"2025-08-27T11:46:56","guid":{"rendered":"https:\/\/roveyayinevi.com.tr\/index.php\/urun\/kendi-hayatinin-siirini-yazanlar\/"},"modified":"2026-04-16T02:08:16","modified_gmt":"2026-04-15T23:08:16","slug":"kendi-hayatinin-siirini-yazanlar","status":"publish","type":"product","link":"https:\/\/roveyayinevi.com.tr\/index.php\/urun\/kendi-hayatinin-siirini-yazanlar\/","title":{"rendered":"Kendi Hayat\u0131n\u0131n \u015eiirini Yazanlar"},"content":{"rendered":"<p>Stefan Zweig, Kendi Hayat\u0131n\u0131n \u015eiirini Yazanlar\u2019da pek \u00e7ok a\u00e7\u0131dan birbirinden farkl\u0131 \u00fc\u00e7 yazar\u0131n, Casanova, Stendhal ve Tolstoy\u2019un hik\u00e2yesini anlat\u0131yor. Bu \u00fc\u00e7 farkl\u0131 \u015fahsiyetin ya\u015famlar\u0131n\u0131 biyografik, duygusal, felsefi ve insani bir y\u00f6nden g\u00f6zlemliyor. \ufffc<\/p>\n","protected":false},"excerpt":{"rendered":"<p>Stefan Zweig, Kendi Hayat\u0131n\u0131n \u015eiirini Yazanlar\u2019da pek \u00e7ok a\u00e7\u0131dan birbirinden farkl\u0131 \u00fc\u00e7 yazar\u0131n, Casanova, Stendhal ve Tolstoy\u2019un hik\u00e2yesini anlat\u0131yor. Bu \u00fc\u00e7 farkl\u0131 \u015fahsiyetin ya\u015famlar\u0131n\u0131 biyografik, duygusal,<span class=\"excerpt-hellip\"> [\u2026]<\/span><\/p>\n","protected":false},"featured_media":0,"template":"","meta":{"_monsterinsights_skip_tracking":false,"_monsterinsights_sitenote_active":false,"_monsterinsights_sitenote_note":"","_monsterinsights_sitenote_category":0},"product_brand":[],"product_cat":[13946,12304],"product_tag":[],"class_list":{"0":"post-698714","1":"product","2":"type-product","3":"status-publish","5":"product_cat-biyografi-otobiyografi","6":"product_cat-tarih","7":"pa_cilt-ciltsiz","8":"pa_tur-kitap","9":"pa_yayinevi-is-bankasi-kultur-yayinlari","10":"pa_yazar-stefan-zweig","12":"first","13":"instock","14":"sale","15":"shipping-taxable","16":"purchasable","17":"product-type-simple"},"_links":{"self":[{"href":"https:\/\/roveyayinevi.com.tr\/index.php\/wp-json\/wp\/v2\/product\/698714","targetHints":{"allow":["GET"]}}],"collection":[{"href":"https:\/\/roveyayinevi.com.tr\/index.php\/wp-json\/wp\/v2\/product"}],"about":[{"href":"https:\/\/roveyayinevi.com.tr\/index.php\/wp-json\/wp\/v2\/types\/product"}],"wp:attachment":[{"href":"https:\/\/roveyayinevi.com.tr\/index.php\/wp-json\/wp\/v2\/media?parent=698714"}],"wp:term":[{"taxonomy":"product_brand","embeddable":true,"href":"https:\/\/roveyayinevi.com.tr\/index.php\/wp-json\/wp\/v2\/product_brand?post=698714"},{"taxonomy":"product_cat","embeddable":true,"href":"https:\/\/roveyayinevi.com.tr\/index.php\/wp-json\/wp\/v2\/product_cat?post=698714"},{"taxonomy":"product_tag","embeddable":true,"href":"https:\/\/roveyayinevi.com.tr\/index.php\/wp-json\/wp\/v2\/product_tag?post=698714"}],"curies":[{"name":"wp","href":"https:\/\/api.w.org\/{rel}","templated":true}]}}