{"id":698696,"date":"2025-08-27T14:46:50","date_gmt":"2025-08-27T11:46:50","guid":{"rendered":"https:\/\/roveyayinevi.com.tr\/index.php\/urun\/lanetli\/"},"modified":"2026-04-16T02:08:16","modified_gmt":"2026-04-15T23:08:16","slug":"lanetli","status":"publish","type":"product","link":"https:\/\/roveyayinevi.com.tr\/index.php\/urun\/lanetli\/","title":{"rendered":"Lanetli"},"content":{"rendered":"<p>Orada m\u0131s\u0131n, \u015eeytan? Benim ben, Madison. \u015eimdi geldim buraya, Cehennem\u2019e; ve belki de a\u015f\u0131r\u0131 doz marihuanadan \u00f6lmek d\u0131\u015f\u0131nda hi\u00e7bir \u015fey benim hatam de\u011fil. Belki de \u015fi\u015fman\u2026 ger\u00e7ek bir domuzcuk oldu-\u011fum i\u00e7in d\u00fc\u015ft\u00fcm Cehennem\u2019e. Kendine sayg\u0131n yeterli olmad\u0131\u011f\u0131 i\u00e7in Cehennem\u2019e gidilebiliyor mu bilmiyorum ama ben bu y\u00fczden buraday\u0131m. Ke\u015fke yalan s\u00f6yle-yip, sar\u0131 sa\u00e7lar\u0131m ve iri g\u00f6\u011f\u00fcslerimle bir deri bir kemik oldu\u011fumu anlatabilseydim sana. \u0130nan bana, \u015fi\u015fma-n\u0131m ama \u00e7ok iyi nedenlerim var bunun i\u00e7in.\u00d6nce kendimi takdim edeyim\u2026 <\/p>\n","protected":false},"excerpt":{"rendered":"<p>Orada m\u0131s\u0131n, \u015eeytan? Benim ben, Madison. \u015eimdi geldim buraya, Cehennem\u2019e; ve belki de a\u015f\u0131r\u0131 doz marihuanadan \u00f6lmek d\u0131\u015f\u0131nda hi\u00e7bir \u015fey benim hatam de\u011fil. Belki de \u015fi\u015fman\u2026<span class=\"excerpt-hellip\"> [\u2026]<\/span><\/p>\n","protected":false},"featured_media":0,"template":"","meta":{"_monsterinsights_skip_tracking":false,"_monsterinsights_sitenote_active":false,"_monsterinsights_sitenote_note":"","_monsterinsights_sitenote_category":0},"product_brand":[],"product_cat":[12291,12711],"product_tag":[],"class_list":{"0":"post-698696","1":"product","2":"type-product","3":"status-publish","5":"product_cat-edebiyat","6":"product_cat-roman-oyku","7":"pa_cilt-ciltsiz","8":"pa_tur-kitap","9":"pa_yayinevi-ayrinti-yayinlari","10":"pa_yazar-chuck-palahniuk","12":"first","13":"instock","14":"sale","15":"shipping-taxable","16":"purchasable","17":"product-type-simple"},"_links":{"self":[{"href":"https:\/\/roveyayinevi.com.tr\/index.php\/wp-json\/wp\/v2\/product\/698696","targetHints":{"allow":["GET"]}}],"collection":[{"href":"https:\/\/roveyayinevi.com.tr\/index.php\/wp-json\/wp\/v2\/product"}],"about":[{"href":"https:\/\/roveyayinevi.com.tr\/index.php\/wp-json\/wp\/v2\/types\/product"}],"wp:attachment":[{"href":"https:\/\/roveyayinevi.com.tr\/index.php\/wp-json\/wp\/v2\/media?parent=698696"}],"wp:term":[{"taxonomy":"product_brand","embeddable":true,"href":"https:\/\/roveyayinevi.com.tr\/index.php\/wp-json\/wp\/v2\/product_brand?post=698696"},{"taxonomy":"product_cat","embeddable":true,"href":"https:\/\/roveyayinevi.com.tr\/index.php\/wp-json\/wp\/v2\/product_cat?post=698696"},{"taxonomy":"product_tag","embeddable":true,"href":"https:\/\/roveyayinevi.com.tr\/index.php\/wp-json\/wp\/v2\/product_tag?post=698696"}],"curies":[{"name":"wp","href":"https:\/\/api.w.org\/{rel}","templated":true}]}}