{"id":698695,"date":"2025-08-27T14:46:50","date_gmt":"2025-08-27T11:46:50","guid":{"rendered":"https:\/\/roveyayinevi.com.tr\/index.php\/urun\/kentlesmenin-toplumsal-boyutlari\/"},"modified":"2026-01-29T02:14:48","modified_gmt":"2026-01-28T23:14:48","slug":"kentlesmenin-toplumsal-boyutlari","status":"publish","type":"product","link":"https:\/\/roveyayinevi.com.tr\/index.php\/urun\/kentlesmenin-toplumsal-boyutlari\/","title":{"rendered":"Kentle\u015fmenin Toplumsal Boyutlar\u0131"},"content":{"rendered":"<p>Kentle\u015fme, sadece insanlar\u0131n mek\u00e2nsal yer de\u011fi\u015ftirmesi veya bir n\u00fcfus birikimi de\u011fildir. Kentin, kendisi ba\u015fl\u0131 ba\u015f\u0131na toplumsal bir \u00f6zellik ta\u015f\u0131r. Kentte ya\u015fayan insanlar\u0131n bar\u0131nma, ya\u015fam\u0131n\u0131 s\u00fcrd\u00fcrme, e\u011fitim, sa\u011fl\u0131k ve sosyal g\u00fcvenlik gibi hizmetlerden yararlanmalar\u0131 ve de kente ili\u015fkin bir tak\u0131m davran\u0131\u015flar\u0131 kazanmalar\u0131 bu toplumsall\u0131\u011f\u0131n boyutlar\u0131n\u0131 olu\u015fturur. G\u00fcneydo\u011fu Anadolu gibi azgeli\u015fmi\u015f bir b\u00f6lgenin kenti olan Ad\u0131yaman&#8217;da, h\u0131zl\u0131 ve \u00e7arp\u0131k bir kentle\u015fme s\u00fcreci ya\u015fanmaktad\u0131r. Elinizdeki bu \u00e7al\u0131\u015fma, Ad\u0131yaman&#8217;daki kentle\u015fme s\u00fcrecini sosyolojik bir bak\u0131\u015f a\u00e7\u0131s\u0131yla analiz etmektedir. Saha ara\u015ft\u0131rmas\u0131n\u0131n verilerine dayanan bu eser, Ad\u0131yaman kenti \u00fczerine ger\u00e7ekle\u015ftirilen kapsaml\u0131 ilk \u00e7al\u0131\u015fmad\u0131r. <\/p>\n","protected":false},"excerpt":{"rendered":"<p>Kentle\u015fme, sadece insanlar\u0131n mek\u00e2nsal yer de\u011fi\u015ftirmesi veya bir n\u00fcfus birikimi de\u011fildir. Kentin, kendisi ba\u015fl\u0131 ba\u015f\u0131na toplumsal bir \u00f6zellik ta\u015f\u0131r. Kentte ya\u015fayan insanlar\u0131n bar\u0131nma, ya\u015fam\u0131n\u0131 s\u00fcrd\u00fcrme, e\u011fitim,<span class=\"excerpt-hellip\"> [\u2026]<\/span><\/p>\n","protected":false},"featured_media":0,"template":"","meta":{"_monsterinsights_skip_tracking":false,"_monsterinsights_sitenote_active":false,"_monsterinsights_sitenote_note":"","_monsterinsights_sitenote_category":0},"product_brand":[],"product_cat":[12364],"product_tag":[],"class_list":{"0":"post-698695","1":"product","2":"type-product","3":"status-publish","5":"product_cat-genel-konular","6":"pa_cilt-ciltsiz","7":"pa_tur-kitap","8":"pa_yayinevi-utopya-yayinevi","9":"pa_yazar-gazanfer-kaya","11":"first","12":"instock","13":"sale","14":"shipping-taxable","15":"purchasable","16":"product-type-simple"},"_links":{"self":[{"href":"https:\/\/roveyayinevi.com.tr\/index.php\/wp-json\/wp\/v2\/product\/698695","targetHints":{"allow":["GET"]}}],"collection":[{"href":"https:\/\/roveyayinevi.com.tr\/index.php\/wp-json\/wp\/v2\/product"}],"about":[{"href":"https:\/\/roveyayinevi.com.tr\/index.php\/wp-json\/wp\/v2\/types\/product"}],"wp:attachment":[{"href":"https:\/\/roveyayinevi.com.tr\/index.php\/wp-json\/wp\/v2\/media?parent=698695"}],"wp:term":[{"taxonomy":"product_brand","embeddable":true,"href":"https:\/\/roveyayinevi.com.tr\/index.php\/wp-json\/wp\/v2\/product_brand?post=698695"},{"taxonomy":"product_cat","embeddable":true,"href":"https:\/\/roveyayinevi.com.tr\/index.php\/wp-json\/wp\/v2\/product_cat?post=698695"},{"taxonomy":"product_tag","embeddable":true,"href":"https:\/\/roveyayinevi.com.tr\/index.php\/wp-json\/wp\/v2\/product_tag?post=698695"}],"curies":[{"name":"wp","href":"https:\/\/api.w.org\/{rel}","templated":true}]}}