{"id":698694,"date":"2025-08-27T14:46:50","date_gmt":"2025-08-27T11:46:50","guid":{"rendered":"https:\/\/roveyayinevi.com.tr\/index.php\/urun\/siir-terapi-teori-ve-pratik\/"},"modified":"2026-04-16T02:08:16","modified_gmt":"2026-04-15T23:08:16","slug":"siir-terapi-teori-ve-pratik","status":"publish","type":"product","link":"https:\/\/roveyayinevi.com.tr\/index.php\/urun\/siir-terapi-teori-ve-pratik\/","title":{"rendered":"\u015eiir Terapi &#8211; Teori ve Pratik"},"content":{"rendered":"<p>\u0130yi se\u00e7ilmi\u015f bir antoloji, s\u0131k rastlanan ruhsal s\u0131k\u0131nt\u0131lar i\u00e7in m\u00fckemmel bir dispanserdir. Tedavi edici olmas\u0131n\u0131n yan\u0131 s\u0131ra \u00f6nleyici de olabilir. <\/p>\n","protected":false},"excerpt":{"rendered":"<p>\u0130yi se\u00e7ilmi\u015f bir antoloji, s\u0131k rastlanan ruhsal s\u0131k\u0131nt\u0131lar i\u00e7in m\u00fckemmel bir dispanserdir. Tedavi edici olmas\u0131n\u0131n yan\u0131 s\u0131ra \u00f6nleyici de olabilir.<\/p>\n","protected":false},"featured_media":0,"template":"","meta":{"_monsterinsights_skip_tracking":false,"_monsterinsights_sitenote_active":false,"_monsterinsights_sitenote_note":"","_monsterinsights_sitenote_category":0},"product_brand":[],"product_cat":[14787,13488],"product_tag":[],"class_list":{"0":"post-698694","1":"product","2":"type-product","3":"status-publish","5":"product_cat-diger-toplum-ve-insan","6":"product_cat-toplum-ve-insan","7":"pa_tur-kitap","8":"pa_yayinevi-okuyan-us-yayin","9":"pa_yazar-nicholas-mazza","11":"first","12":"instock","13":"sale","14":"shipping-taxable","15":"purchasable","16":"product-type-simple"},"_links":{"self":[{"href":"https:\/\/roveyayinevi.com.tr\/index.php\/wp-json\/wp\/v2\/product\/698694","targetHints":{"allow":["GET"]}}],"collection":[{"href":"https:\/\/roveyayinevi.com.tr\/index.php\/wp-json\/wp\/v2\/product"}],"about":[{"href":"https:\/\/roveyayinevi.com.tr\/index.php\/wp-json\/wp\/v2\/types\/product"}],"wp:attachment":[{"href":"https:\/\/roveyayinevi.com.tr\/index.php\/wp-json\/wp\/v2\/media?parent=698694"}],"wp:term":[{"taxonomy":"product_brand","embeddable":true,"href":"https:\/\/roveyayinevi.com.tr\/index.php\/wp-json\/wp\/v2\/product_brand?post=698694"},{"taxonomy":"product_cat","embeddable":true,"href":"https:\/\/roveyayinevi.com.tr\/index.php\/wp-json\/wp\/v2\/product_cat?post=698694"},{"taxonomy":"product_tag","embeddable":true,"href":"https:\/\/roveyayinevi.com.tr\/index.php\/wp-json\/wp\/v2\/product_tag?post=698694"}],"curies":[{"name":"wp","href":"https:\/\/api.w.org\/{rel}","templated":true}]}}