{"id":698692,"date":"2025-08-27T14:46:49","date_gmt":"2025-08-27T11:46:49","guid":{"rendered":"https:\/\/roveyayinevi.com.tr\/index.php\/urun\/dunyayi-ogreniyorum-arkadasim-astronot\/"},"modified":"2026-04-16T02:08:16","modified_gmt":"2026-04-15T23:08:16","slug":"dunyayi-ogreniyorum-arkadasim-astronot","status":"publish","type":"product","link":"https:\/\/roveyayinevi.com.tr\/index.php\/urun\/dunyayi-ogreniyorum-arkadasim-astronot\/","title":{"rendered":"D\u00fcnyay\u0131 \u00d6\u011freniyorum &#8211; Arkada\u015f\u0131m Astronot"},"content":{"rendered":"<p>Uzaya \u00e7\u0131k\u0131p, Evren&#8217;in ke\u015ffinde \u00e7al\u0131\u015fmak harika bir i\u015f gibi g\u00f6r\u00fcn\u00fcyor. Ancak astronot olmak filmlerde g\u00f6r\u00fcnd\u00fc\u011f\u00fc kadar kolay de\u011fildir. Yer \u00e7ekimi ve hava olmayan bir ortamda, k\u00fc\u00e7\u00fck bir arac\u0131n i\u00e7inde birka\u00e7 g\u00fcn ge\u00e7irmeyi ba\u015farmak i\u00e7in bile \u00e7ok uzun bir e\u011fitim gerekir. \u00c7ok zor olmas\u0131na kar\u015f\u0131n, d\u00fcnya \u00fczerindeki en ilgi \u00e7ekici mesleklerden biri astronotluktur. Hadi gidip uzay adamlar\u0131n\u0131n nas\u0131l \u00e7al\u0131\u015ft\u0131klar\u0131n\u0131 g\u00f6relim. <\/p>\n","protected":false},"excerpt":{"rendered":"<p>Uzaya \u00e7\u0131k\u0131p, Evren&#8217;in ke\u015ffinde \u00e7al\u0131\u015fmak harika bir i\u015f gibi g\u00f6r\u00fcn\u00fcyor. Ancak astronot olmak filmlerde g\u00f6r\u00fcnd\u00fc\u011f\u00fc kadar kolay de\u011fildir. Yer \u00e7ekimi ve hava olmayan bir ortamda, k\u00fc\u00e7\u00fck<span class=\"excerpt-hellip\"> [\u2026]<\/span><\/p>\n","protected":false},"featured_media":0,"template":"","meta":{"_monsterinsights_skip_tracking":false,"_monsterinsights_sitenote_active":false,"_monsterinsights_sitenote_note":"","_monsterinsights_sitenote_category":0},"product_brand":[],"product_cat":[12274,12284],"product_tag":[],"class_list":{"0":"post-698692","1":"product","2":"type-product","3":"status-publish","5":"product_cat-cocuk-ve-genclik-kitaplari","6":"product_cat-hikayeler","7":"pa_cilt-ciltsiz","8":"pa_tur-kitap","9":"pa_yayinevi-is-bankasi-kultur-yayinlari","10":"pa_yazar-ralf-butschkow","12":"first","13":"instock","14":"sale","15":"shipping-taxable","16":"purchasable","17":"product-type-simple"},"_links":{"self":[{"href":"https:\/\/roveyayinevi.com.tr\/index.php\/wp-json\/wp\/v2\/product\/698692","targetHints":{"allow":["GET"]}}],"collection":[{"href":"https:\/\/roveyayinevi.com.tr\/index.php\/wp-json\/wp\/v2\/product"}],"about":[{"href":"https:\/\/roveyayinevi.com.tr\/index.php\/wp-json\/wp\/v2\/types\/product"}],"wp:attachment":[{"href":"https:\/\/roveyayinevi.com.tr\/index.php\/wp-json\/wp\/v2\/media?parent=698692"}],"wp:term":[{"taxonomy":"product_brand","embeddable":true,"href":"https:\/\/roveyayinevi.com.tr\/index.php\/wp-json\/wp\/v2\/product_brand?post=698692"},{"taxonomy":"product_cat","embeddable":true,"href":"https:\/\/roveyayinevi.com.tr\/index.php\/wp-json\/wp\/v2\/product_cat?post=698692"},{"taxonomy":"product_tag","embeddable":true,"href":"https:\/\/roveyayinevi.com.tr\/index.php\/wp-json\/wp\/v2\/product_tag?post=698692"}],"curies":[{"name":"wp","href":"https:\/\/api.w.org\/{rel}","templated":true}]}}