{"id":698689,"date":"2025-08-27T14:46:49","date_gmt":"2025-08-27T11:46:49","guid":{"rendered":"https:\/\/roveyayinevi.com.tr\/index.php\/urun\/kulturdeki-huzursuzluk\/"},"modified":"2026-04-16T02:08:16","modified_gmt":"2026-04-15T23:08:16","slug":"kulturdeki-huzursuzluk","status":"publish","type":"product","link":"https:\/\/roveyayinevi.com.tr\/index.php\/urun\/kulturdeki-huzursuzluk\/","title":{"rendered":"K\u00fclt\u00fcrdeki Huzursuzluk"},"content":{"rendered":"<p>\u201c\u0130nsan t\u00fcr\u00fcn\u00fcn kader sorusu, k\u00fclt\u00fcr\u00fcn\u00fcn geli\u015fmesinin, insanlar\u0131n bir arada ya\u015famalar\u0131ndan kaynaklanan sald\u0131rganl\u0131k ve kendini imha etme d\u00fcrt\u00fcs\u00fcne hakim olmas\u0131n\u0131n m\u00fcmk\u00fcn olup olamayaca\u011f\u0131 ve olursa, bunun ne \u00f6l\u00e7\u00fclerde m\u00fcmk\u00fcn olaca\u011f\u0131 sorusuymu\u015f gibi geliyor bana. Bu ba\u011flamda belki de tam da i\u00e7inde bulundu\u011fumuz d\u00f6nem \u00f6zel bir ilgiyi hak ediyor. \u0130nsanlar \u015fu noktada, do\u011fa g\u00fc\u00e7lerine hakim olarak bu g\u00fc\u00e7lerin yard\u0131m\u0131yla birbirlerinin k\u00f6k\u00fcn\u00fc son insana kadar kaz\u0131makta hi\u00e7 de zorlanmayacak hale geldiler. Bunun fark\u0131ndalar, g\u00fcn\u00fcm\u00fczdeki huzursuzluklar\u0131n\u0131n, tedirginliklerinin, mutsuzluklar\u0131n\u0131n, endi\u015feli hallerinin hat\u0131r\u0131 say\u0131l\u0131r bir k\u0131sm\u0131 buradan kaynaklan\u0131yor.\u201d \ufffc<\/p>\n","protected":false},"excerpt":{"rendered":"<p>\u201c\u0130nsan t\u00fcr\u00fcn\u00fcn kader sorusu, k\u00fclt\u00fcr\u00fcn\u00fcn geli\u015fmesinin, insanlar\u0131n bir arada ya\u015famalar\u0131ndan kaynaklanan sald\u0131rganl\u0131k ve kendini imha etme d\u00fcrt\u00fcs\u00fcne hakim olmas\u0131n\u0131n m\u00fcmk\u00fcn olup olamayaca\u011f\u0131 ve olursa, bunun ne<span class=\"excerpt-hellip\"> [\u2026]<\/span><\/p>\n","protected":false},"featured_media":0,"template":"","meta":{"_monsterinsights_skip_tracking":false,"_monsterinsights_sitenote_active":false,"_monsterinsights_sitenote_note":"","_monsterinsights_sitenote_category":0},"product_brand":[],"product_cat":[12358,12357],"product_tag":[],"class_list":{"0":"post-698689","1":"product","2":"type-product","3":"status-publish","5":"product_cat-genel-psikoloji","6":"product_cat-psikoloji","7":"pa_cilt-ciltsiz","8":"pa_tur-kitap","9":"pa_yayinevi-say-yayinlari","10":"pa_yazar-sigmund-freud","12":"first","13":"instock","14":"sale","15":"shipping-taxable","16":"purchasable","17":"product-type-simple"},"_links":{"self":[{"href":"https:\/\/roveyayinevi.com.tr\/index.php\/wp-json\/wp\/v2\/product\/698689","targetHints":{"allow":["GET"]}}],"collection":[{"href":"https:\/\/roveyayinevi.com.tr\/index.php\/wp-json\/wp\/v2\/product"}],"about":[{"href":"https:\/\/roveyayinevi.com.tr\/index.php\/wp-json\/wp\/v2\/types\/product"}],"wp:attachment":[{"href":"https:\/\/roveyayinevi.com.tr\/index.php\/wp-json\/wp\/v2\/media?parent=698689"}],"wp:term":[{"taxonomy":"product_brand","embeddable":true,"href":"https:\/\/roveyayinevi.com.tr\/index.php\/wp-json\/wp\/v2\/product_brand?post=698689"},{"taxonomy":"product_cat","embeddable":true,"href":"https:\/\/roveyayinevi.com.tr\/index.php\/wp-json\/wp\/v2\/product_cat?post=698689"},{"taxonomy":"product_tag","embeddable":true,"href":"https:\/\/roveyayinevi.com.tr\/index.php\/wp-json\/wp\/v2\/product_tag?post=698689"}],"curies":[{"name":"wp","href":"https:\/\/api.w.org\/{rel}","templated":true}]}}