{"id":698688,"date":"2025-08-27T14:46:48","date_gmt":"2025-08-27T11:46:48","guid":{"rendered":"https:\/\/roveyayinevi.com.tr\/index.php\/urun\/kucuk-hippias\/"},"modified":"2026-04-16T02:08:16","modified_gmt":"2026-04-15T23:08:16","slug":"kucuk-hippias","status":"publish","type":"product","link":"https:\/\/roveyayinevi.com.tr\/index.php\/urun\/kucuk-hippias\/","title":{"rendered":"K\u00fc\u00e7\u00fck Hippias"},"content":{"rendered":"<p>Platon, hi\u00e7 ku\u015fku yok ki d\u00fc\u015f\u00fcnce tarihinin en \u00f6nemli ve etkili filozoflar\u0131ndan biridir. Felsefenin kurumsalla\u015fmas\u0131na ve felsefede yaz\u0131l\u0131 gelene\u011fin olu\u015fmas\u0131na katk\u0131da bulunmu\u015f, iki d\u00fcnyal\u0131 metafizi\u011fiyle b\u00fct\u00fcn bir Orta\u00e7a\u011f d\u00fc\u015f\u00fcncesini belirleyecek olan idealist felsefe gelene\u011finin ba\u015flat\u0131c\u0131s\u0131 olmu\u015ftur. H\u0131ristiyan Orta\u00e7a\u011f felsefesine ve islam d\u00fc\u015f\u00fcncesine etkisi bak\u0131m\u0131ndan da ayr\u0131ca \u00f6nem ta\u015f\u0131yan Platon, d\u00fc\u015f\u00fcnce tarihi boyunca tart\u0131\u015f\u0131lan t\u00fcm problemleri y\u00fczlerce y\u0131l \u00f6ncesinden ele alm\u0131\u015f ve ilk b\u00fcy\u00fck felsefi sistemi in\u015fa etmi\u015ftir.Platon\u2019un gen\u00e7lik diyaloglar\u0131ndan birisi olan K\u00fc\u00e7\u00fck Hippias\u2019\u0131n ana konusu bilerek mi yoksa bilmeden mi k\u00f6t\u00fcl\u00fck, adaletsizlik, haks\u0131zl\u0131k yapman\u0131n daha iyi oldu\u011fu dur. Platon, K\u00fc\u00e7\u00fck Hippias\u2019ta da hocas\u0131 Sokrates\u2019i tan\u0131tmak amac\u0131yla ele ald\u0131\u011f\u0131 di\u011fer Sokratik diyaloglarda oldu\u011fu gibi kendi g\u00f6r\u00fc\u015flerini ortaya koyar.Hitabet yetene\u011fi g\u00fc\u00e7l\u00fc, ikna sanat\u0131nda olduk\u00e7a ba\u015far\u0131l\u0131 olan ve Homeros\u2019a g\u00f6nderme yaparak d\u00fc\u015f\u00fcnd\u00fc\u011f\u00fcn\u00fc saklayan ve d\u00fc\u015f\u00fcnd\u00fc\u011f\u00fcnden farkl\u0131 \u015fekilde konu\u015fan bir insandan, Hades\u2019in kap\u0131lar\u0131 kadar nefret ederim diyen Hippias, Eudikos ve Sokrates diyalo\u011fun akt\u00f6rleridir. Bir konuda do\u011fru d\u00fcr\u00fcst yalan s\u00f6yleyebilmek i\u00e7in, konunun b\u00fct\u00fcn detaylar\u0131n\u0131n bilinmesi gerekti\u011fi, dolay\u0131s\u0131yla bilerek yalan s\u00f6yleyenin, bilmeden yalan s\u00f6yleyenden daha \u00fcst\u00fcn oldu\u011fu konusu diyalog boyunca Sokrates\u2019in erdem anlay\u0131\u015f\u0131yla \u00e7eli\u015fse de, sofist\u00e7e \u00e7\u00fcr\u00fctme nin ba\u015far\u0131l\u0131 \u00f6rneklerinden biri olarak yerini al\u0131r.<\/p>\n","protected":false},"excerpt":{"rendered":"<p>Platon, hi\u00e7 ku\u015fku yok ki d\u00fc\u015f\u00fcnce tarihinin en \u00f6nemli ve etkili filozoflar\u0131ndan biridir. Felsefenin kurumsalla\u015fmas\u0131na ve felsefede yaz\u0131l\u0131 gelene\u011fin olu\u015fmas\u0131na katk\u0131da bulunmu\u015f, iki d\u00fcnyal\u0131 metafizi\u011fiyle b\u00fct\u00fcn<span class=\"excerpt-hellip\"> [\u2026]<\/span><\/p>\n","protected":false},"featured_media":0,"template":"","meta":{"_monsterinsights_skip_tracking":false,"_monsterinsights_sitenote_active":false,"_monsterinsights_sitenote_note":"","_monsterinsights_sitenote_category":0},"product_brand":[],"product_cat":[12388,14717],"product_tag":[],"class_list":{"0":"post-698688","1":"product","2":"type-product","3":"status-publish","5":"product_cat-felsefe","6":"product_cat-felsefe-tarihi","7":"pa_cilt-ciltsiz","8":"pa_tur-kitap","9":"pa_yayinevi-say-yayinlari","10":"pa_yazar-platon-eflatun","12":"first","13":"instock","14":"sale","15":"shipping-taxable","16":"purchasable","17":"product-type-simple"},"_links":{"self":[{"href":"https:\/\/roveyayinevi.com.tr\/index.php\/wp-json\/wp\/v2\/product\/698688","targetHints":{"allow":["GET"]}}],"collection":[{"href":"https:\/\/roveyayinevi.com.tr\/index.php\/wp-json\/wp\/v2\/product"}],"about":[{"href":"https:\/\/roveyayinevi.com.tr\/index.php\/wp-json\/wp\/v2\/types\/product"}],"wp:attachment":[{"href":"https:\/\/roveyayinevi.com.tr\/index.php\/wp-json\/wp\/v2\/media?parent=698688"}],"wp:term":[{"taxonomy":"product_brand","embeddable":true,"href":"https:\/\/roveyayinevi.com.tr\/index.php\/wp-json\/wp\/v2\/product_brand?post=698688"},{"taxonomy":"product_cat","embeddable":true,"href":"https:\/\/roveyayinevi.com.tr\/index.php\/wp-json\/wp\/v2\/product_cat?post=698688"},{"taxonomy":"product_tag","embeddable":true,"href":"https:\/\/roveyayinevi.com.tr\/index.php\/wp-json\/wp\/v2\/product_tag?post=698688"}],"curies":[{"name":"wp","href":"https:\/\/api.w.org\/{rel}","templated":true}]}}