{"id":698687,"date":"2025-08-27T14:46:48","date_gmt":"2025-08-27T11:46:48","guid":{"rendered":"https:\/\/roveyayinevi.com.tr\/index.php\/urun\/kaderci-jacques-ve-efendisi\/"},"modified":"2026-04-16T02:08:16","modified_gmt":"2026-04-15T23:08:16","slug":"kaderci-jacques-ve-efendisi","status":"publish","type":"product","link":"https:\/\/roveyayinevi.com.tr\/index.php\/urun\/kaderci-jacques-ve-efendisi\/","title":{"rendered":"Kaderci Jacques ve Efendisi"},"content":{"rendered":"<p>Denis Diderot (1713-1784): Ayd\u0131nlanma d\u00f6neminin en \u00f6nemli yazar ve d\u00fc\u015f\u00fcn\u00fcrlerindendir. Encyclop\u00e9die\u2019nin yay\u0131n y\u00f6netmenli\u011fini \u00fcstlendi, yazd\u0131\u011f\u0131 edebi ve felsefi eserlerin yan\u0131 s\u0131ra ge\u00e7inmek i\u00e7in \u00e7eviriler yapt\u0131. Jacques ve efendisi aras\u0131nda ge\u00e7en felsefi konu\u015fmalardan olu\u015fan, Diderot\u2019nun ya\u015fad\u0131\u011f\u0131 d\u00f6nemde hen\u00fcz \u201cdeterminizm\u201d ismini almam\u0131\u015f olan \u201ckadercilik\u201d hakk\u0131ndaki bu eser de Diderot\u2019nun di\u011fer eserleri gibi zaman\u0131n\u0131n ilerisinde kabul edilebilecek felsefi sorgular i\u00e7erir. Bir \u201croman\u201d olmad\u0131\u011f\u0131 bizzat yazar\u0131 taraf\u0131ndan dile getirilse de Kaderci Jacques ve Efendisi t\u00fcr bak\u0131m\u0131ndan romana yak\u0131n dururken roman sanat\u0131n\u0131n \u00e7ok \u00f6nemli iki \u00f6rne\u011fi olan Tristram Shandy ve Don Quixote\u2019yi de selamlamaktad\u0131r. \ufffc<\/p>\n","protected":false},"excerpt":{"rendered":"<p>Denis Diderot (1713-1784): Ayd\u0131nlanma d\u00f6neminin en \u00f6nemli yazar ve d\u00fc\u015f\u00fcn\u00fcrlerindendir. Encyclop\u00e9die\u2019nin yay\u0131n y\u00f6netmenli\u011fini \u00fcstlendi, yazd\u0131\u011f\u0131 edebi ve felsefi eserlerin yan\u0131 s\u0131ra ge\u00e7inmek i\u00e7in \u00e7eviriler yapt\u0131. Jacques<span class=\"excerpt-hellip\"> [\u2026]<\/span><\/p>\n","protected":false},"featured_media":0,"template":"","meta":{"_monsterinsights_skip_tracking":false,"_monsterinsights_sitenote_active":false,"_monsterinsights_sitenote_note":"","_monsterinsights_sitenote_category":0},"product_brand":[],"product_cat":[13590,12337],"product_tag":[],"class_list":{"0":"post-698687","1":"product","2":"type-product","3":"status-publish","5":"product_cat-arastirma-inceleme-politika-siyaset","6":"product_cat-politika-siyaset","7":"pa_cilt-ciltsiz","8":"pa_tur-kitap","9":"pa_yayinevi-is-bankasi-kultur-yayinlari","10":"pa_yazar-denis-diderot","12":"first","13":"instock","14":"sale","15":"shipping-taxable","16":"purchasable","17":"product-type-simple"},"_links":{"self":[{"href":"https:\/\/roveyayinevi.com.tr\/index.php\/wp-json\/wp\/v2\/product\/698687","targetHints":{"allow":["GET"]}}],"collection":[{"href":"https:\/\/roveyayinevi.com.tr\/index.php\/wp-json\/wp\/v2\/product"}],"about":[{"href":"https:\/\/roveyayinevi.com.tr\/index.php\/wp-json\/wp\/v2\/types\/product"}],"wp:attachment":[{"href":"https:\/\/roveyayinevi.com.tr\/index.php\/wp-json\/wp\/v2\/media?parent=698687"}],"wp:term":[{"taxonomy":"product_brand","embeddable":true,"href":"https:\/\/roveyayinevi.com.tr\/index.php\/wp-json\/wp\/v2\/product_brand?post=698687"},{"taxonomy":"product_cat","embeddable":true,"href":"https:\/\/roveyayinevi.com.tr\/index.php\/wp-json\/wp\/v2\/product_cat?post=698687"},{"taxonomy":"product_tag","embeddable":true,"href":"https:\/\/roveyayinevi.com.tr\/index.php\/wp-json\/wp\/v2\/product_tag?post=698687"}],"curies":[{"name":"wp","href":"https:\/\/api.w.org\/{rel}","templated":true}]}}