{"id":698684,"date":"2025-08-27T14:46:47","date_gmt":"2025-08-27T11:46:47","guid":{"rendered":"https:\/\/roveyayinevi.com.tr\/index.php\/urun\/karikatur-hakkinda-ogrenmek-istediginiz-her-sey\/"},"modified":"2026-04-16T02:08:15","modified_gmt":"2026-04-15T23:08:15","slug":"karikatur-hakkinda-ogrenmek-istediginiz-her-sey","status":"publish","type":"product","link":"https:\/\/roveyayinevi.com.tr\/index.php\/urun\/karikatur-hakkinda-ogrenmek-istediginiz-her-sey\/","title":{"rendered":"Karikat\u00fcr Hakk\u0131nda \u00d6\u011frenmek \u0130stedi\u011finiz Her \u015eey"},"content":{"rendered":"<p>arikat\u00fcr \u00e7ok farkl\u0131 bir sanat tarz\u0131. Hem e\u011flenceli hem \u00f6\u011fretici. Karikat\u00fcr Hakk\u0131nda \u00d6\u011frenmek \u0130stedi\u011finiz Her \u015eey zihninizdeki hemen her soruya detayl\u0131 cevap veriyor. Martin Pope ba\u015far\u0131l\u0131 karikat\u00fcr \u00e7izmenin yollar\u0131n\u0131 b\u00fcy\u00fck bir ustal\u0131kla anlat\u0131yor. Kalem kullanma y\u00f6ntemlerinden en iyi hangi materyallerin kullan\u0131laca\u011f\u0131na kadar \u00f6nemli bilgiler bu kitapta yer al\u0131yor. Bu kitapta ayr\u0131ca \u015funlar\u0131 \u00f6\u011freneceksiniz: <\/p>\n","protected":false},"excerpt":{"rendered":"<p>arikat\u00fcr \u00e7ok farkl\u0131 bir sanat tarz\u0131. Hem e\u011flenceli hem \u00f6\u011fretici. Karikat\u00fcr Hakk\u0131nda \u00d6\u011frenmek \u0130stedi\u011finiz Her \u015eey zihninizdeki hemen her soruya detayl\u0131 cevap veriyor. Martin Pope ba\u015far\u0131l\u0131<span class=\"excerpt-hellip\"> [\u2026]<\/span><\/p>\n","protected":false},"featured_media":0,"template":"","meta":{"_monsterinsights_skip_tracking":false,"_monsterinsights_sitenote_active":false,"_monsterinsights_sitenote_note":"","_monsterinsights_sitenote_category":0},"product_brand":[],"product_cat":[12477,12364],"product_tag":[],"class_list":{"0":"post-698684","1":"product","2":"type-product","3":"status-publish","5":"product_cat-eglence-mizah","6":"product_cat-genel-konular","7":"pa_cilt-ciltsiz","8":"pa_tur-kitap","9":"pa_yayinevi-profil-kitap","10":"pa_yazar-martin-pope","12":"first","13":"instock","14":"sale","15":"shipping-taxable","16":"purchasable","17":"product-type-simple"},"_links":{"self":[{"href":"https:\/\/roveyayinevi.com.tr\/index.php\/wp-json\/wp\/v2\/product\/698684","targetHints":{"allow":["GET"]}}],"collection":[{"href":"https:\/\/roveyayinevi.com.tr\/index.php\/wp-json\/wp\/v2\/product"}],"about":[{"href":"https:\/\/roveyayinevi.com.tr\/index.php\/wp-json\/wp\/v2\/types\/product"}],"wp:attachment":[{"href":"https:\/\/roveyayinevi.com.tr\/index.php\/wp-json\/wp\/v2\/media?parent=698684"}],"wp:term":[{"taxonomy":"product_brand","embeddable":true,"href":"https:\/\/roveyayinevi.com.tr\/index.php\/wp-json\/wp\/v2\/product_brand?post=698684"},{"taxonomy":"product_cat","embeddable":true,"href":"https:\/\/roveyayinevi.com.tr\/index.php\/wp-json\/wp\/v2\/product_cat?post=698684"},{"taxonomy":"product_tag","embeddable":true,"href":"https:\/\/roveyayinevi.com.tr\/index.php\/wp-json\/wp\/v2\/product_tag?post=698684"}],"curies":[{"name":"wp","href":"https:\/\/api.w.org\/{rel}","templated":true}]}}