{"id":698678,"date":"2025-08-27T14:46:46","date_gmt":"2025-08-27T11:46:46","guid":{"rendered":"https:\/\/roveyayinevi.com.tr\/index.php\/urun\/dersimin-siyasi-tarihi\/"},"modified":"2026-04-16T02:08:15","modified_gmt":"2026-04-15T23:08:15","slug":"dersimin-siyasi-tarihi","status":"publish","type":"product","link":"https:\/\/roveyayinevi.com.tr\/index.php\/urun\/dersimin-siyasi-tarihi\/","title":{"rendered":"Dersim&#8217;in Siyasi Tarihi"},"content":{"rendered":"<p>Y\u0131l 1978, 12 Eyl\u00fcl\u2019e \u00e7eyrek kala Tunceliliyim (Dersimliyim) diyebildi\u011fim zamanlarda, sokaklarda ve caddelerde ola\u011fan(\u00fcst\u00fc) polis ve asker aramalar\u0131nda bir \u015feylerin gizlenemeyece\u011fini de anlad\u0131m. \u00c7\u00fcnk\u00fc kimli\u011fimde \u201cN\u00fcfusa Kay\u0131tl\u0131 Oldu\u011fu \u0130l: Tunceli\u201d <\/p>\n","protected":false},"excerpt":{"rendered":"<p>Y\u0131l 1978, 12 Eyl\u00fcl\u2019e \u00e7eyrek kala Tunceliliyim (Dersimliyim) diyebildi\u011fim zamanlarda, sokaklarda ve caddelerde ola\u011fan(\u00fcst\u00fc) polis ve asker aramalar\u0131nda bir \u015feylerin gizlenemeyece\u011fini de anlad\u0131m. \u00c7\u00fcnk\u00fc kimli\u011fimde \u201cN\u00fcfusa<span class=\"excerpt-hellip\"> [\u2026]<\/span><\/p>\n","protected":false},"featured_media":0,"template":"","meta":{"_monsterinsights_skip_tracking":false,"_monsterinsights_sitenote_active":false,"_monsterinsights_sitenote_note":"","_monsterinsights_sitenote_category":0},"product_brand":[],"product_cat":[12337,14706],"product_tag":[],"class_list":{"0":"post-698678","1":"product","2":"type-product","3":"status-publish","5":"product_cat-politika-siyaset","6":"product_cat-siyaset-bilimi","7":"pa_tur-kitap","8":"pa_yayinevi-kalkedon-yayincilik","9":"pa_yazar-ertugrul-danik","11":"first","12":"instock","13":"sale","14":"shipping-taxable","15":"purchasable","16":"product-type-simple"},"_links":{"self":[{"href":"https:\/\/roveyayinevi.com.tr\/index.php\/wp-json\/wp\/v2\/product\/698678","targetHints":{"allow":["GET"]}}],"collection":[{"href":"https:\/\/roveyayinevi.com.tr\/index.php\/wp-json\/wp\/v2\/product"}],"about":[{"href":"https:\/\/roveyayinevi.com.tr\/index.php\/wp-json\/wp\/v2\/types\/product"}],"wp:attachment":[{"href":"https:\/\/roveyayinevi.com.tr\/index.php\/wp-json\/wp\/v2\/media?parent=698678"}],"wp:term":[{"taxonomy":"product_brand","embeddable":true,"href":"https:\/\/roveyayinevi.com.tr\/index.php\/wp-json\/wp\/v2\/product_brand?post=698678"},{"taxonomy":"product_cat","embeddable":true,"href":"https:\/\/roveyayinevi.com.tr\/index.php\/wp-json\/wp\/v2\/product_cat?post=698678"},{"taxonomy":"product_tag","embeddable":true,"href":"https:\/\/roveyayinevi.com.tr\/index.php\/wp-json\/wp\/v2\/product_tag?post=698678"}],"curies":[{"name":"wp","href":"https:\/\/api.w.org\/{rel}","templated":true}]}}