{"id":698676,"date":"2025-08-27T14:46:45","date_gmt":"2025-08-27T11:46:45","guid":{"rendered":"https:\/\/roveyayinevi.com.tr\/index.php\/urun\/ihtiras-tutsagi\/"},"modified":"2026-04-16T02:08:15","modified_gmt":"2026-04-15T23:08:15","slug":"ihtiras-tutsagi","status":"publish","type":"product","link":"https:\/\/roveyayinevi.com.tr\/index.php\/urun\/ihtiras-tutsagi\/","title":{"rendered":"\u0130htiras Tutsa\u011f\u0131"},"content":{"rendered":"<p>Tutkunuz u\u011fruna neleri g\u00f6ze al\u0131rs\u0131n\u0131z?Kuzguni Sa\u00e7l\u0131, Ba\u015ftan \u00c7\u0131kar\u0131c\u0131 Bir Kad\u0131n&#8230; <\/p>\n","protected":false},"excerpt":{"rendered":"<p>Tutkunuz u\u011fruna neleri g\u00f6ze al\u0131rs\u0131n\u0131z?Kuzguni Sa\u00e7l\u0131, Ba\u015ftan \u00c7\u0131kar\u0131c\u0131 Bir Kad\u0131n&#8230;<\/p>\n","protected":false},"featured_media":0,"template":"","meta":{"_monsterinsights_skip_tracking":false,"_monsterinsights_sitenote_active":false,"_monsterinsights_sitenote_note":"","_monsterinsights_sitenote_category":0},"product_brand":[],"product_cat":[12291,12711],"product_tag":[],"class_list":{"0":"post-698676","1":"product","2":"type-product","3":"status-publish","5":"product_cat-edebiyat","6":"product_cat-roman-oyku","7":"pa_tur-kitap","8":"pa_yayinevi-pegasus-yayinlari","9":"pa_yazar-kresley-cole","11":"first","12":"instock","13":"sale","14":"shipping-taxable","15":"purchasable","16":"product-type-simple"},"_links":{"self":[{"href":"https:\/\/roveyayinevi.com.tr\/index.php\/wp-json\/wp\/v2\/product\/698676","targetHints":{"allow":["GET"]}}],"collection":[{"href":"https:\/\/roveyayinevi.com.tr\/index.php\/wp-json\/wp\/v2\/product"}],"about":[{"href":"https:\/\/roveyayinevi.com.tr\/index.php\/wp-json\/wp\/v2\/types\/product"}],"wp:attachment":[{"href":"https:\/\/roveyayinevi.com.tr\/index.php\/wp-json\/wp\/v2\/media?parent=698676"}],"wp:term":[{"taxonomy":"product_brand","embeddable":true,"href":"https:\/\/roveyayinevi.com.tr\/index.php\/wp-json\/wp\/v2\/product_brand?post=698676"},{"taxonomy":"product_cat","embeddable":true,"href":"https:\/\/roveyayinevi.com.tr\/index.php\/wp-json\/wp\/v2\/product_cat?post=698676"},{"taxonomy":"product_tag","embeddable":true,"href":"https:\/\/roveyayinevi.com.tr\/index.php\/wp-json\/wp\/v2\/product_tag?post=698676"}],"curies":[{"name":"wp","href":"https:\/\/api.w.org\/{rel}","templated":true}]}}