{"id":698672,"date":"2025-08-27T14:46:44","date_gmt":"2025-08-27T11:46:44","guid":{"rendered":"https:\/\/roveyayinevi.com.tr\/index.php\/urun\/iki-kule-yuzuklerin-efendisi-ii\/"},"modified":"2026-04-16T02:08:15","modified_gmt":"2026-04-15T23:08:15","slug":"iki-kule-yuzuklerin-efendisi-ii","status":"publish","type":"product","link":"https:\/\/roveyayinevi.com.tr\/index.php\/urun\/iki-kule-yuzuklerin-efendisi-ii\/","title":{"rendered":"\u0130ki Kule, Y\u00fcz\u00fcklerin Efendisi II"},"content":{"rendered":"<p>D\u00fcnya ikiye b\u00f6l\u00fcnm\u00fc\u015ft\u00fcr, denir Tolkien\u2019\u0131n yap\u0131t\u0131 s\u00f6z konusu oldu\u011funda: Y\u00fcz\u00fcklerin Efendisi\u2019ni okumu\u015f olanlar ve okuyacak olanlar: Art\u0131k T\u00fcrkiyeli okur da okumu\u015f olanlar taraf\u0131na ge\u00e7ebilecek! Y\u00fcz\u00fcklerin Efendisi son y\u00fczy\u0131l\u0131n en \u00e7ok okunan y\u00fcz kitab\u0131 aras\u0131nda en ba\u015fta geliyor; bilimkurgu, fantezi, polisiye, best-seller ya da ana ak\u0131m demeden, t\u00fcm edebiyat t\u00fcrleri aras\u0131nda tart\u0131\u015fmas\u0131z bir \u00f6nderli\u011fe sahip. Bir a\u00e7\u0131dan bakarsan\u0131z bir fantezi roman\u0131, ba\u015fka bir a\u00e7\u0131dan bakt\u0131\u011f\u0131n\u0131zda, insanl\u0131k durumu, sorumluluk, iktidar ve sava\u015f \u00fczerine bir roman. Bir yolculuk, bir b\u00fcy\u00fcme \u00f6yk\u00fcs\u00fc; fedakarl\u0131k ve dostluk \u00fczerine, h\u0131rs ve ihanet \u00fczerine bir roman. Bu ciltte Y\u00fcz\u00fck karde\u015fli\u011fi da\u011f\u0131l\u0131yor. Frodo ve Sam Y\u00fcz\u00fck\u2019le birlikte Mordor\u2019un kap\u0131lar\u0131ndan ge\u00e7meye \u00e7al\u0131\u015f\u0131rken yeni bir yol arkada\u015f\u0131 ediniyorlar. Orklara esir d\u00fc\u015fen Merry ve Pippin, Orta D\u00fcnya\u2019n\u0131n en eski \u0131rk\u0131yla tan\u0131\u015f\u0131yorlar. Aragorn, Gimli ve Legolas ise, Orta D\u00fcnya\u2019n\u0131n kaderini \u00e7izecek b\u00fcy\u00fck sava\u015flar\u0131n ilkine kat\u0131l\u0131yorlar&#8230; \ufffcTan\u0131t\u0131m Metni<\/p>\n","protected":false},"excerpt":{"rendered":"<p>D\u00fcnya ikiye b\u00f6l\u00fcnm\u00fc\u015ft\u00fcr, denir Tolkien\u2019\u0131n yap\u0131t\u0131 s\u00f6z konusu oldu\u011funda: Y\u00fcz\u00fcklerin Efendisi\u2019ni okumu\u015f olanlar ve okuyacak olanlar: Art\u0131k T\u00fcrkiyeli okur da okumu\u015f olanlar taraf\u0131na ge\u00e7ebilecek! Y\u00fcz\u00fcklerin Efendisi<span class=\"excerpt-hellip\"> [\u2026]<\/span><\/p>\n","protected":false},"featured_media":0,"template":"","meta":{"_monsterinsights_skip_tracking":false,"_monsterinsights_sitenote_active":false,"_monsterinsights_sitenote_note":"","_monsterinsights_sitenote_category":0},"product_brand":[],"product_cat":[12291,14777],"product_tag":[],"class_list":{"0":"post-698672","1":"product","2":"type-product","3":"status-publish","5":"product_cat-edebiyat","6":"product_cat-fantastik","7":"pa_cilt-ciltsiz","8":"pa_tur-kitap","9":"pa_yayinevi-metis-yayinlari","10":"pa_yazar-j-r-r-tolkien","12":"first","13":"instock","14":"sale","15":"shipping-taxable","16":"purchasable","17":"product-type-simple"},"_links":{"self":[{"href":"https:\/\/roveyayinevi.com.tr\/index.php\/wp-json\/wp\/v2\/product\/698672","targetHints":{"allow":["GET"]}}],"collection":[{"href":"https:\/\/roveyayinevi.com.tr\/index.php\/wp-json\/wp\/v2\/product"}],"about":[{"href":"https:\/\/roveyayinevi.com.tr\/index.php\/wp-json\/wp\/v2\/types\/product"}],"wp:attachment":[{"href":"https:\/\/roveyayinevi.com.tr\/index.php\/wp-json\/wp\/v2\/media?parent=698672"}],"wp:term":[{"taxonomy":"product_brand","embeddable":true,"href":"https:\/\/roveyayinevi.com.tr\/index.php\/wp-json\/wp\/v2\/product_brand?post=698672"},{"taxonomy":"product_cat","embeddable":true,"href":"https:\/\/roveyayinevi.com.tr\/index.php\/wp-json\/wp\/v2\/product_cat?post=698672"},{"taxonomy":"product_tag","embeddable":true,"href":"https:\/\/roveyayinevi.com.tr\/index.php\/wp-json\/wp\/v2\/product_tag?post=698672"}],"curies":[{"name":"wp","href":"https:\/\/api.w.org\/{rel}","templated":true}]}}