{"id":698671,"date":"2025-08-27T14:46:43","date_gmt":"2025-08-27T11:46:43","guid":{"rendered":"https:\/\/roveyayinevi.com.tr\/index.php\/urun\/pedagojik-oykuler-21-farkliliklarin-farkindayim\/"},"modified":"2026-04-16T02:08:15","modified_gmt":"2026-04-15T23:08:15","slug":"pedagojik-oykuler-21-farkliliklarin-farkindayim","status":"publish","type":"product","link":"https:\/\/roveyayinevi.com.tr\/index.php\/urun\/pedagojik-oykuler-21-farkliliklarin-farkindayim\/","title":{"rendered":"Pedagojik \u00d6yk\u00fcler: 21 &#8211; Farkl\u0131l\u0131klar\u0131n Fark\u0131nday\u0131m!"},"content":{"rendered":"<p>\u00c7ekik g\u00f6zl\u00fc, siyah tenli, ba\u015fka bir dilde konu\u015fan ya da bizden farkl\u0131 \u00f6zelliklere sahip herhangi biri&#8230; \u00c7ocuklar al\u0131\u015ft\u0131klar\u0131 gibi olmayan insanlar\u0131 g\u00f6rd\u00fcklerinde \u00f6nce kar\u015f\u0131s\u0131ndakileri yad\u0131rgarlar. Ancak onlarla ayn\u0131 \u015feyleri payla\u015f\u0131p, ayn\u0131 duygular\u0131 ya\u015fad\u0131klar\u0131n\u0131 \u00f6\u011frendiklerinde farkl\u0131l\u0131klar\u0131n payla\u015fmak ve arkada\u015f olmak i\u00e7in bir engel olmad\u0131\u011f\u0131n\u0131 anlarlar. \u0130nsanlar\u0131 seven, onlar\u0131 de\u011fi\u015fik \u00f6zellikleriyle kabullenen, hayat\u0131 payla\u015fan \u00e7ocuklar toplumlar\u0131n geli\u015fmesinde \u00f6nemli bir rol oynar. Bu kitapta b\u00fct\u00fcn farkl\u0131l\u0131klar\u0131yla hayat\u0131n renklerini ve g\u00fczelliklerini payla\u015fmay\u0131 ba\u015faran \u00e7ocuklar\u0131n hikayesini okuyacaks\u0131n\u0131z. \ufffcTan\u0131t\u0131m Metni<\/p>\n","protected":false},"excerpt":{"rendered":"<p>\u00c7ekik g\u00f6zl\u00fc, siyah tenli, ba\u015fka bir dilde konu\u015fan ya da bizden farkl\u0131 \u00f6zelliklere sahip herhangi biri&#8230; \u00c7ocuklar al\u0131\u015ft\u0131klar\u0131 gibi olmayan insanlar\u0131 g\u00f6rd\u00fcklerinde \u00f6nce kar\u015f\u0131s\u0131ndakileri yad\u0131rgarlar. Ancak<span class=\"excerpt-hellip\"> [\u2026]<\/span><\/p>\n","protected":false},"featured_media":0,"template":"","meta":{"_monsterinsights_skip_tracking":false,"_monsterinsights_sitenote_active":false,"_monsterinsights_sitenote_note":"","_monsterinsights_sitenote_category":0},"product_brand":[],"product_cat":[12679,12357],"product_tag":[],"class_list":{"0":"post-698671","1":"product","2":"type-product","3":"status-publish","5":"product_cat-cocuk-psikolojisi","6":"product_cat-psikoloji","7":"pa_cilt-ciltsiz","8":"pa_tur-kitap","9":"pa_yayinevi-mandolin-yayinlari","10":"pa_yazar-aysen-oy","12":"first","13":"instock","14":"sale","15":"shipping-taxable","16":"purchasable","17":"product-type-simple"},"_links":{"self":[{"href":"https:\/\/roveyayinevi.com.tr\/index.php\/wp-json\/wp\/v2\/product\/698671","targetHints":{"allow":["GET"]}}],"collection":[{"href":"https:\/\/roveyayinevi.com.tr\/index.php\/wp-json\/wp\/v2\/product"}],"about":[{"href":"https:\/\/roveyayinevi.com.tr\/index.php\/wp-json\/wp\/v2\/types\/product"}],"wp:attachment":[{"href":"https:\/\/roveyayinevi.com.tr\/index.php\/wp-json\/wp\/v2\/media?parent=698671"}],"wp:term":[{"taxonomy":"product_brand","embeddable":true,"href":"https:\/\/roveyayinevi.com.tr\/index.php\/wp-json\/wp\/v2\/product_brand?post=698671"},{"taxonomy":"product_cat","embeddable":true,"href":"https:\/\/roveyayinevi.com.tr\/index.php\/wp-json\/wp\/v2\/product_cat?post=698671"},{"taxonomy":"product_tag","embeddable":true,"href":"https:\/\/roveyayinevi.com.tr\/index.php\/wp-json\/wp\/v2\/product_tag?post=698671"}],"curies":[{"name":"wp","href":"https:\/\/api.w.org\/{rel}","templated":true}]}}