{"id":698666,"date":"2025-08-27T14:46:42","date_gmt":"2025-08-27T11:46:42","guid":{"rendered":"https:\/\/roveyayinevi.com.tr\/index.php\/urun\/heidi-5\/"},"modified":"2026-04-16T02:08:15","modified_gmt":"2026-04-15T23:08:15","slug":"heidi-5","status":"publish","type":"product","link":"https:\/\/roveyayinevi.com.tr\/index.php\/urun\/heidi-5\/","title":{"rendered":"Heidi"},"content":{"rendered":"<p>Kad\u0131n, yan\u0131nda yanaklar\u0131 k\u0131pk\u0131rm\u0131z\u0131 olmu\u015f k\u00fc\u00e7\u00fck bir k\u0131zla da\u011fa t\u0131rman\u0131yordu. Az sonra yanlar\u0131na kom\u015fu bir kad\u0131n daha kat\u0131ld\u0131&#8230;<\/p>\n","protected":false},"excerpt":{"rendered":"<p>Kad\u0131n, yan\u0131nda yanaklar\u0131 k\u0131pk\u0131rm\u0131z\u0131 olmu\u015f k\u00fc\u00e7\u00fck bir k\u0131zla da\u011fa t\u0131rman\u0131yordu. Az sonra yanlar\u0131na kom\u015fu bir kad\u0131n daha kat\u0131ld\u0131&#8230;<\/p>\n","protected":false},"featured_media":0,"template":"","meta":{"_monsterinsights_skip_tracking":false,"_monsterinsights_sitenote_active":false,"_monsterinsights_sitenote_note":"","_monsterinsights_sitenote_category":0},"product_brand":[],"product_cat":[12644,12274],"product_tag":[],"class_list":{"0":"post-698666","1":"product","2":"type-product","3":"status-publish","5":"product_cat-boyama-kitaplari","6":"product_cat-cocuk-ve-genclik-kitaplari","7":"pa_cilt-ciltsiz","8":"pa_tur-kitap","9":"pa_yayinevi-erdem-cocuk","10":"pa_yazar-johanna-spyri","12":"first","13":"instock","14":"sale","15":"shipping-taxable","16":"purchasable","17":"product-type-simple"},"_links":{"self":[{"href":"https:\/\/roveyayinevi.com.tr\/index.php\/wp-json\/wp\/v2\/product\/698666","targetHints":{"allow":["GET"]}}],"collection":[{"href":"https:\/\/roveyayinevi.com.tr\/index.php\/wp-json\/wp\/v2\/product"}],"about":[{"href":"https:\/\/roveyayinevi.com.tr\/index.php\/wp-json\/wp\/v2\/types\/product"}],"wp:attachment":[{"href":"https:\/\/roveyayinevi.com.tr\/index.php\/wp-json\/wp\/v2\/media?parent=698666"}],"wp:term":[{"taxonomy":"product_brand","embeddable":true,"href":"https:\/\/roveyayinevi.com.tr\/index.php\/wp-json\/wp\/v2\/product_brand?post=698666"},{"taxonomy":"product_cat","embeddable":true,"href":"https:\/\/roveyayinevi.com.tr\/index.php\/wp-json\/wp\/v2\/product_cat?post=698666"},{"taxonomy":"product_tag","embeddable":true,"href":"https:\/\/roveyayinevi.com.tr\/index.php\/wp-json\/wp\/v2\/product_tag?post=698666"}],"curies":[{"name":"wp","href":"https:\/\/api.w.org\/{rel}","templated":true}]}}