{"id":698665,"date":"2025-08-27T14:46:42","date_gmt":"2025-08-27T11:46:42","guid":{"rendered":"https:\/\/roveyayinevi.com.tr\/index.php\/urun\/surdurulebilir-tarim-mumkun-mu\/"},"modified":"2026-04-16T02:08:15","modified_gmt":"2026-04-15T23:08:15","slug":"surdurulebilir-tarim-mumkun-mu","status":"publish","type":"product","link":"https:\/\/roveyayinevi.com.tr\/index.php\/urun\/surdurulebilir-tarim-mumkun-mu\/","title":{"rendered":"S\u00fcrd\u00fcr\u00fclebilir Tar\u0131m M\u00fcmk\u00fcn M\u00fc?"},"content":{"rendered":"<p>Tar\u0131m, \u00fclkemizde pek \u00e7ok tart\u0131\u015fmalarla s\u00fcrekli g\u00fcndemde. Liberal ve sol g\u00f6r\u00fc\u015fler \u00f6teden beri \u201cnas\u0131l bir tar\u0131m istiyoruz\u201d oda\u011f\u0131nda tart\u0131\u015f\u0131l\u0131p duruyor. <\/p>\n","protected":false},"excerpt":{"rendered":"<p>Tar\u0131m, \u00fclkemizde pek \u00e7ok tart\u0131\u015fmalarla s\u00fcrekli g\u00fcndemde. Liberal ve sol g\u00f6r\u00fc\u015fler \u00f6teden beri \u201cnas\u0131l bir tar\u0131m istiyoruz\u201d oda\u011f\u0131nda tart\u0131\u015f\u0131l\u0131p duruyor.<\/p>\n","protected":false},"featured_media":0,"template":"","meta":{"_monsterinsights_skip_tracking":false,"_monsterinsights_sitenote_active":false,"_monsterinsights_sitenote_note":"","_monsterinsights_sitenote_category":0},"product_brand":[],"product_cat":[12337],"product_tag":[],"class_list":{"0":"post-698665","1":"product","2":"type-product","3":"status-publish","5":"product_cat-politika-siyaset","6":"pa_tur-kitap","7":"pa_yayinevi-yeni-insan-yayinlari","8":"pa_yazar-suleyman-yilmaz","10":"first","11":"instock","12":"sale","13":"shipping-taxable","14":"purchasable","15":"product-type-simple"},"_links":{"self":[{"href":"https:\/\/roveyayinevi.com.tr\/index.php\/wp-json\/wp\/v2\/product\/698665","targetHints":{"allow":["GET"]}}],"collection":[{"href":"https:\/\/roveyayinevi.com.tr\/index.php\/wp-json\/wp\/v2\/product"}],"about":[{"href":"https:\/\/roveyayinevi.com.tr\/index.php\/wp-json\/wp\/v2\/types\/product"}],"wp:attachment":[{"href":"https:\/\/roveyayinevi.com.tr\/index.php\/wp-json\/wp\/v2\/media?parent=698665"}],"wp:term":[{"taxonomy":"product_brand","embeddable":true,"href":"https:\/\/roveyayinevi.com.tr\/index.php\/wp-json\/wp\/v2\/product_brand?post=698665"},{"taxonomy":"product_cat","embeddable":true,"href":"https:\/\/roveyayinevi.com.tr\/index.php\/wp-json\/wp\/v2\/product_cat?post=698665"},{"taxonomy":"product_tag","embeddable":true,"href":"https:\/\/roveyayinevi.com.tr\/index.php\/wp-json\/wp\/v2\/product_tag?post=698665"}],"curies":[{"name":"wp","href":"https:\/\/api.w.org\/{rel}","templated":true}]}}