{"id":698663,"date":"2025-08-27T14:46:41","date_gmt":"2025-08-27T11:46:41","guid":{"rendered":"https:\/\/roveyayinevi.com.tr\/index.php\/urun\/pedagojik-oykuler-22-uyumak-istemiyorum\/"},"modified":"2026-04-16T02:08:15","modified_gmt":"2026-04-15T23:08:15","slug":"pedagojik-oykuler-22-uyumak-istemiyorum","status":"publish","type":"product","link":"https:\/\/roveyayinevi.com.tr\/index.php\/urun\/pedagojik-oykuler-22-uyumak-istemiyorum\/","title":{"rendered":"Pedagojik \u00d6yk\u00fcler: 22 &#8211;  Uyumak \u0130stemiyorum!"},"content":{"rendered":"<p>Uykunun \u00e7ocuk geli\u015fimindeki etkisi tart\u0131\u015f\u0131lmazd\u0131r. \u00d6zellikle b\u00fcy\u00fcme hormonlar\u0131n\u0131n salg\u0131land\u0131\u011f\u0131 saatlerde (22.00-02.00) \u00e7ocu\u011funuzun bedensel ve zihinsel geli\u015fiminde \u00f6nemli bir rol oynayan gece uykusu, kimi zaman \u00e7ocu\u011funuzun uyumay\u0131 reddetmesiyle kabusa d\u00f6n\u00fc\u015f\u00fcr. \u00c7ocu\u011funuzun her gece sistemli bir \u015fekilde uyumas\u0131 hem onun hem de sizin d\u00fczeniniz i\u00e7in \u00e7ok \u00f6nemlidir. Bu kitap, uyumaya direnen \u00e7ocuklar i\u00e7in uykunun kap\u0131lar\u0131n\u0131 aralarken anne ve babalara da \u00e7ocuklar\u0131na rahat bir uyku sa\u011flayabilmeleri i\u00e7in \u00f6nemli ipu\u00e7lar\u0131 sunuyor. \ufffcTan\u0131t\u0131m Metni<\/p>\n","protected":false},"excerpt":{"rendered":"<p>Uykunun \u00e7ocuk geli\u015fimindeki etkisi tart\u0131\u015f\u0131lmazd\u0131r. \u00d6zellikle b\u00fcy\u00fcme hormonlar\u0131n\u0131n salg\u0131land\u0131\u011f\u0131 saatlerde (22.00-02.00) \u00e7ocu\u011funuzun bedensel ve zihinsel geli\u015fiminde \u00f6nemli bir rol oynayan gece uykusu, kimi zaman \u00e7ocu\u011funuzun uyumay\u0131<span class=\"excerpt-hellip\"> [\u2026]<\/span><\/p>\n","protected":false},"featured_media":0,"template":"","meta":{"_monsterinsights_skip_tracking":false,"_monsterinsights_sitenote_active":false,"_monsterinsights_sitenote_note":"","_monsterinsights_sitenote_category":0},"product_brand":[],"product_cat":[12679,12357],"product_tag":[],"class_list":{"0":"post-698663","1":"product","2":"type-product","3":"status-publish","5":"product_cat-cocuk-psikolojisi","6":"product_cat-psikoloji","7":"pa_cilt-ciltsiz","8":"pa_tur-kitap","9":"pa_yayinevi-mandolin-yayinlari","10":"pa_yazar-aysen-oy","12":"first","13":"instock","14":"sale","15":"shipping-taxable","16":"purchasable","17":"product-type-simple"},"_links":{"self":[{"href":"https:\/\/roveyayinevi.com.tr\/index.php\/wp-json\/wp\/v2\/product\/698663","targetHints":{"allow":["GET"]}}],"collection":[{"href":"https:\/\/roveyayinevi.com.tr\/index.php\/wp-json\/wp\/v2\/product"}],"about":[{"href":"https:\/\/roveyayinevi.com.tr\/index.php\/wp-json\/wp\/v2\/types\/product"}],"wp:attachment":[{"href":"https:\/\/roveyayinevi.com.tr\/index.php\/wp-json\/wp\/v2\/media?parent=698663"}],"wp:term":[{"taxonomy":"product_brand","embeddable":true,"href":"https:\/\/roveyayinevi.com.tr\/index.php\/wp-json\/wp\/v2\/product_brand?post=698663"},{"taxonomy":"product_cat","embeddable":true,"href":"https:\/\/roveyayinevi.com.tr\/index.php\/wp-json\/wp\/v2\/product_cat?post=698663"},{"taxonomy":"product_tag","embeddable":true,"href":"https:\/\/roveyayinevi.com.tr\/index.php\/wp-json\/wp\/v2\/product_tag?post=698663"}],"curies":[{"name":"wp","href":"https:\/\/api.w.org\/{rel}","templated":true}]}}