{"id":698662,"date":"2025-08-27T14:46:41","date_gmt":"2025-08-27T11:46:41","guid":{"rendered":"https:\/\/roveyayinevi.com.tr\/index.php\/urun\/zen-ve-motosiklet-bakim-sanati\/"},"modified":"2026-04-16T02:08:15","modified_gmt":"2026-04-15T23:08:15","slug":"zen-ve-motosiklet-bakim-sanati","status":"publish","type":"product","link":"https:\/\/roveyayinevi.com.tr\/index.php\/urun\/zen-ve-motosiklet-bakim-sanati\/","title":{"rendered":"Zen ve Motosiklet Bak\u0131m Sanat\u0131"},"content":{"rendered":"<p>Zen ve Motosiklet Bak\u0131m Sanat\u0131 roman, otobiyografi ve felsefi deneme t\u00fcrlerinin s\u0131n\u0131rlar\u0131n\u0131 geni\u015fleten, b\u00fct\u00fcn bir ak\u0131lc\u0131l\u0131k gelene\u011fini sorgulayan benzersiz bir \u201ck\u00fclt kitap\u201d. Romanda bir adam\u0131n, o\u011flu ve iki arkada\u015f\u0131yla birlikte yapt\u0131\u011f\u0131 uzun bir motosiklet yolculu\u011fu anlat\u0131l\u0131yor. Yolcular, metalik-plastik yaln\u0131zl\u0131klar\u0131n h\u00fck\u00fcm s\u00fcrd\u00fc\u011f\u00fc, \u00f6zdeki \u00e7irkinliklerin yapay bir \u201cstil\u201d cilas\u0131yla kapat\u0131lmaya \u00e7al\u0131\u015f\u0131ld\u0131\u011f\u0131, \u201cstilize\u201d nesneler, \u201cstilize\u201d insanlar ve ili\u015fkilerle dolu bir hayat\u0131n ya\u015fand\u0131\u011f\u0131 Amerikan kentlerinden, sapa da\u011f yollar\u0131ndan, u\u00e7suz bucaks\u0131z d\u00fczl\u00fcklerden ge\u00e7iyor, bir da\u011fa t\u0131rman\u0131yor ve en sonunda okyanusa var\u0131yorlar. Karakter yolculuk boyunca bir de \u201ci\u00e7 yolculuk\u201d ya\u015f\u0131yor, ba\u015fka doruklarda geziniyor. Kendi \u201cdeli\u201d ge\u00e7mi\u015fine, akl\u0131n \u00f6tesine yol al\u0131yor. \u201cAk\u0131lc\u0131l\u0131k\u201d dedi\u011fi hayaletin pe\u015finde, antik Yunanlardan modern bilim felsefesine kadar b\u00fct\u00fcn Bat\u0131 d\u00fc\u015f\u00fcncesini katediyor. <\/p>\n","protected":false},"excerpt":{"rendered":"<p>Zen ve Motosiklet Bak\u0131m Sanat\u0131 roman, otobiyografi ve felsefi deneme t\u00fcrlerinin s\u0131n\u0131rlar\u0131n\u0131 geni\u015fleten, b\u00fct\u00fcn bir ak\u0131lc\u0131l\u0131k gelene\u011fini sorgulayan benzersiz bir \u201ck\u00fclt kitap\u201d. Romanda bir adam\u0131n, o\u011flu<span class=\"excerpt-hellip\"> [\u2026]<\/span><\/p>\n","protected":false},"featured_media":0,"template":"","meta":{"_monsterinsights_skip_tracking":false,"_monsterinsights_sitenote_active":false,"_monsterinsights_sitenote_note":"","_monsterinsights_sitenote_category":0},"product_brand":[],"product_cat":[12891,12291],"product_tag":[],"class_list":{"0":"post-698662","1":"product","2":"type-product","3":"status-publish","5":"product_cat-amerikan-edebiyati","6":"product_cat-edebiyat","7":"pa_cilt-ciltsiz","8":"pa_tur-kitap","9":"pa_yayinevi-ayrinti-yayinlari","10":"pa_yazar-robert-m-pirsig","12":"first","13":"instock","14":"sale","15":"shipping-taxable","16":"purchasable","17":"product-type-simple"},"_links":{"self":[{"href":"https:\/\/roveyayinevi.com.tr\/index.php\/wp-json\/wp\/v2\/product\/698662","targetHints":{"allow":["GET"]}}],"collection":[{"href":"https:\/\/roveyayinevi.com.tr\/index.php\/wp-json\/wp\/v2\/product"}],"about":[{"href":"https:\/\/roveyayinevi.com.tr\/index.php\/wp-json\/wp\/v2\/types\/product"}],"wp:attachment":[{"href":"https:\/\/roveyayinevi.com.tr\/index.php\/wp-json\/wp\/v2\/media?parent=698662"}],"wp:term":[{"taxonomy":"product_brand","embeddable":true,"href":"https:\/\/roveyayinevi.com.tr\/index.php\/wp-json\/wp\/v2\/product_brand?post=698662"},{"taxonomy":"product_cat","embeddable":true,"href":"https:\/\/roveyayinevi.com.tr\/index.php\/wp-json\/wp\/v2\/product_cat?post=698662"},{"taxonomy":"product_tag","embeddable":true,"href":"https:\/\/roveyayinevi.com.tr\/index.php\/wp-json\/wp\/v2\/product_tag?post=698662"}],"curies":[{"name":"wp","href":"https:\/\/api.w.org\/{rel}","templated":true}]}}