{"id":698653,"date":"2025-08-27T14:46:38","date_gmt":"2025-08-27T11:46:38","guid":{"rendered":"https:\/\/roveyayinevi.com.tr\/index.php\/urun\/cool-anilar-1-2\/"},"modified":"2026-04-16T02:08:15","modified_gmt":"2026-04-15T23:08:15","slug":"cool-anilar-1-2","status":"publish","type":"product","link":"https:\/\/roveyayinevi.com.tr\/index.php\/urun\/cool-anilar-1-2\/","title":{"rendered":"Cool An\u0131lar 1-2"},"content":{"rendered":"<p>\u00c7a\u011fda\u015f Frans\u0131z felsefesinin en \u00e7arp\u0131c\u0131 yazarlar\u0131ndan biri olan Baudrillard Cool An\u0131lar\u2019da, 19801990 y\u0131llar\u0131 aras\u0131nda kendisi i\u00e7in tuttu\u011fu notlar\u0131 okurla payla\u015farak hayat\u0131 alg\u0131laman\u0131n, onu parmaklar\u0131n\u0131n ucunda hissetme \u00e7abas\u0131yla m\u00fcmk\u00fcn olabildi\u011fini ortaya koyuyor.Daha \u00f6nce, Amerika, K\u00f6t\u00fcl\u00fc\u011f\u00fcn \u015eeffafl\u0131\u011f\u0131, Kusursuz Cinayet ve T\u00fcketim Toplumu adl\u0131 kitaplar\u0131n\u0131 yay\u0131mlad\u0131\u011f\u0131m\u0131z Jean Baudrillard, bu kitab\u0131yla inan\u00e7lar\u0131na yap\u0131\u015f\u0131k ya\u015fayanlar\u0131 sorgulay\u0131p didiklerken, kendilerini yok sayarak ba\u015fkalar\u0131na yer a\u00e7abilenleri y\u00fcceltiyor.Yo\u011fun, zehir gibi g\u00f6zlemleriyle tarihin hi\u00e7 al\u0131\u015f\u0131lmad\u0131k bir yorumunu sunuyor. B\u00fct\u00fcn toplumsal, siyah yap\u0131lar\u0131n yan\u0131 s\u0131ra entelekt\u00fcelli\u011fi de mahk\u00fbm ediyor. Do\u011fan\u0131n, b\u00fct\u00fcn rit\u00fcelleriyle \u00f6l\u00fcm\u00fc kusursuzluk mertebesine y\u00fckseltti\u011fine; d\u00fc\u015f\u00fcncenin ise paradokslar zincirinden ibaret oldu\u011funa inan\u0131yor. Kavramlara tak\u0131l\u0131p kalan ve hayat\u0131n \u00f6tesine savrulan felsefeleri ele\u015ftiriyor. Hayat\u0131n b\u00fct\u00fcn anlar\u0131n\u0131 dolu dolu alg\u0131lamak istiyor ve bunu yaparken se\u00e7kinli\u011fe taviz vermiyor.Baudrillard\u2019a g\u00f6re d\u00fcnyam\u0131z kendi ger\u00e7eklerini var etmek i\u00e7in yokolu\u015fa s\u00fcr\u00fckleniyor; onu ilgilendiren de i\u015fte bu yokolu\u015fun \u00f6yk\u00fcs\u00fc. Ona g\u00f6re yazmak, kendini ifade etmenin bir bi\u00e7imi de\u011fil yoklu\u011fa y\u00f6nelik bir tutku; \u00e7\u00fcnk\u00fc yaz\u0131 dili de\u011fi\u015ftiriyor, var etti\u011fi anlam\u0131 da yok ediyor.Elimizde kalan tek hayati yo\u011funlu\u011fun ba\u015ftan \u00e7\u0131karma oldu\u011funa inan\u0131yor Baudrillard. G\u00fczelli\u011fiyle onu \u015fa\u015f\u0131rtan kad\u0131n kar\u015f\u0131s\u0131nda hayranl\u0131k duyuyor; kaybetti\u011finde derin bir yara alaca\u011f\u0131n\u0131 bile bile&#8230;Baudrillard\u2019\u0131n Cool An\u0131lar\u2019\u0131, son demlerini ya\u015fayan uygarl\u0131\u011f\u0131m\u0131z\u0131n son yirmi y\u0131l\u0131na dair yal\u0131n ve g\u00f6rkemli bir tan\u0131kl\u0131k, bir ayna. Bizleri, b\u00fct\u00fcn duyular\u0131m\u0131zla \u00e7evremizde olup biten her \u015feyi alg\u0131lamaya \u00e7a\u011f\u0131r\u0131yor sanki.Hayat\u0131 parmaklar\u0131n\u0131n ucunda hissetmek isteyenler i\u00e7in&#8230; <\/p>\n","protected":false},"excerpt":{"rendered":"<p>\u00c7a\u011fda\u015f Frans\u0131z felsefesinin en \u00e7arp\u0131c\u0131 yazarlar\u0131ndan biri olan Baudrillard Cool An\u0131lar\u2019da, 19801990 y\u0131llar\u0131 aras\u0131nda kendisi i\u00e7in tuttu\u011fu notlar\u0131 okurla payla\u015farak hayat\u0131 alg\u0131laman\u0131n, onu parmaklar\u0131n\u0131n ucunda hissetme<span class=\"excerpt-hellip\"> [\u2026]<\/span><\/p>\n","protected":false},"featured_media":0,"template":"","meta":{"_monsterinsights_skip_tracking":false,"_monsterinsights_sitenote_active":false,"_monsterinsights_sitenote_note":"","_monsterinsights_sitenote_category":0},"product_brand":[],"product_cat":[12389,12388],"product_tag":[],"class_list":{"0":"post-698653","1":"product","2":"type-product","3":"status-publish","5":"product_cat-diger-felsefe","6":"product_cat-felsefe","7":"pa_cilt-ciltsiz","8":"pa_tur-kitap","9":"pa_yayinevi-ayrinti-yayinlari","10":"pa_yazar-jean-baudrillard","12":"first","13":"instock","14":"sale","15":"shipping-taxable","16":"purchasable","17":"product-type-simple"},"_links":{"self":[{"href":"https:\/\/roveyayinevi.com.tr\/index.php\/wp-json\/wp\/v2\/product\/698653","targetHints":{"allow":["GET"]}}],"collection":[{"href":"https:\/\/roveyayinevi.com.tr\/index.php\/wp-json\/wp\/v2\/product"}],"about":[{"href":"https:\/\/roveyayinevi.com.tr\/index.php\/wp-json\/wp\/v2\/types\/product"}],"wp:attachment":[{"href":"https:\/\/roveyayinevi.com.tr\/index.php\/wp-json\/wp\/v2\/media?parent=698653"}],"wp:term":[{"taxonomy":"product_brand","embeddable":true,"href":"https:\/\/roveyayinevi.com.tr\/index.php\/wp-json\/wp\/v2\/product_brand?post=698653"},{"taxonomy":"product_cat","embeddable":true,"href":"https:\/\/roveyayinevi.com.tr\/index.php\/wp-json\/wp\/v2\/product_cat?post=698653"},{"taxonomy":"product_tag","embeddable":true,"href":"https:\/\/roveyayinevi.com.tr\/index.php\/wp-json\/wp\/v2\/product_tag?post=698653"}],"curies":[{"name":"wp","href":"https:\/\/api.w.org\/{rel}","templated":true}]}}