{"id":698652,"date":"2025-08-27T14:46:38","date_gmt":"2025-08-27T11:46:38","guid":{"rendered":"https:\/\/roveyayinevi.com.tr\/index.php\/urun\/ozne-ve-iktidar-secme-yazilar-2\/"},"modified":"2026-04-16T02:08:15","modified_gmt":"2026-04-15T23:08:15","slug":"ozne-ve-iktidar-secme-yazilar-2","status":"publish","type":"product","link":"https:\/\/roveyayinevi.com.tr\/index.php\/urun\/ozne-ve-iktidar-secme-yazilar-2\/","title":{"rendered":"\u00d6zne ve \u0130ktidar &#8211; Se\u00e7me Yaz\u0131lar 2"},"content":{"rendered":"<p>\u00d6zne ve \u0130ktidar\u2019da bir araya getirilen metinler, Descartes\u2019ten g\u00fcn\u00fcm\u00fcze Bat\u0131 d\u00fc\u015f\u00fcncesinde neredeyse vazge\u00e7ilmez bir yer tutan \u00f6zne ve bilin\u00e7 felsefesinin hakimiyetini sarsan yeni bir d\u00fc\u015f\u00fcnme bi\u00e7imini temsil ediyor. 1960\u2019l\u0131 y\u0131llardan itibaren \u00f6zellikle Nietzsche ve Heidegger\u2019in etkisiyle ortaya \u00e7\u0131kan bu yeni d\u00fc\u015f\u00fcnme bi\u00e7imi, Foucault\u2019nun antropolojizm olarak adland\u0131rd\u0131\u011f\u0131 ve \u00f6ncelikle insan\u0131 ve insan do\u011fas\u0131n\u0131 felsefi d\u00fc\u015f\u00fcnce i\u00e7in \u00e7\u0131k\u0131\u015f noktas\u0131 olarak alan, \u00f6zelde ise \u00f6znede ve bilin\u00e7te yo\u011funla\u015fan gelene\u011fi hedef al\u0131yordu. Kendi yap\u0131tlar\u0131nda do\u011fruda do\u011fruya \u00f6zne sorunun hedef alan Foucault\u2019nun bu yeni ele\u015ftirel bak\u0131\u015fta tuttu\u011fu yer \u00e7ok \u00f6nemlidir. \u00d6znel deneyimi a\u00e7\u0131klamak i\u00e7in \u00f6znenin ve bilincin de\u011fil, o deneyimi kuran s\u00f6ylem ile s\u00f6ylemin kar\u015f\u0131l\u0131kl\u0131 ve ka\u00e7\u0131n\u0131lmaz bir ili\u015fki i\u00e7inde oldu\u011fu iktidar sistemlerinin, yani bilgi\/iktidar\u0131n tarihsel bir analizini yapmak gerekti\u011fini g\u00f6steren Foucault bir yandan iktidar ile \u00f6znellik aras\u0131ndaki ayr\u0131lmaz ili\u015fkinin alt\u0131n\u0131 \u00e7izmi\u015f: \u00f6te yandan bu ili\u015fkinin kurulmas\u0131nda insan bilimlerinin oynad\u0131\u011f\u0131 rol\u00fc ortaya \u00e7\u0131kararak \u00e7ok g\u00fc\u00e7l\u00fc bir bilim ele\u015ftirisi getirmi\u015ftir. Foucault\u2019nun bu analizlerde geli\u015ftirdi\u011fi ve kulland\u0131\u011f\u0131 iktidar modeli klasikle\u015fmi\u015f siyaset felsefelerinin kulland\u0131\u011f\u0131 modelden radikal bi\u00e7imde farkl\u0131d\u0131r. Yeni bir iktidar anlay\u0131\u015f\u0131ndan yola \u00e7\u0131kan Foucault, delilikten su\u00e7a, sa\u011fl\u0131ktan cinselli\u011fe kadar daha \u00f6nce \u00fczerinde yeterince durulmam\u0131\u015f deneyim bi\u00e7imlerinin modern bireyin tan\u0131mlanmas\u0131nda ne kadar \u00f6nemli tekniklerinin belirleyicili\u011fini g\u00f6stermi\u015ftir. \u00d6te yandan Foucault \u0131srarla bu belirleyicili\u011fin \u00f6zg\u00fcrl\u00fc\u011f\u00fcn\u00fc ve iktidara kar\u015f\u0131 direni\u015fi d\u0131\u015flamad\u0131\u011f\u0131n\u0131, tersine iktidar ili\u015fkisinin \u00f6z\u00fcnde yatan \u015feyin \u00f6zg\u00fcrl\u00fc\u011f\u00fcn inad\u0131 oldu\u011funu s\u00f6yler. Foucault\u2019ya g\u00f6re \u00f6zg\u00fcrl\u00fc\u011f\u00fcn kullan\u0131m\u0131 bir ahlaki \u00f6znele\u015fme , yani kendimizi \u00f6zne olarak yeniden kurma bi\u00e7imini almal\u0131 ve yeni tahakk\u00fcm bi\u00e7imleri \u00fcretmeden iktidara kar\u015f\u0131 direnmeyi m\u00fcmk\u00fcn k\u0131lmal\u0131d\u0131r. Siyaset felsefesi ve insan bilimlerinde bir \u00e7\u0131\u011f\u0131r a\u00e7an bu g\u00f6r\u00fc\u015flerin incelikle i\u015flendi\u011fi makale ve s\u00f6yle\u015fileri i\u00e7eriyor \u00d6zne ve \u0130ktidar. \ufffcTan\u0131t\u0131m Metni<\/p>\n","protected":false},"excerpt":{"rendered":"<p>\u00d6zne ve \u0130ktidar\u2019da bir araya getirilen metinler, Descartes\u2019ten g\u00fcn\u00fcm\u00fcze Bat\u0131 d\u00fc\u015f\u00fcncesinde neredeyse vazge\u00e7ilmez bir yer tutan \u00f6zne ve bilin\u00e7 felsefesinin hakimiyetini sarsan yeni bir d\u00fc\u015f\u00fcnme bi\u00e7imini<span class=\"excerpt-hellip\"> [\u2026]<\/span><\/p>\n","protected":false},"featured_media":0,"template":"","meta":{"_monsterinsights_skip_tracking":false,"_monsterinsights_sitenote_active":false,"_monsterinsights_sitenote_note":"","_monsterinsights_sitenote_category":0},"product_brand":[],"product_cat":[12388,15309],"product_tag":[],"class_list":{"0":"post-698652","1":"product","2":"type-product","3":"status-publish","5":"product_cat-felsefe","6":"product_cat-felsefi-akimlar","7":"pa_cilt-ciltsiz","8":"pa_tur-kitap","9":"pa_yayinevi-ayrinti-yayinlari","10":"pa_yazar-michel-foucault","12":"first","13":"instock","14":"sale","15":"shipping-taxable","16":"purchasable","17":"product-type-simple"},"_links":{"self":[{"href":"https:\/\/roveyayinevi.com.tr\/index.php\/wp-json\/wp\/v2\/product\/698652","targetHints":{"allow":["GET"]}}],"collection":[{"href":"https:\/\/roveyayinevi.com.tr\/index.php\/wp-json\/wp\/v2\/product"}],"about":[{"href":"https:\/\/roveyayinevi.com.tr\/index.php\/wp-json\/wp\/v2\/types\/product"}],"wp:attachment":[{"href":"https:\/\/roveyayinevi.com.tr\/index.php\/wp-json\/wp\/v2\/media?parent=698652"}],"wp:term":[{"taxonomy":"product_brand","embeddable":true,"href":"https:\/\/roveyayinevi.com.tr\/index.php\/wp-json\/wp\/v2\/product_brand?post=698652"},{"taxonomy":"product_cat","embeddable":true,"href":"https:\/\/roveyayinevi.com.tr\/index.php\/wp-json\/wp\/v2\/product_cat?post=698652"},{"taxonomy":"product_tag","embeddable":true,"href":"https:\/\/roveyayinevi.com.tr\/index.php\/wp-json\/wp\/v2\/product_tag?post=698652"}],"curies":[{"name":"wp","href":"https:\/\/api.w.org\/{rel}","templated":true}]}}