{"id":698651,"date":"2025-08-27T14:46:37","date_gmt":"2025-08-27T11:46:37","guid":{"rendered":"https:\/\/roveyayinevi.com.tr\/index.php\/urun\/edepsizlik-anarsi-ve-gerceklik\/"},"modified":"2026-04-16T02:08:15","modified_gmt":"2026-04-15T23:08:15","slug":"edepsizlik-anarsi-ve-gerceklik","status":"publish","type":"product","link":"https:\/\/roveyayinevi.com.tr\/index.php\/urun\/edepsizlik-anarsi-ve-gerceklik\/","title":{"rendered":"Edepsizlik, Anar\u015fi ve Ger\u00e7eklik"},"content":{"rendered":"<p>Sartwell son derece u\u00e7 ve k\u0131\u015fk\u0131rt\u0131c\u0131 bir ya\u015fam felsefesi sunuyor. Bu d\u00fcnyay\u0131 tam da oldu\u011fu gibi, t\u00fcm ac\u0131lar\u0131yla, t\u00fcm k\u00f6t\u00fcl\u00fckleriyle, t\u00fcm tuhaf, keyfi ve canavarca \u00f6tekili\u011fiyle sevmemiz halinde olacak \u015feyleri irdeliyor. Olduk\u00e7a ki\u015fisel bir \u00fcslupla ve ac\u0131mas\u0131z bir do\u011frudanl\u0131kla kurallar\u0131 \u00e7i\u011fneyen cinselli\u011fi, politik anar\u015fizmi, ba\u011f\u0131ml\u0131l\u0131\u011f\u0131, \u00f6l\u00fcm\u00fc ve cisimle\u015fmeyi ke\u015ffediyor. Yazar k\u00fclt\u00fcrel ele\u015ftiri, metafizik, etik ve siyaset felsefesi alanlar\u0131nda yap\u0131lan \u00e7a\u011fda\u015f ve tarihsel tart\u0131\u015fmalara giriyor; bunlarla ilgili derin \u015f\u00fcphelerini dile getiriyor. Bilimsel felsefi kavramsalla\u015ft\u0131rman\u0131n \u00f6l\u00fcme y\u00f6neli\u015f, ger\u00e7ekli\u011fin reddi oldu\u011funu iddia ediyor. Ahlaki ve politik de\u011ferler, tikel ve belirgin olan \u015feyin yine tikel i\u00e7inde ahlaken reddedilmesi, Sartwell\u2019in iddias\u0131na g\u00f6re insan\u0131n sahicili\u011fine y\u00f6neltilmi\u015f sald\u0131r\u0131lar. Dolay\u0131s\u0131yla kurallar\u0131n \u00e7i\u011fnenmesi, m\u00fcstehcenlik yoluyla somutla\u015fman\u0131n olumlanmas\u0131 olarak \u00e7ok ihtiya\u00e7 duydu\u011fumuz bir \u015fey. <\/p>\n","protected":false},"excerpt":{"rendered":"<p>Sartwell son derece u\u00e7 ve k\u0131\u015fk\u0131rt\u0131c\u0131 bir ya\u015fam felsefesi sunuyor. Bu d\u00fcnyay\u0131 tam da oldu\u011fu gibi, t\u00fcm ac\u0131lar\u0131yla, t\u00fcm k\u00f6t\u00fcl\u00fckleriyle, t\u00fcm tuhaf, keyfi ve canavarca \u00f6tekili\u011fiyle<span class=\"excerpt-hellip\"> [\u2026]<\/span><\/p>\n","protected":false},"featured_media":0,"template":"","meta":{"_monsterinsights_skip_tracking":false,"_monsterinsights_sitenote_active":false,"_monsterinsights_sitenote_note":"","_monsterinsights_sitenote_category":0},"product_brand":[],"product_cat":[15319,12388],"product_tag":[],"class_list":{"0":"post-698651","1":"product","2":"type-product","3":"status-publish","5":"product_cat-etik","6":"product_cat-felsefe","7":"pa_cilt-ciltsiz","8":"pa_tur-kitap","9":"pa_yayinevi-ayrinti-yayinlari","10":"pa_yazar-crispin-sartwell","12":"first","13":"instock","14":"sale","15":"shipping-taxable","16":"purchasable","17":"product-type-simple"},"_links":{"self":[{"href":"https:\/\/roveyayinevi.com.tr\/index.php\/wp-json\/wp\/v2\/product\/698651","targetHints":{"allow":["GET"]}}],"collection":[{"href":"https:\/\/roveyayinevi.com.tr\/index.php\/wp-json\/wp\/v2\/product"}],"about":[{"href":"https:\/\/roveyayinevi.com.tr\/index.php\/wp-json\/wp\/v2\/types\/product"}],"wp:attachment":[{"href":"https:\/\/roveyayinevi.com.tr\/index.php\/wp-json\/wp\/v2\/media?parent=698651"}],"wp:term":[{"taxonomy":"product_brand","embeddable":true,"href":"https:\/\/roveyayinevi.com.tr\/index.php\/wp-json\/wp\/v2\/product_brand?post=698651"},{"taxonomy":"product_cat","embeddable":true,"href":"https:\/\/roveyayinevi.com.tr\/index.php\/wp-json\/wp\/v2\/product_cat?post=698651"},{"taxonomy":"product_tag","embeddable":true,"href":"https:\/\/roveyayinevi.com.tr\/index.php\/wp-json\/wp\/v2\/product_tag?post=698651"}],"curies":[{"name":"wp","href":"https:\/\/api.w.org\/{rel}","templated":true}]}}