{"id":698649,"date":"2025-08-27T14:46:37","date_gmt":"2025-08-27T11:46:37","guid":{"rendered":"https:\/\/roveyayinevi.com.tr\/index.php\/urun\/cilgin-kalem-penna-ve-arkadaslari-uzay-macerasinda\/"},"modified":"2026-04-16T02:08:15","modified_gmt":"2026-04-15T23:08:15","slug":"cilgin-kalem-penna-ve-arkadaslari-uzay-macerasinda","status":"publish","type":"product","link":"https:\/\/roveyayinevi.com.tr\/index.php\/urun\/cilgin-kalem-penna-ve-arkadaslari-uzay-macerasinda\/","title":{"rendered":"\u00c7\u0131lg\u0131n Kalem Penna ve Arkada\u015flar\u0131 &#8211; Uzay Maceras\u0131nda"},"content":{"rendered":"<p>Kalemlerin d\u00fcnyas\u0131nda macera devam ediyor! Kahramanlar\u0131m\u0131z Ralph ile Sara&#8217;n\u0131n okulunda Uzay Haftas\u0131 i\u00e7in \u00e7e\u015fitli etkinlikler d\u00fczenlenirse ne olur? Peki ya \u00f6\u011frenciler bir uzay kamp\u0131na giderse? Tabii ki \u00c7\u0131lg\u0131n Kalem Penna ve en az onun kadar \u00e7\u0131lg\u0131n arkada\u015flar\u0131na yeni bir maceraya hem de bir uzay maceras\u0131na at\u0131lmalar\u0131 i\u00e7in f\u0131rsat do\u011far! Elbette ezeli d\u00fc\u015fmanlar\u0131 Karake\u00e7eli onlar\u0131 bu macerada da yaln\u0131z b\u0131rakmaz ve i\u015flerini zora sokar. Penna ve arkada\u015flar\u0131 bu sefer de Karake\u00e7eli&#8217;nin oyununu bozup i\u015fleri yoluna sokmay\u0131 ba\u015farabilecekler mi? \u00c7ocuklar bu kitaplar\u0131 keyifle okurken uzay, gezegenler ve pek \u00e7ok g\u00f6k cismi hakk\u0131nda da bilgi sahibi olacaklar&#8230; \ufffcTan\u0131t\u0131m Metni<\/p>\n","protected":false},"excerpt":{"rendered":"<p>Kalemlerin d\u00fcnyas\u0131nda macera devam ediyor! Kahramanlar\u0131m\u0131z Ralph ile Sara&#8217;n\u0131n okulunda Uzay Haftas\u0131 i\u00e7in \u00e7e\u015fitli etkinlikler d\u00fczenlenirse ne olur? Peki ya \u00f6\u011frenciler bir uzay kamp\u0131na giderse? Tabii<span class=\"excerpt-hellip\"> [\u2026]<\/span><\/p>\n","protected":false},"featured_media":0,"template":"","meta":{"_monsterinsights_skip_tracking":false,"_monsterinsights_sitenote_active":false,"_monsterinsights_sitenote_note":"","_monsterinsights_sitenote_category":0},"product_brand":[],"product_cat":[12274,12284],"product_tag":[],"class_list":{"0":"post-698649","1":"product","2":"type-product","3":"status-publish","5":"product_cat-cocuk-ve-genclik-kitaplari","6":"product_cat-hikayeler","7":"pa_cilt-ciltsiz","8":"pa_tur-kitap","9":"pa_yayinevi-timas-cocuk","10":"pa_yazar-eileen-ohely","12":"first","13":"instock","14":"sale","15":"shipping-taxable","16":"purchasable","17":"product-type-simple"},"_links":{"self":[{"href":"https:\/\/roveyayinevi.com.tr\/index.php\/wp-json\/wp\/v2\/product\/698649","targetHints":{"allow":["GET"]}}],"collection":[{"href":"https:\/\/roveyayinevi.com.tr\/index.php\/wp-json\/wp\/v2\/product"}],"about":[{"href":"https:\/\/roveyayinevi.com.tr\/index.php\/wp-json\/wp\/v2\/types\/product"}],"wp:attachment":[{"href":"https:\/\/roveyayinevi.com.tr\/index.php\/wp-json\/wp\/v2\/media?parent=698649"}],"wp:term":[{"taxonomy":"product_brand","embeddable":true,"href":"https:\/\/roveyayinevi.com.tr\/index.php\/wp-json\/wp\/v2\/product_brand?post=698649"},{"taxonomy":"product_cat","embeddable":true,"href":"https:\/\/roveyayinevi.com.tr\/index.php\/wp-json\/wp\/v2\/product_cat?post=698649"},{"taxonomy":"product_tag","embeddable":true,"href":"https:\/\/roveyayinevi.com.tr\/index.php\/wp-json\/wp\/v2\/product_tag?post=698649"}],"curies":[{"name":"wp","href":"https:\/\/api.w.org\/{rel}","templated":true}]}}