{"id":698646,"date":"2025-08-27T14:46:36","date_gmt":"2025-08-27T11:46:36","guid":{"rendered":"https:\/\/roveyayinevi.com.tr\/index.php\/urun\/bastan-cikaricinin-gunlugu\/"},"modified":"2026-04-08T02:11:11","modified_gmt":"2026-04-07T23:11:11","slug":"bastan-cikaricinin-gunlugu","status":"publish","type":"product","link":"https:\/\/roveyayinevi.com.tr\/index.php\/urun\/bastan-cikaricinin-gunlugu\/","title":{"rendered":"Ba\u015ftan \u00c7\u0131kar\u0131c\u0131n\u0131n G\u00fcnl\u00fc\u011f\u00fc"},"content":{"rendered":"<p>Kierkegaard, Ba\u015ftan \u00c7\u0131kar\u0131c\u0131n\u0131n G\u00fcnl\u00fc\u011f\u00fc\u2019nde insanl\u0131k tarihi kadar eski olan ba\u015ftan \u00e7\u0131karma u\u011fra\u015f\u0131 n\u0131 yeniden g\u00f6zden ge\u00e7irmeye te\u015fvik ediyor bizi. Bununla ba\u011flant\u0131l\u0131 olarak da \u00f6p\u00fc\u015fme, gen\u00e7 k\u0131zl\u0131k, ni\u015fanl\u0131l\u0131k, evlilik vs. gibi bildik konulara ironik yorumlar getiriyor. Kierkegaard\u2019a g\u00f6re hayat\u0131n \u00fc\u00e7 a\u015famas\u0131 vard\u0131r: Estetik, etik ve dinsel a\u015fama. Bunlardan ilki olan estetik a\u015famada her \u015fey zevkin \u00e7evresinde toplan\u0131r. Ya\/Ya Da\u2019n\u0131n bir b\u00f6l\u00fcm\u00fcn\u00fc olu\u015fturan ancak ba\u011f\u0131ms\u0131z bir b\u00fct\u00fcnl\u00fc\u011fe de sahip olan Ba\u015ftan \u00c7\u0131kar\u0131c\u0131n\u0131n G\u00fcnl\u00fc\u011f\u00fc i\u015fte bu estetik a\u015famaya dair&#8230; <\/p>\n","protected":false},"excerpt":{"rendered":"<p>Kierkegaard, Ba\u015ftan \u00c7\u0131kar\u0131c\u0131n\u0131n G\u00fcnl\u00fc\u011f\u00fc\u2019nde insanl\u0131k tarihi kadar eski olan ba\u015ftan \u00e7\u0131karma u\u011fra\u015f\u0131 n\u0131 yeniden g\u00f6zden ge\u00e7irmeye te\u015fvik ediyor bizi. Bununla ba\u011flant\u0131l\u0131 olarak da \u00f6p\u00fc\u015fme, gen\u00e7 k\u0131zl\u0131k,<span class=\"excerpt-hellip\"> [\u2026]<\/span><\/p>\n","protected":false},"featured_media":0,"template":"","meta":{"_monsterinsights_skip_tracking":false,"_monsterinsights_sitenote_active":false,"_monsterinsights_sitenote_note":"","_monsterinsights_sitenote_category":0},"product_brand":[],"product_cat":[12291,16525],"product_tag":[],"class_list":{"0":"post-698646","1":"product","2":"type-product","3":"status-publish","5":"product_cat-edebiyat","6":"product_cat-iskandinav-edebiyati","7":"pa_cilt-ciltsiz","8":"pa_tur-kitap","9":"pa_yayinevi-ayrinti-yayinlari","10":"pa_yazar-soren-kierkegaard","12":"first","13":"instock","14":"sale","15":"shipping-taxable","16":"purchasable","17":"product-type-simple"},"_links":{"self":[{"href":"https:\/\/roveyayinevi.com.tr\/index.php\/wp-json\/wp\/v2\/product\/698646","targetHints":{"allow":["GET"]}}],"collection":[{"href":"https:\/\/roveyayinevi.com.tr\/index.php\/wp-json\/wp\/v2\/product"}],"about":[{"href":"https:\/\/roveyayinevi.com.tr\/index.php\/wp-json\/wp\/v2\/types\/product"}],"wp:attachment":[{"href":"https:\/\/roveyayinevi.com.tr\/index.php\/wp-json\/wp\/v2\/media?parent=698646"}],"wp:term":[{"taxonomy":"product_brand","embeddable":true,"href":"https:\/\/roveyayinevi.com.tr\/index.php\/wp-json\/wp\/v2\/product_brand?post=698646"},{"taxonomy":"product_cat","embeddable":true,"href":"https:\/\/roveyayinevi.com.tr\/index.php\/wp-json\/wp\/v2\/product_cat?post=698646"},{"taxonomy":"product_tag","embeddable":true,"href":"https:\/\/roveyayinevi.com.tr\/index.php\/wp-json\/wp\/v2\/product_tag?post=698646"}],"curies":[{"name":"wp","href":"https:\/\/api.w.org\/{rel}","templated":true}]}}