{"id":698643,"date":"2025-08-27T14:46:35","date_gmt":"2025-08-27T11:46:35","guid":{"rendered":"https:\/\/roveyayinevi.com.tr\/index.php\/urun\/mutsuzluk-zamanlarinda-mutluluk\/"},"modified":"2026-04-16T02:08:15","modified_gmt":"2026-04-15T23:08:15","slug":"mutsuzluk-zamanlarinda-mutluluk","status":"publish","type":"product","link":"https:\/\/roveyayinevi.com.tr\/index.php\/urun\/mutsuzluk-zamanlarinda-mutluluk\/","title":{"rendered":"Mutsuzluk Zamanlar\u0131nda Mutluluk"},"content":{"rendered":"<p>Aram\u0131zda bir sessizlik oluyor. Yat\u0131\u015f pozisyonumuzu de\u011fi\u015ftiriyoruz, yorgan h\u0131\u015f\u0131rd\u0131yor. Ba\u015flatt\u0131\u011f\u0131m\u0131z tart\u0131\u015fma i\u00e7imde, \u00f6ncekinden de \u015fiddetli bir bi\u00e7imde devam ediyor. Traudel&#8217;le bu t\u00fcr konu\u015fmalar yapmaya al\u0131\u015f\u0131k de\u011filim. Ayr\u0131ca, ger\u00e7ekten korkuyorum. Bana g\u00f6re, bu konu\u015fma bile, \u00e7ok korktu\u011fum y\u0131k\u0131m\u0131n gizlice ba\u015flad\u0131\u011f\u0131n\u0131n bir i\u015fareti&#8230; \u015eimdi biraz kafa da\u011f\u0131tmay\u0131 \u00e7ok isterdim, ama cinsel birle\u015fmeden sonra televizyonu a\u00e7may\u0131 ikimiz de kaba buluruz. Fakat burada b\u00f6yle karanl\u0131kta yat\u0131p duramam da. Yaln\u0131zl\u0131k normal de, birdenbire ortaya \u00e7\u0131kmas\u0131 \u00f6yle i\u011fren\u00e7 ki.S\u00fcrekli hayat \u00fczerine kafa yoran ve bir imge avc\u0131s\u0131 gibi etraf\u0131ndaki k\u00fc\u00e7\u00fck ayr\u0131nt\u0131lar\u0131 g\u00f6zlemleyerek mutluluk k\u0131r\u0131nt\u0131lar\u0131 yakalamaya, bunlara tutunmaya \u00e7al\u0131\u015fan bir adam i\u00e7 d\u00fcnyas\u0131yla, hayatla, i\u015fiyle iyi k\u00f6t\u00fc idare ederken, bir g\u00fcn her \u015fey sevgilisinin \u00e7ocuk sahibi olmak istemesiyle alt\u00fcst oluyor. Dengeler bozulmu\u015f, sorgulama ve hesapla\u015fma ba\u015flam\u0131\u015ft\u0131r art\u0131k\u2026&#8221;Kafka&#8217;n\u0131n anlat\u0131 gelene\u011fini s\u00fcrd\u00fcren Genazino, titiz ayr\u0131nt\u0131larla \u00f6rd\u00fc\u011f\u00fc romanlar\u0131n\u0131 giderek m\u00fckemmelle\u015ftiriyor&#8230; Bu kitap k\u00fc\u00e7\u00fck bir \u015faheser.&#8221; Jan B\u00fcrger, Literaturen&#8221;G\u00fcndelik hayat\u0131n ince ince g\u00f6zlemlenmesi, mizah duygusu, s\u0131radanl\u0131\u011f\u0131 evrensel bir insanl\u0131k durumu olarak yorumlama e\u011filimi&#8230; Genazino&#8217;nun tipik \u00f6zellikleri.&#8221; Ulrich Greiner, Die Zeit<\/p>\n","protected":false},"excerpt":{"rendered":"<p>Aram\u0131zda bir sessizlik oluyor. Yat\u0131\u015f pozisyonumuzu de\u011fi\u015ftiriyoruz, yorgan h\u0131\u015f\u0131rd\u0131yor. Ba\u015flatt\u0131\u011f\u0131m\u0131z tart\u0131\u015fma i\u00e7imde, \u00f6ncekinden de \u015fiddetli bir bi\u00e7imde devam ediyor. Traudel&#8217;le bu t\u00fcr konu\u015fmalar yapmaya al\u0131\u015f\u0131k de\u011filim.<span class=\"excerpt-hellip\"> [\u2026]<\/span><\/p>\n","protected":false},"featured_media":0,"template":"","meta":{"_monsterinsights_skip_tracking":false,"_monsterinsights_sitenote_active":false,"_monsterinsights_sitenote_note":"","_monsterinsights_sitenote_category":0},"product_brand":[],"product_cat":[12782,12291],"product_tag":[],"class_list":{"0":"post-698643","1":"product","2":"type-product","3":"status-publish","5":"product_cat-alman-edebiyati","6":"product_cat-edebiyat","7":"pa_cilt-ciltsiz","8":"pa_tur-kitap","9":"pa_yayinevi-ayrinti-yayinlari","10":"pa_yazar-wilhelm-genazino","12":"first","13":"instock","14":"sale","15":"shipping-taxable","16":"purchasable","17":"product-type-simple"},"_links":{"self":[{"href":"https:\/\/roveyayinevi.com.tr\/index.php\/wp-json\/wp\/v2\/product\/698643","targetHints":{"allow":["GET"]}}],"collection":[{"href":"https:\/\/roveyayinevi.com.tr\/index.php\/wp-json\/wp\/v2\/product"}],"about":[{"href":"https:\/\/roveyayinevi.com.tr\/index.php\/wp-json\/wp\/v2\/types\/product"}],"wp:attachment":[{"href":"https:\/\/roveyayinevi.com.tr\/index.php\/wp-json\/wp\/v2\/media?parent=698643"}],"wp:term":[{"taxonomy":"product_brand","embeddable":true,"href":"https:\/\/roveyayinevi.com.tr\/index.php\/wp-json\/wp\/v2\/product_brand?post=698643"},{"taxonomy":"product_cat","embeddable":true,"href":"https:\/\/roveyayinevi.com.tr\/index.php\/wp-json\/wp\/v2\/product_cat?post=698643"},{"taxonomy":"product_tag","embeddable":true,"href":"https:\/\/roveyayinevi.com.tr\/index.php\/wp-json\/wp\/v2\/product_tag?post=698643"}],"curies":[{"name":"wp","href":"https:\/\/api.w.org\/{rel}","templated":true}]}}