{"id":698642,"date":"2025-08-27T14:46:34","date_gmt":"2025-08-27T11:46:34","guid":{"rendered":"https:\/\/roveyayinevi.com.tr\/index.php\/urun\/golgelerin-efendisi-11-kayip-oykuler\/"},"modified":"2026-04-16T02:08:15","modified_gmt":"2026-04-15T23:08:15","slug":"golgelerin-efendisi-11-kayip-oykuler","status":"publish","type":"product","link":"https:\/\/roveyayinevi.com.tr\/index.php\/urun\/golgelerin-efendisi-11-kayip-oykuler\/","title":{"rendered":"G\u00f6lgelerin Efendisi 11 &#8211; Kay\u0131p \u00d6yk\u00fcler"},"content":{"rendered":"<p>John Flanagan, \u015fimdiye dek yay\u0131mlanan on G\u00f6lgelerin Efendisi kitab\u0131nda unutulmaz maceralar kaleme ald\u0131. Bu maceralar\u0131n yan\u0131 s\u0131ra detayl\u0131 anlatmad\u0131\u011f\u0131 pek \u00e7ok olaya da de\u011findi. &#8220;Kay\u0131p \u00d6yk\u00fcler&#8221;, bu olaylar\u0131n ayr\u0131nt\u0131lar\u0131n\u0131 merak eden sad\u0131k okurlar\u0131ndan  gelen sorularla ortaya \u00e7\u0131kt\u0131. Halt&#8217;unWill&#8217;i yan\u0131na \u00e7\u0131rak olarak almas\u0131n\u0131n as\u0131l nedeni neydi? Halt s\u00fcrg\u00fcndeyken onun g\u00f6revini ge\u00e7ici olarak devralan Gilan, Halt&#8217;un \u00f6nceden pe\u015fine d\u00fc\u015fm\u00fc\u015f oldu\u011fu so\u011fukkanl\u0131 katili takip ederken neler ya\u015fad\u0131? Ve yan\u0131t\u0131 en \u00e7ok merak edilen sorulardan biri; Halt&#8217;un ustas\u0131 kimdi? Bunlar gibi bir\u00e7ok sorunun yan\u0131t\u0131n\u0131 &#8220;Kay\u0131p \u00d6yk\u00fcler&#8221;de bulacaks\u0131n\u0131z\u2026 <\/p>\n","protected":false},"excerpt":{"rendered":"<p>John Flanagan, \u015fimdiye dek yay\u0131mlanan on G\u00f6lgelerin Efendisi kitab\u0131nda unutulmaz maceralar kaleme ald\u0131. Bu maceralar\u0131n yan\u0131 s\u0131ra detayl\u0131 anlatmad\u0131\u011f\u0131 pek \u00e7ok olaya da de\u011findi. &#8220;Kay\u0131p \u00d6yk\u00fcler&#8221;,<span class=\"excerpt-hellip\"> [\u2026]<\/span><\/p>\n","protected":false},"featured_media":0,"template":"","meta":{"_monsterinsights_skip_tracking":false,"_monsterinsights_sitenote_active":false,"_monsterinsights_sitenote_note":"","_monsterinsights_sitenote_category":0},"product_brand":[],"product_cat":[12291,12866],"product_tag":[],"class_list":{"0":"post-698642","1":"product","2":"type-product","3":"status-publish","5":"product_cat-edebiyat","6":"product_cat-ingiliz-edebiyati","7":"pa_cilt-ciltsiz","8":"pa_tur-kitap","9":"pa_yayinevi-beyaz-balina-yayinlari","10":"pa_yazar-john-flanagan","12":"first","13":"instock","14":"sale","15":"shipping-taxable","16":"purchasable","17":"product-type-simple"},"_links":{"self":[{"href":"https:\/\/roveyayinevi.com.tr\/index.php\/wp-json\/wp\/v2\/product\/698642","targetHints":{"allow":["GET"]}}],"collection":[{"href":"https:\/\/roveyayinevi.com.tr\/index.php\/wp-json\/wp\/v2\/product"}],"about":[{"href":"https:\/\/roveyayinevi.com.tr\/index.php\/wp-json\/wp\/v2\/types\/product"}],"wp:attachment":[{"href":"https:\/\/roveyayinevi.com.tr\/index.php\/wp-json\/wp\/v2\/media?parent=698642"}],"wp:term":[{"taxonomy":"product_brand","embeddable":true,"href":"https:\/\/roveyayinevi.com.tr\/index.php\/wp-json\/wp\/v2\/product_brand?post=698642"},{"taxonomy":"product_cat","embeddable":true,"href":"https:\/\/roveyayinevi.com.tr\/index.php\/wp-json\/wp\/v2\/product_cat?post=698642"},{"taxonomy":"product_tag","embeddable":true,"href":"https:\/\/roveyayinevi.com.tr\/index.php\/wp-json\/wp\/v2\/product_tag?post=698642"}],"curies":[{"name":"wp","href":"https:\/\/api.w.org\/{rel}","templated":true}]}}