{"id":698641,"date":"2025-08-27T14:46:34","date_gmt":"2025-08-27T11:46:34","guid":{"rendered":"https:\/\/roveyayinevi.com.tr\/index.php\/urun\/nazi-almanyasi-ve-yahudiler-cilt-1-zulum-yillari-1933-1939\/"},"modified":"2026-04-16T02:08:15","modified_gmt":"2026-04-15T23:08:15","slug":"nazi-almanyasi-ve-yahudiler-cilt-1-zulum-yillari-1933-1939","status":"publish","type":"product","link":"https:\/\/roveyayinevi.com.tr\/index.php\/urun\/nazi-almanyasi-ve-yahudiler-cilt-1-zulum-yillari-1933-1939\/","title":{"rendered":"Nazi Almanyas\u0131 ve Yahudiler Cilt 1: Zul\u00fcm Y\u0131llar\u0131 (1933-1939)"},"content":{"rendered":"<p>\u201cKusursuz derecede nesnel ve titiz bir \u00e7al\u0131\u015fma. \u0130nsanlar\u0131n i\u00e7ine d\u00fc\u015ft\u00fc\u011f\u00fc idraksizli\u011fi a\u00e7\u0131kl\u0131yor ama bereket versin, ge\u00e7i\u015ftirmiyor. \u015ea\u015f\u0131rt\u0131c\u0131 ve insan\u0131 saran, unutulmaz bir kitap\u201d. \ufffcTan\u0131t\u0131m Metni<\/p>\n","protected":false},"excerpt":{"rendered":"<p>\u201cKusursuz derecede nesnel ve titiz bir \u00e7al\u0131\u015fma. \u0130nsanlar\u0131n i\u00e7ine d\u00fc\u015ft\u00fc\u011f\u00fc idraksizli\u011fi a\u00e7\u0131kl\u0131yor ama bereket versin, ge\u00e7i\u015ftirmiyor. \u015ea\u015f\u0131rt\u0131c\u0131 ve insan\u0131 saran, unutulmaz bir kitap\u201d. \ufffcTan\u0131t\u0131m Metni<\/p>\n","protected":false},"featured_media":0,"template":"","meta":{"_monsterinsights_skip_tracking":false,"_monsterinsights_sitenote_active":false,"_monsterinsights_sitenote_note":"","_monsterinsights_sitenote_category":0},"product_brand":[],"product_cat":[13072,12291],"product_tag":[],"class_list":{"0":"post-698641","1":"product","2":"type-product","3":"status-publish","5":"product_cat-arastirma-inceleme-referans","6":"product_cat-edebiyat","7":"pa_cilt-ciltsiz","8":"pa_tur-kitap","9":"pa_yayinevi-iletisim-yayinlari","10":"pa_yazar-saul-friedlander","12":"first","13":"instock","14":"sale","15":"shipping-taxable","16":"purchasable","17":"product-type-simple"},"_links":{"self":[{"href":"https:\/\/roveyayinevi.com.tr\/index.php\/wp-json\/wp\/v2\/product\/698641","targetHints":{"allow":["GET"]}}],"collection":[{"href":"https:\/\/roveyayinevi.com.tr\/index.php\/wp-json\/wp\/v2\/product"}],"about":[{"href":"https:\/\/roveyayinevi.com.tr\/index.php\/wp-json\/wp\/v2\/types\/product"}],"wp:attachment":[{"href":"https:\/\/roveyayinevi.com.tr\/index.php\/wp-json\/wp\/v2\/media?parent=698641"}],"wp:term":[{"taxonomy":"product_brand","embeddable":true,"href":"https:\/\/roveyayinevi.com.tr\/index.php\/wp-json\/wp\/v2\/product_brand?post=698641"},{"taxonomy":"product_cat","embeddable":true,"href":"https:\/\/roveyayinevi.com.tr\/index.php\/wp-json\/wp\/v2\/product_cat?post=698641"},{"taxonomy":"product_tag","embeddable":true,"href":"https:\/\/roveyayinevi.com.tr\/index.php\/wp-json\/wp\/v2\/product_tag?post=698641"}],"curies":[{"name":"wp","href":"https:\/\/api.w.org\/{rel}","templated":true}]}}