{"id":698637,"date":"2025-08-27T14:46:33","date_gmt":"2025-08-27T11:46:33","guid":{"rendered":"https:\/\/roveyayinevi.com.tr\/index.php\/urun\/kadin-olmayi-hatirlamak\/"},"modified":"2026-04-16T02:08:14","modified_gmt":"2026-04-15T23:08:14","slug":"kadin-olmayi-hatirlamak","status":"publish","type":"product","link":"https:\/\/roveyayinevi.com.tr\/index.php\/urun\/kadin-olmayi-hatirlamak\/","title":{"rendered":"Kad\u0131n Olmay\u0131 Hat\u0131rlamak"},"content":{"rendered":"<p>Annem gibi olmayaca\u011f\u0131m ve babam gibi biriyle evlenmeyece\u011fim\u2026Allah\u2019\u0131m, beni neden erkek yaratmad\u0131n? Erkek olsayd\u0131m, yapaca\u011f\u0131m\u0131 bilirdim!Gece g\u00fcnd\u00fcz \u00e7al\u0131\u015f\u0131yorum, para bana zor geliyor ve elimde durmadan hemen gidiyor!Erkeklerin i\u015fi g\u00fcc\u00fc cinsellik; hi\u00e7 mi d\u00fczg\u00fcn adam kalmad\u0131!Aldat\u0131ld\u0131m! Terk edildim! \u00c7aresizim! Mutlu de\u011filim! Endi\u015felerim her ge\u00e7en g\u00fcn art\u0131yor! Huzurlu de\u011filim! Hak etti\u011fim yerde de\u011filim! Bedenimle bar\u0131\u015f\u0131k de\u011filim!\u201cEndi\u015fe etmekten, kontrolc\u00fc olmaktan, m\u00fckemmeliyet\u00e7ilikten, kafaya takmaktan, d\u00fcnyay\u0131 s\u0131rt\u0131mda ta\u015f\u0131maktan, g\u00f6zya\u015flar\u0131m\u0131 i\u00e7ime atmaktan, gece ba\u015f\u0131m\u0131 sevgi dolu bir omza dayamak yerine yast\u0131\u011fa s\u0131k\u0131\u015ft\u0131rmaktan, insanlar ne der, diye d\u00fc\u015f\u00fcnmekten, annemin babam\u0131n endi\u015felerinden ve hayat\u0131ma kar\u0131\u015fmalar\u0131ndan, kendi yolumu bulamamaktan, kilo almaktan, erkekleri anlayamamaktan, hayat\u0131n zorlu\u011fundan ve en \u00f6nemlisi de \u2018kad\u0131n\u2019 olmaktan yoruldum!\u201d diyorsan\u0131z e\u011fer, okuyaca\u011f\u0131n\u0131z kitab\u0131n hayat\u0131n\u0131z\u0131 de\u011fi\u015ftirmeye ba\u015flayaca\u011f\u0131na emin olabilirsiniz\u2026Y\u0131llard\u0131r kendini erteliyorsun!!! \u015eimdi kendin i\u00e7in bir ad\u0131m at ve bu kitab\u0131 eline al! Hisset\u2026 \u0130\u00e7inde sen vars\u0131n\u2026 Art\u0131k sabah olmak \u00fczere\u2026 G\u00fcn do\u011fuyor\u2026 Tam kalbine\u2026 Ad\u0131m at ve bu sefer kendin i\u00e7in olsun!Okuyaca\u011f\u0131n\u0131z bu kitap, bir kad\u0131n\u0131n hayat\u0131n\u0131 dengeye alabilmesine, kendini yeniden programlayabilmesine ve Allah\u2019\u0131n onu yaratt\u0131\u011f\u0131 ger\u00e7ek di\u015fi enerjisiyle var olabilmesine yard\u0131mc\u0131 olmak i\u00e7in yaz\u0131lm\u0131\u015ft\u0131r.T\u00fcm kad\u0131nlara \u015fifa olmas\u0131 niyetiyle&#8230;<\/p>\n","protected":false},"excerpt":{"rendered":"<p>Annem gibi olmayaca\u011f\u0131m ve babam gibi biriyle evlenmeyece\u011fim\u2026Allah\u2019\u0131m, beni neden erkek yaratmad\u0131n? Erkek olsayd\u0131m, yapaca\u011f\u0131m\u0131 bilirdim!Gece g\u00fcnd\u00fcz \u00e7al\u0131\u015f\u0131yorum, para bana zor geliyor ve elimde durmadan hemen<span class=\"excerpt-hellip\"> [\u2026]<\/span><\/p>\n","protected":false},"featured_media":0,"template":"","meta":{"_monsterinsights_skip_tracking":false,"_monsterinsights_sitenote_active":false,"_monsterinsights_sitenote_note":"","_monsterinsights_sitenote_category":0},"product_brand":[],"product_cat":[14741,13488],"product_tag":[],"class_list":{"0":"post-698637","1":"product","2":"type-product","3":"status-publish","5":"product_cat-kadin-sorunlari-feminizm","6":"product_cat-toplum-ve-insan","7":"pa_cilt-ciltsiz","8":"pa_tur-kitap","9":"pa_yayinevi-destek-yayinlari","10":"pa_yazar-bulent-gardiyanoglu","12":"first","13":"instock","14":"sale","15":"shipping-taxable","16":"purchasable","17":"product-type-simple"},"_links":{"self":[{"href":"https:\/\/roveyayinevi.com.tr\/index.php\/wp-json\/wp\/v2\/product\/698637","targetHints":{"allow":["GET"]}}],"collection":[{"href":"https:\/\/roveyayinevi.com.tr\/index.php\/wp-json\/wp\/v2\/product"}],"about":[{"href":"https:\/\/roveyayinevi.com.tr\/index.php\/wp-json\/wp\/v2\/types\/product"}],"wp:attachment":[{"href":"https:\/\/roveyayinevi.com.tr\/index.php\/wp-json\/wp\/v2\/media?parent=698637"}],"wp:term":[{"taxonomy":"product_brand","embeddable":true,"href":"https:\/\/roveyayinevi.com.tr\/index.php\/wp-json\/wp\/v2\/product_brand?post=698637"},{"taxonomy":"product_cat","embeddable":true,"href":"https:\/\/roveyayinevi.com.tr\/index.php\/wp-json\/wp\/v2\/product_cat?post=698637"},{"taxonomy":"product_tag","embeddable":true,"href":"https:\/\/roveyayinevi.com.tr\/index.php\/wp-json\/wp\/v2\/product_tag?post=698637"}],"curies":[{"name":"wp","href":"https:\/\/api.w.org\/{rel}","templated":true}]}}