{"id":698633,"date":"2025-08-27T14:46:26","date_gmt":"2025-08-27T11:46:26","guid":{"rendered":"https:\/\/roveyayinevi.com.tr\/index.php\/urun\/guliverin-gezileri-5\/"},"modified":"2026-04-16T02:08:14","modified_gmt":"2026-04-15T23:08:14","slug":"guliverin-gezileri-5","status":"publish","type":"product","link":"https:\/\/roveyayinevi.com.tr\/index.php\/urun\/guliverin-gezileri-5\/","title":{"rendered":"G\u00fcliver&#8217;in Gezileri"},"content":{"rendered":"<p>Ge\u00e7imini sa\u011flamak i\u00e7in gemide doktorluk yapan Gulliver&#8217;in C\u00fcceler ve Devler \u00dclkesi, U\u00e7an Laputa, Glubbdubdrib adalar\u0131 ve halk\u0131 atlardan olu\u015fan Houyhynhnm \u00dclkesi&#8217;ne yapt\u0131\u011f\u0131 macera dolu seyahat.<\/p>\n","protected":false},"excerpt":{"rendered":"<p>Ge\u00e7imini sa\u011flamak i\u00e7in gemide doktorluk yapan Gulliver&#8217;in C\u00fcceler ve Devler \u00dclkesi, U\u00e7an Laputa, Glubbdubdrib adalar\u0131 ve halk\u0131 atlardan olu\u015fan Houyhynhnm \u00dclkesi&#8217;ne yapt\u0131\u011f\u0131 macera dolu seyahat.<\/p>\n","protected":false},"featured_media":0,"template":"","meta":{"_monsterinsights_skip_tracking":false,"_monsterinsights_sitenote_active":false,"_monsterinsights_sitenote_note":"","_monsterinsights_sitenote_category":0},"product_brand":[],"product_cat":[12274,12523],"product_tag":[],"class_list":{"0":"post-698633","1":"product","2":"type-product","3":"status-publish","5":"product_cat-cocuk-ve-genclik-kitaplari","6":"product_cat-masallar","7":"pa_cilt-ciltsiz","8":"pa_tur-kitap","9":"pa_yayinevi-erdem-cocuk","10":"pa_yazar-edmondo-de-amicis","12":"first","13":"instock","14":"sale","15":"shipping-taxable","16":"purchasable","17":"product-type-simple"},"_links":{"self":[{"href":"https:\/\/roveyayinevi.com.tr\/index.php\/wp-json\/wp\/v2\/product\/698633","targetHints":{"allow":["GET"]}}],"collection":[{"href":"https:\/\/roveyayinevi.com.tr\/index.php\/wp-json\/wp\/v2\/product"}],"about":[{"href":"https:\/\/roveyayinevi.com.tr\/index.php\/wp-json\/wp\/v2\/types\/product"}],"wp:attachment":[{"href":"https:\/\/roveyayinevi.com.tr\/index.php\/wp-json\/wp\/v2\/media?parent=698633"}],"wp:term":[{"taxonomy":"product_brand","embeddable":true,"href":"https:\/\/roveyayinevi.com.tr\/index.php\/wp-json\/wp\/v2\/product_brand?post=698633"},{"taxonomy":"product_cat","embeddable":true,"href":"https:\/\/roveyayinevi.com.tr\/index.php\/wp-json\/wp\/v2\/product_cat?post=698633"},{"taxonomy":"product_tag","embeddable":true,"href":"https:\/\/roveyayinevi.com.tr\/index.php\/wp-json\/wp\/v2\/product_tag?post=698633"}],"curies":[{"name":"wp","href":"https:\/\/api.w.org\/{rel}","templated":true}]}}