{"id":698632,"date":"2025-08-27T14:46:26","date_gmt":"2025-08-27T11:46:26","guid":{"rendered":"https:\/\/roveyayinevi.com.tr\/index.php\/urun\/sosyal-hizmet-uygulamasi\/"},"modified":"2026-04-16T02:08:14","modified_gmt":"2026-04-15T23:08:14","slug":"sosyal-hizmet-uygulamasi","status":"publish","type":"product","link":"https:\/\/roveyayinevi.com.tr\/index.php\/urun\/sosyal-hizmet-uygulamasi\/","title":{"rendered":"Sosyal Hizmet Uygulamas\u0131"},"content":{"rendered":"<p>Sosyal hizmet, g\u00fcn\u00fcm\u00fcz\u00fcn karma\u015f\u0131k ve s\u00fcrekli de\u011fi\u015fen toplumunda vazge\u00e7ilemez bir meslek durumundad\u0131r. Bir\u00e7ok insan, do\u011frudan ya da dolayl\u0131 olarak, sosyal hizmet uzmanlar\u0131n\u0131n kararlar\u0131ndan ve eylemlerinden etkilenir. Sosyal hizmet uzmanlar\u0131 mahkemelerde, kliniklerde, hastanelerde, okullarda, i\u015f yerlerinde ve \u00e7ok say\u0131daki \u00f6zel ve kamusal sosyal kurumda \u00e7al\u0131\u015farak, m\u00fcracaat\u00e7\u0131lar\u0131na, geni\u015f \u00e7e\u015fitlilikteki hizmetleri sunarlar. Bir birey, bir aile ya da bir toplulu\u011fun \u00fcyeleri i\u00e7in ya\u015fam kalitesini art\u0131rmak, b\u00fct\u00fcn olarak toplumun sa\u011fl\u0131\u011f\u0131, mutlulu\u011fu ve \u00fcretkenli\u011fi \u00fczerinde de olumlu etkiler sa\u011flayacakt\u0131r.Bu kitap, sosyal hizmet uzmanlar\u0131n\u0131n m\u00fcracaat\u00e7\u0131lar\u0131n\u0131n sorunlar\u0131n\u0131 \u00e7\u00f6zmeye ve\/veya is\u015flevlerini zenginles\u015ftirmeye yard\u0131m ederken asl\u0131nda ne yapt\u0131klar\u0131 hakk\u0131ndad\u0131r. Sosyal hizmet uzmanlar\u0131n\u0131n g\u00fcndelik uygulamada kulland\u0131\u011f\u0131 bir\u00e7ok temel ve \u00f6zg\u00fcl teknikleri ve ilkeler, bu \u00e7al\u0131smada ortaya koyulmaktad\u0131r. Sosyal hizmet uzmanlar\u0131, sosyal hizmet e\u011fitimi programlar\u0131nda uygulamaya d\u00f6n\u00fck kuramlar ve kavramsal \u00e7er\u00e7eveler hakk\u0131nda bilgi edinirler. Her ne kadar bu bilgi temeli gerekli olsa da, uygulama, bir fikirler k\u00fcmesinden daha fazlas\u0131d\u0131r. Sosyal hizmet teorisini de belirleyen uygulama s\u00fcreci, bu eserde derinlikli bir \u015fekilde analiz edilmi\u015ftir. Bu anlam\u0131yla, kitap, sosyal hizmet kuram ve uygulamas\u0131 i\u00e7in etkili bir kaynak olma niteli\u011findedir. <\/p>\n","protected":false},"excerpt":{"rendered":"<p>Sosyal hizmet, g\u00fcn\u00fcm\u00fcz\u00fcn karma\u015f\u0131k ve s\u00fcrekli de\u011fi\u015fen toplumunda vazge\u00e7ilemez bir meslek durumundad\u0131r. Bir\u00e7ok insan, do\u011frudan ya da dolayl\u0131 olarak, sosyal hizmet uzmanlar\u0131n\u0131n kararlar\u0131ndan ve eylemlerinden etkilenir.<span class=\"excerpt-hellip\"> [\u2026]<\/span><\/p>\n","protected":false},"featured_media":0,"template":"","meta":{"_monsterinsights_skip_tracking":false,"_monsterinsights_sitenote_active":false,"_monsterinsights_sitenote_note":"","_monsterinsights_sitenote_category":0},"product_brand":[],"product_cat":[12835,12324],"product_tag":[],"class_list":{"0":"post-698632","1":"product","2":"type-product","3":"status-publish","5":"product_cat-genel-sosyoloji","6":"product_cat-sosyoloji","7":"pa_cilt-ciltsiz","8":"pa_tur-kitap","9":"pa_yayinevi-nika-yayinevi","10":"pa_yazar-bradford-w-sheafor","11":"pa_yazar-charles-j-horejsi","13":"first","14":"instock","15":"sale","16":"shipping-taxable","17":"purchasable","18":"product-type-simple"},"_links":{"self":[{"href":"https:\/\/roveyayinevi.com.tr\/index.php\/wp-json\/wp\/v2\/product\/698632","targetHints":{"allow":["GET"]}}],"collection":[{"href":"https:\/\/roveyayinevi.com.tr\/index.php\/wp-json\/wp\/v2\/product"}],"about":[{"href":"https:\/\/roveyayinevi.com.tr\/index.php\/wp-json\/wp\/v2\/types\/product"}],"wp:attachment":[{"href":"https:\/\/roveyayinevi.com.tr\/index.php\/wp-json\/wp\/v2\/media?parent=698632"}],"wp:term":[{"taxonomy":"product_brand","embeddable":true,"href":"https:\/\/roveyayinevi.com.tr\/index.php\/wp-json\/wp\/v2\/product_brand?post=698632"},{"taxonomy":"product_cat","embeddable":true,"href":"https:\/\/roveyayinevi.com.tr\/index.php\/wp-json\/wp\/v2\/product_cat?post=698632"},{"taxonomy":"product_tag","embeddable":true,"href":"https:\/\/roveyayinevi.com.tr\/index.php\/wp-json\/wp\/v2\/product_tag?post=698632"}],"curies":[{"name":"wp","href":"https:\/\/api.w.org\/{rel}","templated":true}]}}