{"id":698626,"date":"2025-08-27T14:46:24","date_gmt":"2025-08-27T11:46:24","guid":{"rendered":"https:\/\/roveyayinevi.com.tr\/index.php\/urun\/nasreddin-hoca-fikralar\/"},"modified":"2026-04-16T02:08:14","modified_gmt":"2026-04-15T23:08:14","slug":"nasreddin-hoca-fikralar","status":"publish","type":"product","link":"https:\/\/roveyayinevi.com.tr\/index.php\/urun\/nasreddin-hoca-fikralar\/","title":{"rendered":"Nasreddin Hoca F\u0131kralar"},"content":{"rendered":"<p>Nasreddin Hoca, \u00fcn\u00fc as\u0131rlar\u0131 ve s\u0131n\u0131rlar\u0131 a\u015fm\u0131\u015f, b\u00fct\u00fcn d\u00fcnyada tan\u0131nm\u0131\u015f ve sevilmi\u015f bir bilgi, hikmet ye n\u00fckte dehas\u0131d\u0131r. O, <\/p>\n","protected":false},"excerpt":{"rendered":"<p>Nasreddin Hoca, \u00fcn\u00fc as\u0131rlar\u0131 ve s\u0131n\u0131rlar\u0131 a\u015fm\u0131\u015f, b\u00fct\u00fcn d\u00fcnyada tan\u0131nm\u0131\u015f ve sevilmi\u015f bir bilgi, hikmet ye n\u00fckte dehas\u0131d\u0131r. O,<\/p>\n","protected":false},"featured_media":0,"template":"","meta":{"_monsterinsights_skip_tracking":false,"_monsterinsights_sitenote_active":false,"_monsterinsights_sitenote_note":"","_monsterinsights_sitenote_category":0},"product_brand":[],"product_cat":[12492,12274],"product_tag":[],"class_list":{"0":"post-698626","1":"product","2":"type-product","3":"status-publish","5":"product_cat-bilmece-bulmaca","6":"product_cat-cocuk-ve-genclik-kitaplari","7":"pa_tur-kitap","8":"pa_yayinevi-bilge-kultur-sanat","9":"pa_yazar-nasreddin-hoca","11":"first","12":"instock","13":"sale","14":"shipping-taxable","15":"purchasable","16":"product-type-simple"},"_links":{"self":[{"href":"https:\/\/roveyayinevi.com.tr\/index.php\/wp-json\/wp\/v2\/product\/698626","targetHints":{"allow":["GET"]}}],"collection":[{"href":"https:\/\/roveyayinevi.com.tr\/index.php\/wp-json\/wp\/v2\/product"}],"about":[{"href":"https:\/\/roveyayinevi.com.tr\/index.php\/wp-json\/wp\/v2\/types\/product"}],"wp:attachment":[{"href":"https:\/\/roveyayinevi.com.tr\/index.php\/wp-json\/wp\/v2\/media?parent=698626"}],"wp:term":[{"taxonomy":"product_brand","embeddable":true,"href":"https:\/\/roveyayinevi.com.tr\/index.php\/wp-json\/wp\/v2\/product_brand?post=698626"},{"taxonomy":"product_cat","embeddable":true,"href":"https:\/\/roveyayinevi.com.tr\/index.php\/wp-json\/wp\/v2\/product_cat?post=698626"},{"taxonomy":"product_tag","embeddable":true,"href":"https:\/\/roveyayinevi.com.tr\/index.php\/wp-json\/wp\/v2\/product_tag?post=698626"}],"curies":[{"name":"wp","href":"https:\/\/api.w.org\/{rel}","templated":true}]}}