{"id":698620,"date":"2025-08-27T14:46:22","date_gmt":"2025-08-27T11:46:22","guid":{"rendered":"https:\/\/roveyayinevi.com.tr\/index.php\/urun\/prens\/"},"modified":"2026-04-16T02:07:59","modified_gmt":"2026-04-15T23:07:59","slug":"prens","status":"publish","type":"product","link":"https:\/\/roveyayinevi.com.tr\/index.php\/urun\/prens\/","title":{"rendered":"Prens"},"content":{"rendered":"<p>Devlet Y\u00f6netme Sanat\u0131n\u0131n Ba\u015fyap\u0131t\u0131\u2026Kimilerince devlet y\u00f6netiminde zafere giden her yolun mubah oldu\u011funu savundu\u011fu i\u00e7in ele\u015ftirilen, kimilerince de siyasal bir ba\u015fyap\u0131t olarak say\u0131lan Prens, devlet y\u00f6netme sanat\u0131 ve siyaset eti\u011fi \u00fczerine yaz\u0131lm\u0131\u015f en etkili eserlerdendir.Prens\u2019in kaleme al\u0131nd\u0131\u011f\u0131 d\u00f6nem \u0130talyan R\u00f6nesans\u0131\u2019na denk gelmektedir. Sanatta, bilimde ve edebiyatta b\u00fcy\u00fck bir d\u00f6n\u00fc\u015f\u00fcm\u00fcn ya\u015fand\u0131\u011f\u0131 bu d\u00f6nemde Katolik Kilisesi\u2019nin etkisi azalm\u0131\u015f ve Avrupa\u2019da modern devlet kavram\u0131 ye\u015fermeye ba\u015flam\u0131\u015ft\u0131. Bu co\u011frafyada Venedik, Floransa, Pisa, Cenova gibi b\u00f6lgeler birbirinden ba\u011f\u0131ms\u0131z kent devletleri haline gelmi\u015flerdi. Prens, bu d\u00f6neme ili\u015fkin devlet y\u00f6netme sanat\u0131na yeni bir bak\u0131\u015f getiren \u00e7al\u0131\u015fma olarak tan\u0131nd\u0131.G\u00fcn\u00fcm\u00fcze de \u0131\u015f\u0131k tutan Machiavelli\u2019nin bu yap\u0131t\u0131, siyaset felsefesinin temel metinlerinden biri olarak kabul edilmektedir.<\/p>\n","protected":false},"excerpt":{"rendered":"<p>Devlet Y\u00f6netme Sanat\u0131n\u0131n Ba\u015fyap\u0131t\u0131\u2026Kimilerince devlet y\u00f6netiminde zafere giden her yolun mubah oldu\u011funu savundu\u011fu i\u00e7in ele\u015ftirilen, kimilerince de siyasal bir ba\u015fyap\u0131t olarak say\u0131lan Prens, devlet y\u00f6netme sanat\u0131<span class=\"excerpt-hellip\"> [\u2026]<\/span><\/p>\n","protected":false},"featured_media":0,"template":"","meta":{"_monsterinsights_skip_tracking":false,"_monsterinsights_sitenote_active":false,"_monsterinsights_sitenote_note":"","_monsterinsights_sitenote_category":0},"product_brand":[],"product_cat":[12312,12304],"product_tag":[],"class_list":{"0":"post-698620","1":"product","2":"type-product","3":"status-publish","5":"product_cat-diger","6":"product_cat-tarih","7":"pa_cilt-ciltsiz","8":"pa_tur-kitap","9":"pa_yayinevi-remzi-kitabevi","10":"pa_yazar-niccolo-machiavelli","12":"first","13":"instock","14":"sale","15":"shipping-taxable","16":"purchasable","17":"product-type-simple"},"_links":{"self":[{"href":"https:\/\/roveyayinevi.com.tr\/index.php\/wp-json\/wp\/v2\/product\/698620","targetHints":{"allow":["GET"]}}],"collection":[{"href":"https:\/\/roveyayinevi.com.tr\/index.php\/wp-json\/wp\/v2\/product"}],"about":[{"href":"https:\/\/roveyayinevi.com.tr\/index.php\/wp-json\/wp\/v2\/types\/product"}],"wp:attachment":[{"href":"https:\/\/roveyayinevi.com.tr\/index.php\/wp-json\/wp\/v2\/media?parent=698620"}],"wp:term":[{"taxonomy":"product_brand","embeddable":true,"href":"https:\/\/roveyayinevi.com.tr\/index.php\/wp-json\/wp\/v2\/product_brand?post=698620"},{"taxonomy":"product_cat","embeddable":true,"href":"https:\/\/roveyayinevi.com.tr\/index.php\/wp-json\/wp\/v2\/product_cat?post=698620"},{"taxonomy":"product_tag","embeddable":true,"href":"https:\/\/roveyayinevi.com.tr\/index.php\/wp-json\/wp\/v2\/product_tag?post=698620"}],"curies":[{"name":"wp","href":"https:\/\/api.w.org\/{rel}","templated":true}]}}