{"id":698618,"date":"2025-08-27T14:46:21","date_gmt":"2025-08-27T11:46:21","guid":{"rendered":"https:\/\/roveyayinevi.com.tr\/index.php\/urun\/100dunya-1-100-dunyanin-gizli-yuzu\/"},"modified":"2026-04-16T02:07:59","modified_gmt":"2026-04-15T23:07:59","slug":"100dunya-1-100-dunyanin-gizli-yuzu","status":"publish","type":"product","link":"https:\/\/roveyayinevi.com.tr\/index.php\/urun\/100dunya-1-100-dunyanin-gizli-yuzu\/","title":{"rendered":"100D\u00fcnya 1: 100 D\u00fcnya&#8217;n\u0131n Gizli Y\u00fcz\u00fc"},"content":{"rendered":"<p>Engin okyanuslardan uzay\u0131n derinliklerine uzanan, \u00f6d\u00fcll\u00fc bilimkurgu \u00fc\u00e7lemesi ba\u015fl\u0131yor! <\/p>\n","protected":false},"excerpt":{"rendered":"<p>Engin okyanuslardan uzay\u0131n derinliklerine uzanan, \u00f6d\u00fcll\u00fc bilimkurgu \u00fc\u00e7lemesi ba\u015fl\u0131yor!<\/p>\n","protected":false},"featured_media":0,"template":"","meta":{"_monsterinsights_skip_tracking":false,"_monsterinsights_sitenote_active":false,"_monsterinsights_sitenote_note":"","_monsterinsights_sitenote_category":0},"product_brand":[],"product_cat":[12291,12711],"product_tag":[],"class_list":{"0":"post-698618","1":"product","2":"type-product","3":"status-publish","5":"product_cat-edebiyat","6":"product_cat-roman-oyku","7":"pa_cilt-ciltsiz","8":"pa_tur-kitap","9":"pa_yayinevi-on8-kitap","10":"pa_yazar-danielle-martinigol","12":"first","13":"instock","14":"sale","15":"shipping-taxable","16":"purchasable","17":"product-type-simple"},"_links":{"self":[{"href":"https:\/\/roveyayinevi.com.tr\/index.php\/wp-json\/wp\/v2\/product\/698618","targetHints":{"allow":["GET"]}}],"collection":[{"href":"https:\/\/roveyayinevi.com.tr\/index.php\/wp-json\/wp\/v2\/product"}],"about":[{"href":"https:\/\/roveyayinevi.com.tr\/index.php\/wp-json\/wp\/v2\/types\/product"}],"wp:attachment":[{"href":"https:\/\/roveyayinevi.com.tr\/index.php\/wp-json\/wp\/v2\/media?parent=698618"}],"wp:term":[{"taxonomy":"product_brand","embeddable":true,"href":"https:\/\/roveyayinevi.com.tr\/index.php\/wp-json\/wp\/v2\/product_brand?post=698618"},{"taxonomy":"product_cat","embeddable":true,"href":"https:\/\/roveyayinevi.com.tr\/index.php\/wp-json\/wp\/v2\/product_cat?post=698618"},{"taxonomy":"product_tag","embeddable":true,"href":"https:\/\/roveyayinevi.com.tr\/index.php\/wp-json\/wp\/v2\/product_tag?post=698618"}],"curies":[{"name":"wp","href":"https:\/\/api.w.org\/{rel}","templated":true}]}}