{"id":698608,"date":"2025-08-27T14:46:18","date_gmt":"2025-08-27T11:46:18","guid":{"rendered":"https:\/\/roveyayinevi.com.tr\/index.php\/urun\/metis-kucuk-filozoflar-serisi-17-wittgensteinin-gergedani\/"},"modified":"2026-04-16T02:07:59","modified_gmt":"2026-04-15T23:07:59","slug":"metis-kucuk-filozoflar-serisi-17-wittgensteinin-gergedani","status":"publish","type":"product","link":"https:\/\/roveyayinevi.com.tr\/index.php\/urun\/metis-kucuk-filozoflar-serisi-17-wittgensteinin-gergedani\/","title":{"rendered":"Metis K\u00fc\u00e7\u00fck Filozoflar Serisi 17 &#8211; Wittgenstein&#8217;\u0131n Gergedan\u0131"},"content":{"rendered":"<p>K\u00fc\u00e7\u00fck Filozoflar Dizisi, 9-14 ya\u015f \u00e7ocuklar i\u00e7in filozoflar\u0131n hik\u00e2yelerini anlatan \u00e7ok g\u00fczel resimlenmi\u015f kitaplardan olu\u015fuyor. Diziyle \u00e7ocuklar\u0131n felsefeye zevkli bir giri\u015f yapmalar\u0131n\u0131, kendi sorular\u0131n\u0131n pe\u015finden gitme al\u0131\u015fkanl\u0131\u011f\u0131 kazanmalar\u0131n\u0131 ama\u00e7l\u0131yoruz. Wittgenstein\u2019\u0131n Gergedan\u0131 dizinin on yedinci kitab\u0131<\/p>\n","protected":false},"excerpt":{"rendered":"<p>K\u00fc\u00e7\u00fck Filozoflar Dizisi, 9-14 ya\u015f \u00e7ocuklar i\u00e7in filozoflar\u0131n hik\u00e2yelerini anlatan \u00e7ok g\u00fczel resimlenmi\u015f kitaplardan olu\u015fuyor. Diziyle \u00e7ocuklar\u0131n felsefeye zevkli bir giri\u015f yapmalar\u0131n\u0131, kendi sorular\u0131n\u0131n pe\u015finden gitme<span class=\"excerpt-hellip\"> [\u2026]<\/span><\/p>\n","protected":false},"featured_media":0,"template":"","meta":{"_monsterinsights_skip_tracking":false,"_monsterinsights_sitenote_active":false,"_monsterinsights_sitenote_note":"","_monsterinsights_sitenote_category":0},"product_brand":[],"product_cat":[12312,12304],"product_tag":[],"class_list":{"0":"post-698608","1":"product","2":"type-product","3":"status-publish","5":"product_cat-diger","6":"product_cat-tarih","7":"pa_cilt-ciltsiz","8":"pa_tur-kitap","9":"pa_yayinevi-metis-yayinlari","10":"pa_yazar-francoise-armengaud","12":"first","13":"instock","14":"sale","15":"shipping-taxable","16":"purchasable","17":"product-type-simple"},"_links":{"self":[{"href":"https:\/\/roveyayinevi.com.tr\/index.php\/wp-json\/wp\/v2\/product\/698608","targetHints":{"allow":["GET"]}}],"collection":[{"href":"https:\/\/roveyayinevi.com.tr\/index.php\/wp-json\/wp\/v2\/product"}],"about":[{"href":"https:\/\/roveyayinevi.com.tr\/index.php\/wp-json\/wp\/v2\/types\/product"}],"wp:attachment":[{"href":"https:\/\/roveyayinevi.com.tr\/index.php\/wp-json\/wp\/v2\/media?parent=698608"}],"wp:term":[{"taxonomy":"product_brand","embeddable":true,"href":"https:\/\/roveyayinevi.com.tr\/index.php\/wp-json\/wp\/v2\/product_brand?post=698608"},{"taxonomy":"product_cat","embeddable":true,"href":"https:\/\/roveyayinevi.com.tr\/index.php\/wp-json\/wp\/v2\/product_cat?post=698608"},{"taxonomy":"product_tag","embeddable":true,"href":"https:\/\/roveyayinevi.com.tr\/index.php\/wp-json\/wp\/v2\/product_tag?post=698608"}],"curies":[{"name":"wp","href":"https:\/\/api.w.org\/{rel}","templated":true}]}}