{"id":698607,"date":"2025-08-27T14:46:18","date_gmt":"2025-08-27T11:46:18","guid":{"rendered":"https:\/\/roveyayinevi.com.tr\/index.php\/urun\/kor-ayna-kayip-sark\/"},"modified":"2026-02-03T02:12:51","modified_gmt":"2026-02-02T23:12:51","slug":"kor-ayna-kayip-sark","status":"publish","type":"product","link":"https:\/\/roveyayinevi.com.tr\/index.php\/urun\/kor-ayna-kayip-sark\/","title":{"rendered":"K\u00f6r Ayna Kay\u0131p \u015eark"},"content":{"rendered":"<p>K\u00f6r Ayna, Kay\u0131p \u015eark edebiyata y\u00f6n veren endi\u015felerden s\u00f6z ediyor. &#8220;Endi\u015fe&#8221; derken yaln\u0131zca yazar\u0131n de\u011fil, okurun da yabanc\u0131s\u0131 olmad\u0131\u011f\u0131,ba\u015fkalar\u0131na bir \u015feyler anlatmaya \u00e7al\u0131\u015fan hemen herkesin yak\u0131ndan tan\u0131d\u0131\u011f\u0131 huzursuzlu\u011fu kastediyorum. Anlatmak istedi\u011fimi iyi anlatabilecek miyim? Etki alt\u0131nda m\u0131 kalaca\u011f\u0131m yoksa? Kar\u015f\u0131mdaki anlayabilecek mi beni? Kendimi bo\u015funa elverecek, ba\u015fkalar\u0131n\u0131n g\u00f6z\u00fcnde k\u00fc\u00e7\u00fck m\u00fc d\u00fc\u015fece\u011fim? Anlatt\u0131klar\u0131m\u0131 dinlediktensonra ba\u015fkalar\u0131 ne d\u00fc\u015f\u00fcnecek hakk\u0131mda?<\/p>\n","protected":false},"excerpt":{"rendered":"<p>K\u00f6r Ayna, Kay\u0131p \u015eark edebiyata y\u00f6n veren endi\u015felerden s\u00f6z ediyor. &#8220;Endi\u015fe&#8221; derken yaln\u0131zca yazar\u0131n de\u011fil, okurun da yabanc\u0131s\u0131 olmad\u0131\u011f\u0131,ba\u015fkalar\u0131na bir \u015feyler anlatmaya \u00e7al\u0131\u015fan hemen herkesin yak\u0131ndan<span class=\"excerpt-hellip\"> [\u2026]<\/span><\/p>\n","protected":false},"featured_media":0,"template":"","meta":{"_monsterinsights_skip_tracking":false,"_monsterinsights_sitenote_active":false,"_monsterinsights_sitenote_note":"","_monsterinsights_sitenote_category":0},"product_brand":[],"product_cat":[12777,12291],"product_tag":[],"class_list":{"0":"post-698607","1":"product","2":"type-product","3":"status-publish","5":"product_cat-deneme","6":"product_cat-edebiyat","7":"pa_cilt-ciltsiz","8":"pa_tur-kitap","9":"pa_yayinevi-metis-yayinlari","10":"pa_yazar-nurdan-gurbilek","12":"first","13":"instock","14":"sale","15":"shipping-taxable","16":"purchasable","17":"product-type-simple"},"_links":{"self":[{"href":"https:\/\/roveyayinevi.com.tr\/index.php\/wp-json\/wp\/v2\/product\/698607","targetHints":{"allow":["GET"]}}],"collection":[{"href":"https:\/\/roveyayinevi.com.tr\/index.php\/wp-json\/wp\/v2\/product"}],"about":[{"href":"https:\/\/roveyayinevi.com.tr\/index.php\/wp-json\/wp\/v2\/types\/product"}],"wp:attachment":[{"href":"https:\/\/roveyayinevi.com.tr\/index.php\/wp-json\/wp\/v2\/media?parent=698607"}],"wp:term":[{"taxonomy":"product_brand","embeddable":true,"href":"https:\/\/roveyayinevi.com.tr\/index.php\/wp-json\/wp\/v2\/product_brand?post=698607"},{"taxonomy":"product_cat","embeddable":true,"href":"https:\/\/roveyayinevi.com.tr\/index.php\/wp-json\/wp\/v2\/product_cat?post=698607"},{"taxonomy":"product_tag","embeddable":true,"href":"https:\/\/roveyayinevi.com.tr\/index.php\/wp-json\/wp\/v2\/product_tag?post=698607"}],"curies":[{"name":"wp","href":"https:\/\/api.w.org\/{rel}","templated":true}]}}