{"id":698605,"date":"2025-08-27T14:46:17","date_gmt":"2025-08-27T11:46:17","guid":{"rendered":"https:\/\/roveyayinevi.com.tr\/index.php\/urun\/tanrinin-kralligi-kudus-yolunda-haclilar\/"},"modified":"2026-04-16T02:07:59","modified_gmt":"2026-04-15T23:07:59","slug":"tanrinin-kralligi-kudus-yolunda-haclilar","status":"publish","type":"product","link":"https:\/\/roveyayinevi.com.tr\/index.php\/urun\/tanrinin-kralligi-kudus-yolunda-haclilar\/","title":{"rendered":"Tanr\u0131&#8217;n\u0131n Krall\u0131\u011f\u0131 &#8211; Kud\u00fcs Yolunda Ha\u00e7l\u0131lar"},"content":{"rendered":"<p>Tanr\u0131\u2019ya yolculuk ad\u0131n\u0131 verdikleri bir yolculu\u011fa \u00e7\u0131kt\u0131lar. Bu bir g\u00f6\u00e7t\u00fc; bir yolculuk ve bir sava\u015ft\u0131. Her t\u00fcrden insan y\u00fcr\u00fcy\u00fc\u015fe kat\u0131ld\u0131; lordlar ve serseriler, silahl\u0131 adamlar ve k\u00f6yl\u00fcler, asil leydiler ve bar fahi\u015feleri. O zaman\u0131n tarih\u00e7ilerinden biri \u201cT\u00fcrl\u00fc t\u00fcrl\u00fc insanlar\u0131n ve se\u00e7kin prenslerin t\u00fcm o muhte\u015fem varl\u0131klar\u0131n\u0131 ve e\u015flerini ve \u00e7ocuklar\u0131n\u0131 b\u0131rakmaya raz\u0131 olup, \u00f6l\u00fcm\u00fc k\u00fc\u00e7\u00fck g\u00f6rerek bilinmeyen b\u00f6lgeleri aramak i\u00e7in yola d\u00fc\u015fmesi\u201d diyordu, \u201chi\u00e7 duyulmam\u0131\u015f bir \u015feydi.\u201d Tan\u0131d\u0131klar\u0131 ve bildikleri d\u00fcnyadan \u0130sa\u2019n\u0131n Kabri\u2019ni serbest b\u0131rakmak i\u00e7in Asya\u2019ya do\u011fru y\u00fcr\u00fcyorlard\u0131. Tanr\u0131\u2019n\u0131n iradesi d\u0131\u015f\u0131nda hi\u00e7bir kral taraf\u0131ndan y\u00f6netilmeyen o vaat edilmi\u015f topraklarda ya\u015famak istiyorlard\u0131. Elbiselerinin omuzlar\u0131na ha\u00e7 i\u015fareti dikilmi\u015fti ve bu y\u00fczden onlara \u201cha\u00e7l\u0131\u201d ya da \u201cha\u00e7 ta\u015f\u0131yanlar\u201d diyorlard\u0131. G\u00fcn\u00fcm\u00fczde biz de onlara Ha\u00e7l\u0131lar diyoruz. Pek \u00e7o\u011fu yolda \u00f6ld\u00fc ama kalanlar devam etti ve \u00fc\u00e7 y\u0131l sonra hedeflerine vard\u0131lar: Deniz A\u015f\u0131r\u0131 Topraklara. Burada yolculuklar\u0131 son buldu ama di\u011fer Ha\u00e7l\u0131lar onlara kat\u0131lmak i\u00e7in ortaya \u00e7\u0131kt\u0131. \u0130lk defa farkl\u0131 diller konu\u015fan ve \u015fimdiye kadar birbirlerinden ayr\u0131 kalan H\u0131ristiyanl\u0131k aleminin t\u00fcm insanlar\u0131 ortak bir giri\u015fim i\u00e7in birle\u015fmi\u015flerdi. H\u0131ristiyan alemi k\u0131l\u0131c\u0131n\u0131 \u0130slam\u2019a kar\u015f\u0131 kald\u0131rm\u0131\u015ft\u0131 ve sava\u015f \u00fc\u00e7 y\u00fcz y\u0131ldan fazla s\u00fcrd\u00fc ve iki milyona yak\u0131n insan hayat\u0131n\u0131 kaybetti. Bu yolculu\u011fu ba\u015flatm\u0131\u015f \u00e7o\u011fu lider olan onlarca adam\u0131n yol boyunca ne g\u00f6rd\u00fcklerinin ve ne yapt\u0131klar\u0131n\u0131n ve \u0130sa\u2019n\u0131n Kabri\u2019nde ba\u015flar\u0131na ne geldi\u011finin hikayesidir. <\/p>\n","protected":false},"excerpt":{"rendered":"<p>Tanr\u0131\u2019ya yolculuk ad\u0131n\u0131 verdikleri bir yolculu\u011fa \u00e7\u0131kt\u0131lar. Bu bir g\u00f6\u00e7t\u00fc; bir yolculuk ve bir sava\u015ft\u0131. Her t\u00fcrden insan y\u00fcr\u00fcy\u00fc\u015fe kat\u0131ld\u0131; lordlar ve serseriler, silahl\u0131 adamlar ve<span class=\"excerpt-hellip\"> [\u2026]<\/span><\/p>\n","protected":false},"featured_media":0,"template":"","meta":{"_monsterinsights_skip_tracking":false,"_monsterinsights_sitenote_active":false,"_monsterinsights_sitenote_note":"","_monsterinsights_sitenote_category":0},"product_brand":[],"product_cat":[12291,12745],"product_tag":[],"class_list":{"0":"post-698605","1":"product","2":"type-product","3":"status-publish","5":"product_cat-edebiyat","6":"product_cat-tarihi-roman","7":"pa_cilt-ciltsiz","8":"pa_tur-kitap","9":"pa_yayinevi-parola-yayinlari","10":"pa_yazar-harold-lamb","12":"first","13":"instock","14":"sale","15":"shipping-taxable","16":"purchasable","17":"product-type-simple"},"_links":{"self":[{"href":"https:\/\/roveyayinevi.com.tr\/index.php\/wp-json\/wp\/v2\/product\/698605","targetHints":{"allow":["GET"]}}],"collection":[{"href":"https:\/\/roveyayinevi.com.tr\/index.php\/wp-json\/wp\/v2\/product"}],"about":[{"href":"https:\/\/roveyayinevi.com.tr\/index.php\/wp-json\/wp\/v2\/types\/product"}],"wp:attachment":[{"href":"https:\/\/roveyayinevi.com.tr\/index.php\/wp-json\/wp\/v2\/media?parent=698605"}],"wp:term":[{"taxonomy":"product_brand","embeddable":true,"href":"https:\/\/roveyayinevi.com.tr\/index.php\/wp-json\/wp\/v2\/product_brand?post=698605"},{"taxonomy":"product_cat","embeddable":true,"href":"https:\/\/roveyayinevi.com.tr\/index.php\/wp-json\/wp\/v2\/product_cat?post=698605"},{"taxonomy":"product_tag","embeddable":true,"href":"https:\/\/roveyayinevi.com.tr\/index.php\/wp-json\/wp\/v2\/product_tag?post=698605"}],"curies":[{"name":"wp","href":"https:\/\/api.w.org\/{rel}","templated":true}]}}