{"id":698598,"date":"2025-08-27T14:46:15","date_gmt":"2025-08-27T11:46:15","guid":{"rendered":"https:\/\/roveyayinevi.com.tr\/index.php\/urun\/adim-adim-hayata-bir-genc-kizin-gizli-defteri-4\/"},"modified":"2026-03-18T02:13:14","modified_gmt":"2026-03-17T23:13:14","slug":"adim-adim-hayata-bir-genc-kizin-gizli-defteri-4","status":"publish","type":"product","link":"https:\/\/roveyayinevi.com.tr\/index.php\/urun\/adim-adim-hayata-bir-genc-kizin-gizli-defteri-4\/","title":{"rendered":"Ad\u0131m Ad\u0131m Hayata &#8211; Bir Gen\u00e7 K\u0131z\u0131n Gizli Defteri 4"},"content":{"rendered":"<p>\u00dcniversiteye giri\u015f\u2026O ilk y\u0131l\u0131n heyecan\u0131.Arkada\u015fla payla\u015f\u0131lan kendine ait bir ev.K\u00fc\u00e7\u00fck \u00f6zg\u00fcrl\u00fckler.Serra bu yeni ortamda kimlerle arkada\u015f olacak?Acaba onu neler bekliyor?Ya a\u015fk? <\/p>\n","protected":false},"excerpt":{"rendered":"<p>\u00dcniversiteye giri\u015f\u2026O ilk y\u0131l\u0131n heyecan\u0131.Arkada\u015fla payla\u015f\u0131lan kendine ait bir ev.K\u00fc\u00e7\u00fck \u00f6zg\u00fcrl\u00fckler.Serra bu yeni ortamda kimlerle arkada\u015f olacak?Acaba onu neler bekliyor?Ya a\u015fk?<\/p>\n","protected":false},"featured_media":0,"template":"","meta":{"_monsterinsights_skip_tracking":false,"_monsterinsights_sitenote_active":false,"_monsterinsights_sitenote_note":"","_monsterinsights_sitenote_category":0},"product_brand":[],"product_cat":[12291,15117],"product_tag":[],"class_list":{"0":"post-698598","1":"product","2":"type-product","3":"status-publish","5":"product_cat-edebiyat","6":"product_cat-genclik-edebiyati","7":"pa_cilt-ciltsiz","8":"pa_tur-kitap","9":"pa_yayinevi-artemis-yayinlari","10":"pa_yazar-ipek-ongun","12":"first","13":"instock","14":"sale","15":"shipping-taxable","16":"purchasable","17":"product-type-simple"},"_links":{"self":[{"href":"https:\/\/roveyayinevi.com.tr\/index.php\/wp-json\/wp\/v2\/product\/698598","targetHints":{"allow":["GET"]}}],"collection":[{"href":"https:\/\/roveyayinevi.com.tr\/index.php\/wp-json\/wp\/v2\/product"}],"about":[{"href":"https:\/\/roveyayinevi.com.tr\/index.php\/wp-json\/wp\/v2\/types\/product"}],"wp:attachment":[{"href":"https:\/\/roveyayinevi.com.tr\/index.php\/wp-json\/wp\/v2\/media?parent=698598"}],"wp:term":[{"taxonomy":"product_brand","embeddable":true,"href":"https:\/\/roveyayinevi.com.tr\/index.php\/wp-json\/wp\/v2\/product_brand?post=698598"},{"taxonomy":"product_cat","embeddable":true,"href":"https:\/\/roveyayinevi.com.tr\/index.php\/wp-json\/wp\/v2\/product_cat?post=698598"},{"taxonomy":"product_tag","embeddable":true,"href":"https:\/\/roveyayinevi.com.tr\/index.php\/wp-json\/wp\/v2\/product_tag?post=698598"}],"curies":[{"name":"wp","href":"https:\/\/api.w.org\/{rel}","templated":true}]}}