{"id":698597,"date":"2025-08-27T14:46:15","date_gmt":"2025-08-27T11:46:15","guid":{"rendered":"https:\/\/roveyayinevi.com.tr\/index.php\/urun\/canakkale-olmasaydi-o-olmasaydi\/"},"modified":"2026-04-16T02:07:59","modified_gmt":"2026-04-15T23:07:59","slug":"canakkale-olmasaydi-o-olmasaydi","status":"publish","type":"product","link":"https:\/\/roveyayinevi.com.tr\/index.php\/urun\/canakkale-olmasaydi-o-olmasaydi\/","title":{"rendered":"\u00c7anakkale Olmasayd\u0131&#8230; O Olmasayd\u0131&#8230;"},"content":{"rendered":"<p>Mustafa Kemal\u2019in askeri dehas\u0131n\u0131 ortaya koydu\u011fu \u00c7anakkale Sava\u015f\u0131\u2019n\u0131n hi\u00e7 bilinmeyen y\u00f6nleri&#8230;O olmasayd\u0131&#8230; O, ya\u015fam\u0131n\u0131 hi\u00e7e sayarak s\u00fcng\u00fc takm\u0131\u015f askerinin \u00f6n\u00fcnde h\u00fccum emri vermeseydi&#8230; Ya da bu s\u00fcng\u00fc h\u00fccumlar\u0131ndan birinde g\u00f6\u011fs\u00fcnde patlayan \u015farapnel misketi cebindeki saati par\u00e7alamay\u0131p da O\u2019nu bizden koparm\u0131\u015f olsayd\u0131 bu sava\u015f gene kazan\u0131labilir miydi? B\u00fcy\u00fck olas\u0131l\u0131kla evet! \u00c7\u00fcnk\u00fc O yaln\u0131z de\u011fildi. \u00c7o\u011fu g\u00f6n\u00fcll\u00fc y\u00fczlerce, binlerce, on binlerce Mustafa Kemal; b\u00fct\u00fcn bir millet vard\u0131 \u00c7anakkale\u2019de, ama itiraf edelim: O olmasayd\u0131 ne bir Kurtulu\u015f Sava\u015f\u0131m\u0131z olurdu ne de bir T\u00fcrkiye Cumhuriyetimiz!Cesaret ve kahramanl\u0131\u011f\u0131n destan\u0131 olan \u00c7anakkale Sava\u015f\u0131, sonu\u00e7lar\u0131 bak\u0131m\u0131ndan tarihimizde bir d\u00f6n\u00fcm noktas\u0131 oldu. \u00c7anakkale\u2019de kazan\u0131lan beklenmedik zafer \u00fclkenin kaderini de\u011fi\u015ftirdi ve tarihe benzersiz bir kahraman kazand\u0131rd\u0131: Mustafa Kemal.Gazeteci-yazar Orhan Karaveli, i\u015fte bu destans\u0131 sava\u015f\u0131 anlat\u0131yor. Mustafa Kemal\u2019in komutas\u0131ndaki askerlerden biri olan Hask\u00f6yl\u00fc Tevfik\u2019in 99 y\u0131l \u00f6nce cephede tuttu\u011fu g\u00fcncesini ilk kez g\u00fcn y\u00fcz\u00fcne \u00e7\u0131kararak okurla payla\u015f\u0131yor. Ve Mustafa Kemal\u2019in askeri dehas\u0131n\u0131 ortaya koydu\u011fu \u00c7anakkale Sava\u015f\u0131\u2019n\u0131 hi\u00e7 bilinmeyen y\u00f6nleriyle ele al\u0131yor.<\/p>\n","protected":false},"excerpt":{"rendered":"<p>Mustafa Kemal\u2019in askeri dehas\u0131n\u0131 ortaya koydu\u011fu \u00c7anakkale Sava\u015f\u0131\u2019n\u0131n hi\u00e7 bilinmeyen y\u00f6nleri&#8230;O olmasayd\u0131&#8230; O, ya\u015fam\u0131n\u0131 hi\u00e7e sayarak s\u00fcng\u00fc takm\u0131\u015f askerinin \u00f6n\u00fcnde h\u00fccum emri vermeseydi&#8230; Ya da bu<span class=\"excerpt-hellip\"> [\u2026]<\/span><\/p>\n","protected":false},"featured_media":0,"template":"","meta":{"_monsterinsights_skip_tracking":false,"_monsterinsights_sitenote_active":false,"_monsterinsights_sitenote_note":"","_monsterinsights_sitenote_category":0},"product_brand":[],"product_cat":[13701,12291],"product_tag":[],"class_list":{"0":"post-698597","1":"product","2":"type-product","3":"status-publish","5":"product_cat-ani-mektup-gunluk","6":"product_cat-edebiyat","7":"pa_cilt-ciltsiz","8":"pa_tur-kitap","9":"pa_yayinevi-dogan-kitap","10":"pa_yazar-orhan-karaveli","12":"first","13":"instock","14":"sale","15":"shipping-taxable","16":"purchasable","17":"product-type-simple"},"_links":{"self":[{"href":"https:\/\/roveyayinevi.com.tr\/index.php\/wp-json\/wp\/v2\/product\/698597","targetHints":{"allow":["GET"]}}],"collection":[{"href":"https:\/\/roveyayinevi.com.tr\/index.php\/wp-json\/wp\/v2\/product"}],"about":[{"href":"https:\/\/roveyayinevi.com.tr\/index.php\/wp-json\/wp\/v2\/types\/product"}],"wp:attachment":[{"href":"https:\/\/roveyayinevi.com.tr\/index.php\/wp-json\/wp\/v2\/media?parent=698597"}],"wp:term":[{"taxonomy":"product_brand","embeddable":true,"href":"https:\/\/roveyayinevi.com.tr\/index.php\/wp-json\/wp\/v2\/product_brand?post=698597"},{"taxonomy":"product_cat","embeddable":true,"href":"https:\/\/roveyayinevi.com.tr\/index.php\/wp-json\/wp\/v2\/product_cat?post=698597"},{"taxonomy":"product_tag","embeddable":true,"href":"https:\/\/roveyayinevi.com.tr\/index.php\/wp-json\/wp\/v2\/product_tag?post=698597"}],"curies":[{"name":"wp","href":"https:\/\/api.w.org\/{rel}","templated":true}]}}