{"id":698596,"date":"2025-08-27T14:46:15","date_gmt":"2025-08-27T11:46:15","guid":{"rendered":"https:\/\/roveyayinevi.com.tr\/index.php\/urun\/robinson-crusoe-ve-cuma-2-maymunlar-savasi\/"},"modified":"2026-04-16T02:07:59","modified_gmt":"2026-04-15T23:07:59","slug":"robinson-crusoe-ve-cuma-2-maymunlar-savasi","status":"publish","type":"product","link":"https:\/\/roveyayinevi.com.tr\/index.php\/urun\/robinson-crusoe-ve-cuma-2-maymunlar-savasi\/","title":{"rendered":"Robinson Crusoe ve Cuma 2 &#8211; Maymunlar Sava\u015f\u0131"},"content":{"rendered":"<p>\u00dc\u00e7 s\u0131ra halatlarla \u00e7evrili, \u00fc\u00e7 boyutlu bir d\u00fcnyadaSeve seve kaybedilen, \u015fike \u015fike kaz\u0131lanA\u011f\u0131r siklet bir oyundur hayat\u2026T\u00fcy\u00fc bitmemi\u015f sikletlerin kaderi\u0130lk raunttan nakavt diye yaz\u0131l\u0131r daha do\u011fmadan.Aparkatlar\u0131 vururlar apar topar Daha ne oldu\u011funu anlamadan.Hepimizi kand\u0131r\u0131rlar veG\u00f6z\u00fcn \u00fcst\u00fcndeki ka\u015f dururkenAr damar\u0131n\u0131 yararlar, m\u0131z\u0131k\u00e7\u0131l\u0131k yaparlar\u2026\u00dc\u00e7 s\u0131ra dalgalarla \u00e7evrili iki boyutlu bir d\u00fcnyada \u0130ki kafadar bu oyunu a\u011f\u0131zlar\u0131n\u0131n tad\u0131yla oynad\u0131lar.Koca bir ringin ortas\u0131nda bu iki yaramazKendi kurallar\u0131n\u0131 kendileri koydularVe bile bile nakavt olmad\u0131lar.Onlar\u0131 kimse kand\u0131ramad\u0131!Onlar\u0131 hi\u00e7 kimse y\u0131ld\u0131ramad\u0131!Onlar kimseler zaten hi\u00e7 olmad\u0131!Onlar sadece onlar olarak kald\u0131lar!.. <\/p>\n","protected":false},"excerpt":{"rendered":"<p>\u00dc\u00e7 s\u0131ra halatlarla \u00e7evrili, \u00fc\u00e7 boyutlu bir d\u00fcnyadaSeve seve kaybedilen, \u015fike \u015fike kaz\u0131lanA\u011f\u0131r siklet bir oyundur hayat\u2026T\u00fcy\u00fc bitmemi\u015f sikletlerin kaderi\u0130lk raunttan nakavt diye yaz\u0131l\u0131r daha do\u011fmadan.Aparkatlar\u0131<span class=\"excerpt-hellip\"> [\u2026]<\/span><\/p>\n","protected":false},"featured_media":0,"template":"","meta":{"_monsterinsights_skip_tracking":false,"_monsterinsights_sitenote_active":false,"_monsterinsights_sitenote_note":"","_monsterinsights_sitenote_category":0},"product_brand":[],"product_cat":[12416,12291],"product_tag":[],"class_list":{"0":"post-698596","1":"product","2":"type-product","3":"status-publish","5":"product_cat-cizgi-roman","6":"product_cat-edebiyat","7":"pa_cilt-ciltsiz","8":"pa_tur-kitap","9":"pa_yayinevi-everest-yayinlari","10":"pa_yazar-gurcan-yurt","12":"first","13":"instock","14":"sale","15":"shipping-taxable","16":"purchasable","17":"product-type-simple"},"_links":{"self":[{"href":"https:\/\/roveyayinevi.com.tr\/index.php\/wp-json\/wp\/v2\/product\/698596","targetHints":{"allow":["GET"]}}],"collection":[{"href":"https:\/\/roveyayinevi.com.tr\/index.php\/wp-json\/wp\/v2\/product"}],"about":[{"href":"https:\/\/roveyayinevi.com.tr\/index.php\/wp-json\/wp\/v2\/types\/product"}],"wp:attachment":[{"href":"https:\/\/roveyayinevi.com.tr\/index.php\/wp-json\/wp\/v2\/media?parent=698596"}],"wp:term":[{"taxonomy":"product_brand","embeddable":true,"href":"https:\/\/roveyayinevi.com.tr\/index.php\/wp-json\/wp\/v2\/product_brand?post=698596"},{"taxonomy":"product_cat","embeddable":true,"href":"https:\/\/roveyayinevi.com.tr\/index.php\/wp-json\/wp\/v2\/product_cat?post=698596"},{"taxonomy":"product_tag","embeddable":true,"href":"https:\/\/roveyayinevi.com.tr\/index.php\/wp-json\/wp\/v2\/product_tag?post=698596"}],"curies":[{"name":"wp","href":"https:\/\/api.w.org\/{rel}","templated":true}]}}