{"id":698595,"date":"2025-08-27T14:46:14","date_gmt":"2025-08-27T11:46:14","guid":{"rendered":"https:\/\/roveyayinevi.com.tr\/index.php\/urun\/erendiz-atasu-edebiyati\/"},"modified":"2026-04-16T02:07:59","modified_gmt":"2026-04-15T23:07:59","slug":"erendiz-atasu-edebiyati","status":"publish","type":"product","link":"https:\/\/roveyayinevi.com.tr\/index.php\/urun\/erendiz-atasu-edebiyati\/","title":{"rendered":"Erendiz Atas\u00fc Edebiyat\u0131"},"content":{"rendered":"<p>Erendiz Atas\u00fc titizlikle dokudu\u011fu \u00f6r\u00fcnt\u00fcler aras\u0131ndaki ili\u015fkileri ve bunlar\u0131n ard\u0131nda yatan anlamlar\u0131 izlemeye ve d\u00fc\u015f\u00fcnmeye davet eder okurunu. Hem tek tek \u00f6yk\u00fcleri ve romanlar\u0131 b\u00f6yledir hem de ilk roman\u0131 Da\u011f\u0131n \u00d6teki Y\u00fcz\u00fc\u2019nden son roman\u0131 D\u00fcn ve Ferda\u2019ya do\u011fru ilmek ilmek ilerleyen bir b\u00fct\u00fcnl\u00fck sunar okuruna. Gayet iyi bilindi\u011fi \u00fczere, edebiyat\u0131n toplumsal i\u015flevinin de bilincindedir Atas\u00fc ve kad\u0131n bak\u0131\u015f a\u00e7\u0131s\u0131, g\u00f6zlem ve imgelem g\u00fcc\u00fc, \u00fclkesine, diline ve k\u00fclt\u00fcr\u00fcne olan g\u00f6n\u00fcl ba\u011f\u0131 t\u00fcm eserlerinde belirgindir. Edebiyat, k\u00fclt\u00fcr ve siyaset \u00fczerine \u00e7ok say\u0131da incelemesi de bunun g\u00f6stergesidir. \u0130stanbul, Yeni Y\u00fczy\u0131l \u00dcniversitesi\u2019nde d\u00fczenledi\u011fimiz ve Erendiz Atas\u00fc edebiyat\u0131na adad\u0131\u011f\u0131m\u0131z sempozyum, yazar\u0131m\u0131za borcumuzu \u00f6deyebilmenin tek yoluydu. Elinizdeki kitapta yer alan yaz\u0131lar\u0131n Atas\u00fc\u2019n\u00fcn eserlerini bilenlere yeni kap\u0131lar a\u00e7malar\u0131n\u0131n yan\u0131 s\u0131ra, edebiyat incelemeleri gelene\u011fine bir d\u00fc\u011f\u00fcm daha atmas\u0131n\u0131 dileriz. <\/p>\n","protected":false},"excerpt":{"rendered":"<p>Erendiz Atas\u00fc titizlikle dokudu\u011fu \u00f6r\u00fcnt\u00fcler aras\u0131ndaki ili\u015fkileri ve bunlar\u0131n ard\u0131nda yatan anlamlar\u0131 izlemeye ve d\u00fc\u015f\u00fcnmeye davet eder okurunu. Hem tek tek \u00f6yk\u00fcleri ve romanlar\u0131 b\u00f6yledir hem<span class=\"excerpt-hellip\"> [\u2026]<\/span><\/p>\n","protected":false},"featured_media":0,"template":"","meta":{"_monsterinsights_skip_tracking":false,"_monsterinsights_sitenote_active":false,"_monsterinsights_sitenote_note":"","_monsterinsights_sitenote_category":0},"product_brand":[],"product_cat":[12291,12292],"product_tag":[],"class_list":{"0":"post-698595","1":"product","2":"type-product","3":"status-publish","5":"product_cat-edebiyat","6":"product_cat-turk-edebiyati","7":"pa_cilt-ciltsiz","8":"pa_tur-kitap","9":"pa_yayinevi-can-yayinlari","10":"pa_yazar-gunseli-sonmez-isci","12":"first","13":"instock","14":"sale","15":"shipping-taxable","16":"purchasable","17":"product-type-simple"},"_links":{"self":[{"href":"https:\/\/roveyayinevi.com.tr\/index.php\/wp-json\/wp\/v2\/product\/698595","targetHints":{"allow":["GET"]}}],"collection":[{"href":"https:\/\/roveyayinevi.com.tr\/index.php\/wp-json\/wp\/v2\/product"}],"about":[{"href":"https:\/\/roveyayinevi.com.tr\/index.php\/wp-json\/wp\/v2\/types\/product"}],"wp:attachment":[{"href":"https:\/\/roveyayinevi.com.tr\/index.php\/wp-json\/wp\/v2\/media?parent=698595"}],"wp:term":[{"taxonomy":"product_brand","embeddable":true,"href":"https:\/\/roveyayinevi.com.tr\/index.php\/wp-json\/wp\/v2\/product_brand?post=698595"},{"taxonomy":"product_cat","embeddable":true,"href":"https:\/\/roveyayinevi.com.tr\/index.php\/wp-json\/wp\/v2\/product_cat?post=698595"},{"taxonomy":"product_tag","embeddable":true,"href":"https:\/\/roveyayinevi.com.tr\/index.php\/wp-json\/wp\/v2\/product_tag?post=698595"}],"curies":[{"name":"wp","href":"https:\/\/api.w.org\/{rel}","templated":true}]}}