{"id":698594,"date":"2025-08-27T14:46:14","date_gmt":"2025-08-27T11:46:14","guid":{"rendered":"https:\/\/roveyayinevi.com.tr\/index.php\/urun\/dolandirici-felix-krullun-itiraflari\/"},"modified":"2026-04-11T13:26:01","modified_gmt":"2026-04-11T10:26:01","slug":"dolandirici-felix-krullun-itiraflari","status":"publish","type":"product","link":"https:\/\/roveyayinevi.com.tr\/index.php\/urun\/dolandirici-felix-krullun-itiraflari\/","title":{"rendered":"Doland\u0131r\u0131c\u0131 Felix Krull&#8217;un \u0130tiraflar\u0131"},"content":{"rendered":"<p>Etkileyici d\u0131\u015f g\u00f6r\u00fcn\u00fc\u015f\u00fc, tatl\u0131 dili ve karizmatik ki\u015fili\u011fiyle Felix Krull, do\u011fan\u0131n c\u00f6mert davrand\u0131\u011f\u0131 \u015fansl\u0131 az\u0131nl\u0131ktand\u0131r, ne ki bir eksi\u011fi vard\u0131r: Toplumsal stat\u00fcs\u00fc, y\u00fckselme kap\u0131lar\u0131n\u0131 a\u00e7maya elveri\u015fli de\u011fildir. Fakat hayal g\u00fcc\u00fcn\u00fcn de yard\u0131m\u0131yla yazg\u0131 d\u00fczeltilebilir; do\u011fan\u0131n eksi\u011fi, ikincil do\u011fam\u0131z olarak \u015fekillenen k\u00fclt\u00fcr\u00fcn ve toplum hayat\u0131n\u0131n i\u00e7inde rahatl\u0131kla tamamlanabilir. B\u00f6ylece Krull, haks\u0131z oldu\u011funu d\u00fc\u015f\u00fcnd\u00fc\u011f\u00fc bir tesad\u00fcfle do\u011fu\u015ftan kendisinden esirgenen ufak ayr\u0131nt\u0131y\u0131, Dol*and\u0131r\u0131c\u0131l\u0131k kariyerinin basamaklar\u0131n\u0131 h\u0131zla t\u0131rmanarak telafi etmeye giri\u015fir.   Thomas Mann, \u00f6lmeden k\u0131sa s\u00fcre \u00f6nce yay\u0131mlad\u0131\u011f\u0131 Dol*and\u0131r\u0131c\u0131 Felix Krull\u2019un \u0130tiraflar\u0131\u2019nda, bir sahtek\u00e2r\u0131n toplum i\u00e7indeki y\u00fckseli\u015fine tan\u0131k ediyor okuru. Mann\u2019\u0131n bir d\u00f6nemin \u00fcnl\u00fc otel h\u0131rs\u0131z\u0131 Romanyal\u0131 Georges Manolescu\u2019nun an\u0131lar\u0131ndan esinlenerek kaleme ald\u0131\u011f\u0131 bu son roman\u0131, ancak sanat\u00e7\u0131ya bah\u015fedilmi\u015f olabilecek t\u00fcrden bir hayal g\u00fcc\u00fcn\u00fc, ironik bir \u00fcslupla su\u00e7un konusu haline getiriyor. Mann\u2019\u0131n eserlerinde sanat\u00e7\u0131n\u0131n oyun alan\u0131 olarak \u015fekillenen ger\u00e7eklik ile g\u00f6r\u00fcn\u00fc\u015f aras\u0131ndaki ince s\u0131n\u0131r \u00e7izgisi, Dol*and\u0131r\u0131c\u0131 Felix Krull\u2019un \u0130tiraflar\u0131\u2019nda hile, d\u00fczen ve entrika arac\u0131l\u0131\u011f\u0131yla ihlal ediliyor ve kolayca su\u00e7a d\u00f6n\u00fc\u015febilecek bir ya\u015fant\u0131ya d\u00f6n\u00fc\u015f\u00fcyor. Dol*and\u0131r\u0131c\u0131 Felix Krull\u2019un \u0130tiraflar\u0131, ilk kez T\u00fcrk\u00e7ede. <\/p>\n","protected":false},"excerpt":{"rendered":"<p>Etkileyici d\u0131\u015f g\u00f6r\u00fcn\u00fc\u015f\u00fc, tatl\u0131 dili ve karizmatik ki\u015fili\u011fiyle Felix Krull, do\u011fan\u0131n c\u00f6mert davrand\u0131\u011f\u0131 \u015fansl\u0131 az\u0131nl\u0131ktand\u0131r, ne ki bir eksi\u011fi vard\u0131r: Toplumsal stat\u00fcs\u00fc, y\u00fckselme kap\u0131lar\u0131n\u0131 a\u00e7maya elveri\u015fli<span class=\"excerpt-hellip\"> [\u2026]<\/span><\/p>\n","protected":false},"featured_media":0,"template":"","meta":{"_monsterinsights_skip_tracking":false,"_monsterinsights_sitenote_active":false,"_monsterinsights_sitenote_note":"","_monsterinsights_sitenote_category":0},"product_brand":[],"product_cat":[12291,12711],"product_tag":[],"class_list":{"0":"post-698594","1":"product","2":"type-product","3":"status-publish","5":"product_cat-edebiyat","6":"product_cat-roman-oyku","7":"pa_cilt-ciltsiz","8":"pa_tur-kitap","9":"pa_yayinevi-can-yayinlari","10":"pa_yazar-thomas-mann","12":"first","13":"instock","14":"sale","15":"shipping-taxable","16":"purchasable","17":"product-type-simple"},"_links":{"self":[{"href":"https:\/\/roveyayinevi.com.tr\/index.php\/wp-json\/wp\/v2\/product\/698594","targetHints":{"allow":["GET"]}}],"collection":[{"href":"https:\/\/roveyayinevi.com.tr\/index.php\/wp-json\/wp\/v2\/product"}],"about":[{"href":"https:\/\/roveyayinevi.com.tr\/index.php\/wp-json\/wp\/v2\/types\/product"}],"wp:attachment":[{"href":"https:\/\/roveyayinevi.com.tr\/index.php\/wp-json\/wp\/v2\/media?parent=698594"}],"wp:term":[{"taxonomy":"product_brand","embeddable":true,"href":"https:\/\/roveyayinevi.com.tr\/index.php\/wp-json\/wp\/v2\/product_brand?post=698594"},{"taxonomy":"product_cat","embeddable":true,"href":"https:\/\/roveyayinevi.com.tr\/index.php\/wp-json\/wp\/v2\/product_cat?post=698594"},{"taxonomy":"product_tag","embeddable":true,"href":"https:\/\/roveyayinevi.com.tr\/index.php\/wp-json\/wp\/v2\/product_tag?post=698594"}],"curies":[{"name":"wp","href":"https:\/\/api.w.org\/{rel}","templated":true}]}}