{"id":698591,"date":"2025-08-27T14:46:13","date_gmt":"2025-08-27T11:46:13","guid":{"rendered":"https:\/\/roveyayinevi.com.tr\/index.php\/urun\/vampire-knight-8-vampir-sovalye-8\/"},"modified":"2026-04-16T02:07:59","modified_gmt":"2026-04-15T23:07:59","slug":"vampire-knight-8-vampir-sovalye-8","status":"publish","type":"product","link":"https:\/\/roveyayinevi.com.tr\/index.php\/urun\/vampire-knight-8-vampir-sovalye-8\/","title":{"rendered":"Vampire Knight 8 \/ Vampir \u015e\u00f6valye 8"},"content":{"rendered":"<p>Tan\u0131nm\u0131\u015f bir okul olan yat\u0131l\u0131 \u00f6zel Cross Akademisi&#8217;nde g\u00fcnd\u00fcz ve gece dersleri bir arada bulunuyor. G\u00fcnd\u00fcz derslerine s\u0131radan \u00f6\u011frenciler devam ederken elit bir grup olan gececi \u00f6\u011frencilerin hepsi birer vampir!! G\u00fcnd\u00fczc\u00fcler i\u00e7in vampirlerin varl\u0131\u011f\u0131 da gece derslerinin ger\u00e7ek y\u00fcz\u00fc de kesinlikle bir s\u0131r. Bu b\u00fcy\u00fck s\u0131rr\u0131 iki ki\u015fi korumakla g\u00f6revli, Yuki ve Zero, onlar Akademinin Koruyucular\u0131!! Gece s\u0131n\u0131f\u0131n\u0131n s\u0131n\u0131f temsilcisi saf kan vampir olan Kaname ise bu \u00f6nemli g\u00f6revde Yuki ve Zero\u2019nun en b\u00fcy\u00fck destek\u00e7isi.Yuki kanla kapl\u0131 bir k\u00e2busta azap i\u00e7inde k\u0131vran\u0131rken, Kaname yard\u0131m etmek i\u00e7in usulca yan\u0131na sokulur. Art\u0131k uyanma vaktinin geldi\u011fini s\u00f6yleyerek di\u015flerini onun boynuna ge\u00e7irir. Yuki\u2019nin haf\u0131zas\u0131 geri gelir ve ger\u00e7ekler ortaya \u00e7\u0131kar! Bu ger\u00e7ek kar\u015f\u0131s\u0131nda \u015fa\u015fk\u0131na d\u00f6nen Zero\u2019nun do\u011frulttu\u011fu silah\u0131n hedefindeki ki\u015fi kim? Plan\u0131n\u0131 yava\u015f yava\u015f devreye sokarak harekete ge\u00e7en Rido\u2019nun gizli amac\u0131 ne?Manga tutkunlar\u0131n\u0131n merakla bekledi\u011fi Vampire Knight- Vampir \u015e\u00f6valye, mangay\u0131 T\u00fcrk\u00e7e okumak isteyenler i\u00e7in 8. cildiyle raflarda! <\/p>\n","protected":false},"excerpt":{"rendered":"<p>Tan\u0131nm\u0131\u015f bir okul olan yat\u0131l\u0131 \u00f6zel Cross Akademisi&#8217;nde g\u00fcnd\u00fcz ve gece dersleri bir arada bulunuyor. G\u00fcnd\u00fcz derslerine s\u0131radan \u00f6\u011frenciler devam ederken elit bir grup olan gececi<span class=\"excerpt-hellip\"> [\u2026]<\/span><\/p>\n","protected":false},"featured_media":0,"template":"","meta":{"_monsterinsights_skip_tracking":false,"_monsterinsights_sitenote_active":false,"_monsterinsights_sitenote_note":"","_monsterinsights_sitenote_category":0},"product_brand":[],"product_cat":[12689,12274],"product_tag":[],"class_list":{"0":"post-698591","1":"product","2":"type-product","3":"status-publish","5":"product_cat-cizgi-roman-cocuk-ve-genclik-kitaplari","6":"product_cat-cocuk-ve-genclik-kitaplari","7":"pa_tur-kitap","8":"pa_yayinevi-akil-celen-kitaplar","9":"pa_yazar-matsuri-hino","11":"first","12":"instock","13":"sale","14":"shipping-taxable","15":"purchasable","16":"product-type-simple"},"_links":{"self":[{"href":"https:\/\/roveyayinevi.com.tr\/index.php\/wp-json\/wp\/v2\/product\/698591","targetHints":{"allow":["GET"]}}],"collection":[{"href":"https:\/\/roveyayinevi.com.tr\/index.php\/wp-json\/wp\/v2\/product"}],"about":[{"href":"https:\/\/roveyayinevi.com.tr\/index.php\/wp-json\/wp\/v2\/types\/product"}],"wp:attachment":[{"href":"https:\/\/roveyayinevi.com.tr\/index.php\/wp-json\/wp\/v2\/media?parent=698591"}],"wp:term":[{"taxonomy":"product_brand","embeddable":true,"href":"https:\/\/roveyayinevi.com.tr\/index.php\/wp-json\/wp\/v2\/product_brand?post=698591"},{"taxonomy":"product_cat","embeddable":true,"href":"https:\/\/roveyayinevi.com.tr\/index.php\/wp-json\/wp\/v2\/product_cat?post=698591"},{"taxonomy":"product_tag","embeddable":true,"href":"https:\/\/roveyayinevi.com.tr\/index.php\/wp-json\/wp\/v2\/product_tag?post=698591"}],"curies":[{"name":"wp","href":"https:\/\/api.w.org\/{rel}","templated":true}]}}