{"id":698587,"date":"2025-08-27T14:46:12","date_gmt":"2025-08-27T11:46:12","guid":{"rendered":"https:\/\/roveyayinevi.com.tr\/index.php\/urun\/ilyada\/"},"modified":"2026-04-16T02:07:59","modified_gmt":"2026-04-15T23:07:59","slug":"ilyada","status":"publish","type":"product","link":"https:\/\/roveyayinevi.com.tr\/index.php\/urun\/ilyada\/","title":{"rendered":"\u0130lyada"},"content":{"rendered":"<p>Homeros\u2019a g\u00f6re Troya Sava\u015f\u0131, Sadece Akhilleus ile Hektor aras\u0131nda ge\u00e7en bir sava\u015f de\u011fildi. Yaln\u0131zca insanlar de\u011fil, tanr\u0131lar da birbirleriyle sava\u015f\u0131yorlard\u0131. Bu destans\u0131 sava\u015f i\u00e7in nas\u0131l insanlar ikiye b\u00f6l\u00fcnd\u00fcyse, tanr\u0131lar da ikiye ayr\u0131lm\u0131\u015ft\u0131. Bir k\u0131sm\u0131 Akhalar\u0131n taraf\u0131n\u0131 tutarken, bir k\u0131sm\u0131 da Troyal\u0131lar\u0131n taraf\u0131ndayd\u0131. Daha \u00f6nce Troyal\u0131larla bir sorunu olmayan Hera ve Athene, tanr\u0131\u00e7alar aras\u0131nda yap\u0131lan bir g\u00fczellik yar\u0131\u015fmas\u0131nda Paris&#8217;in onlar yerine Afrodit&#8217;i birinci se\u00e7mesi \u00fczerine, ona ve Troyal\u0131lara kin beslemeye ba\u015flam\u0131\u015flard\u0131. \u00c7\u00fcnk\u00fc Afrodit, Paris&#8217;i kand\u0131rm\u0131\u015ft\u0131, ona Menelaos&#8217;un g\u00fczel kar\u0131s\u0131 Argoslu Helen&#8217;i alaca\u011f\u0131n\u0131 s\u00f6ylemi\u015f ve bu yolla yar\u0131\u015fmada birinci olmu\u015ftu.  Hera ve Athene ile birlikte Poseidon ve Hephaistos da Akhalar\u0131n taraf\u0131ndayd\u0131. \u00d6te yandan Apollon, Afrodit, Hermes ve Artemis ise Troyal\u0131lar\u0131 destekledi. Zeus ise keyfine g\u00f6re kimi zaman Akhalara \u00fcn sa\u011flad\u0131, kimi zaman Troyal\u0131lara. Asl\u0131nda g\u00f6nl\u00fcnde yatan \u015fey Troyal\u0131lar\u0131n zafer kazanmas\u0131yd\u0131 ancak Hera&#8217;n\u0131n s\u00fcrekli ona \u00e7\u0131k\u0131\u015fmas\u0131 ve Akhilleus&#8217;un annesi Thetis&#8217;e o\u011fluna \u00fcn kazand\u0131raca\u011f\u0131na dair verdi\u011fi s\u00f6z y\u00fcz\u00fcnden Zeus, \u00fcn\u00fc Akhalara bah\u015fetmi\u015fti.  Roman t\u00fcr\u00fcndeokuyaca\u011f\u0131n\u0131z bu destans\u0131 sava\u015f, size \u00f6fkenin, ihtiraslar\u0131n ve a\u015fk\u0131n ortas\u0131nda k\u0131z\u0131\u015fm\u0131\u015f tanr\u0131lar\u0131n ve insanlar\u0131n durumlar\u0131n\u0131 g\u00f6sterecek. Gelece\u011fe ad\u0131n\u0131, nam\u0131n\u0131, \u015fan\u0131n\u0131 b\u0131rakmak isteyenlerin korkun\u00e7 m\u00fccadelelerine tan\u0131k olacak, antik d\u00fcnyan\u0131n kap\u0131lar\u0131n\u0131 aralayacaks\u0131n\u0131z.<\/p>\n","protected":false},"excerpt":{"rendered":"<p>Homeros\u2019a g\u00f6re Troya Sava\u015f\u0131, Sadece Akhilleus ile Hektor aras\u0131nda ge\u00e7en bir sava\u015f de\u011fildi. Yaln\u0131zca insanlar de\u011fil, tanr\u0131lar da birbirleriyle sava\u015f\u0131yorlard\u0131. Bu destans\u0131 sava\u015f i\u00e7in nas\u0131l insanlar<span class=\"excerpt-hellip\"> [\u2026]<\/span><\/p>\n","protected":false},"featured_media":0,"template":"","meta":{"_monsterinsights_skip_tracking":false,"_monsterinsights_sitenote_active":false,"_monsterinsights_sitenote_note":"","_monsterinsights_sitenote_category":0},"product_brand":[],"product_cat":[12291,12711],"product_tag":[],"class_list":{"0":"post-698587","1":"product","2":"type-product","3":"status-publish","5":"product_cat-edebiyat","6":"product_cat-roman-oyku","7":"pa_cilt-ciltsiz","8":"pa_tur-kitap","9":"pa_yayinevi-parola-yayinlari","10":"pa_yazar-homeros","12":"first","13":"instock","14":"sale","15":"shipping-taxable","16":"purchasable","17":"product-type-simple"},"_links":{"self":[{"href":"https:\/\/roveyayinevi.com.tr\/index.php\/wp-json\/wp\/v2\/product\/698587","targetHints":{"allow":["GET"]}}],"collection":[{"href":"https:\/\/roveyayinevi.com.tr\/index.php\/wp-json\/wp\/v2\/product"}],"about":[{"href":"https:\/\/roveyayinevi.com.tr\/index.php\/wp-json\/wp\/v2\/types\/product"}],"wp:attachment":[{"href":"https:\/\/roveyayinevi.com.tr\/index.php\/wp-json\/wp\/v2\/media?parent=698587"}],"wp:term":[{"taxonomy":"product_brand","embeddable":true,"href":"https:\/\/roveyayinevi.com.tr\/index.php\/wp-json\/wp\/v2\/product_brand?post=698587"},{"taxonomy":"product_cat","embeddable":true,"href":"https:\/\/roveyayinevi.com.tr\/index.php\/wp-json\/wp\/v2\/product_cat?post=698587"},{"taxonomy":"product_tag","embeddable":true,"href":"https:\/\/roveyayinevi.com.tr\/index.php\/wp-json\/wp\/v2\/product_tag?post=698587"}],"curies":[{"name":"wp","href":"https:\/\/api.w.org\/{rel}","templated":true}]}}