{"id":698584,"date":"2025-08-27T14:46:11","date_gmt":"2025-08-27T11:46:11","guid":{"rendered":"https:\/\/roveyayinevi.com.tr\/index.php\/urun\/universal-sozluk-arapca-turkce-turkce-arapca\/"},"modified":"2026-04-16T02:07:58","modified_gmt":"2026-04-15T23:07:58","slug":"universal-sozluk-arapca-turkce-turkce-arapca","status":"publish","type":"product","link":"https:\/\/roveyayinevi.com.tr\/index.php\/urun\/universal-sozluk-arapca-turkce-turkce-arapca\/","title":{"rendered":"Universal S\u00f6zl\u00fck Arap\u00e7a &#8211; T\u00fcrk\u00e7e \/ T\u00fcrk\u00e7e &#8211; Arap\u00e7a"},"content":{"rendered":"<p>&#8211; Bu s\u00f6zl\u00fckte en s\u0131k kullan\u0131lan 30.000 s\u00f6zc\u00fck yer almaktad\u0131r. <\/p>\n","protected":false},"excerpt":{"rendered":"<p>&#8211; Bu s\u00f6zl\u00fckte en s\u0131k kullan\u0131lan 30.000 s\u00f6zc\u00fck yer almaktad\u0131r.<\/p>\n","protected":false},"featured_media":0,"template":"","meta":{"_monsterinsights_skip_tracking":false,"_monsterinsights_sitenote_active":false,"_monsterinsights_sitenote_note":"","_monsterinsights_sitenote_category":0},"product_brand":[],"product_cat":[24144,12566,13611],"product_tag":[],"class_list":{"0":"post-698584","1":"product","2":"type-product","3":"status-publish","5":"product_cat-arapca-sozlukler","6":"product_cat-egitim","7":"product_cat-sozlukler-ve-konusma-kilavuzlari","8":"pa_tur-kitap","9":"pa_yayinevi-engin-yayinevi","10":"pa_yazar-derya-adalar-subasi","12":"first","13":"instock","14":"sale","15":"shipping-taxable","16":"purchasable","17":"product-type-simple"},"_links":{"self":[{"href":"https:\/\/roveyayinevi.com.tr\/index.php\/wp-json\/wp\/v2\/product\/698584","targetHints":{"allow":["GET"]}}],"collection":[{"href":"https:\/\/roveyayinevi.com.tr\/index.php\/wp-json\/wp\/v2\/product"}],"about":[{"href":"https:\/\/roveyayinevi.com.tr\/index.php\/wp-json\/wp\/v2\/types\/product"}],"wp:attachment":[{"href":"https:\/\/roveyayinevi.com.tr\/index.php\/wp-json\/wp\/v2\/media?parent=698584"}],"wp:term":[{"taxonomy":"product_brand","embeddable":true,"href":"https:\/\/roveyayinevi.com.tr\/index.php\/wp-json\/wp\/v2\/product_brand?post=698584"},{"taxonomy":"product_cat","embeddable":true,"href":"https:\/\/roveyayinevi.com.tr\/index.php\/wp-json\/wp\/v2\/product_cat?post=698584"},{"taxonomy":"product_tag","embeddable":true,"href":"https:\/\/roveyayinevi.com.tr\/index.php\/wp-json\/wp\/v2\/product_tag?post=698584"}],"curies":[{"name":"wp","href":"https:\/\/api.w.org\/{rel}","templated":true}]}}