{"id":698583,"date":"2025-08-27T14:46:11","date_gmt":"2025-08-27T11:46:11","guid":{"rendered":"https:\/\/roveyayinevi.com.tr\/index.php\/urun\/de-ki-iste\/"},"modified":"2026-04-16T02:07:58","modified_gmt":"2026-04-15T23:07:58","slug":"de-ki-iste","status":"publish","type":"product","link":"https:\/\/roveyayinevi.com.tr\/index.php\/urun\/de-ki-iste\/","title":{"rendered":"De ki \u0130\u015fte"},"content":{"rendered":"<p>Bug\u00fcn bir k\u00fclliyat haline gelmi\u015f olan Oru\u00e7 Aruoba kitaplar\u0131na 1990&#8217;da de ki i\u015fte ile ba\u015flam\u0131\u015ft\u0131k. de ki i\u015fte, geni\u015f bir okur kesimine felsefi, \u015fiirsel metnin keyfini tatt\u0131rd\u0131. Felsefe okumay\u0131 onlarla, y\u00fczlerle say\u0131labilecek okur \u00e7evresinden \u00e7\u0131kararak binlerce insana, en ba\u015fta da gen\u00e7 ku\u015faklara yayd\u0131.1986-88 y\u0131llar\u0131 aras\u0131nda yaz\u0131lm\u0131\u015f olan de ki i\u015fte, daha \u00f6nce yay\u0131mlanm\u0131\u015f t\u00fcmceler ve daha sonra yay\u0131mlanan y\u00fcr\u00fcme adl\u0131 ciltlerle birlikte Y\u00fcr\u00fcme \u00dc\u00e7l\u00fcs\u00fc&#8217;n\u00fc olu\u015fturmaktad\u0131r. de ki i\u015fte\u2019nin bug\u00fcn de Oru\u00e7 Aruoba&#8217;ya ba\u015flamak i\u00e7in ilk kitap oldu\u011funu d\u00fc\u015f\u00fcn\u00fcyoruz. <\/p>\n","protected":false},"excerpt":{"rendered":"<p>Bug\u00fcn bir k\u00fclliyat haline gelmi\u015f olan Oru\u00e7 Aruoba kitaplar\u0131na 1990&#8217;da de ki i\u015fte ile ba\u015flam\u0131\u015ft\u0131k. de ki i\u015fte, geni\u015f bir okur kesimine felsefi, \u015fiirsel metnin keyfini<span class=\"excerpt-hellip\"> [\u2026]<\/span><\/p>\n","protected":false},"featured_media":0,"template":"","meta":{"_monsterinsights_skip_tracking":false,"_monsterinsights_sitenote_active":false,"_monsterinsights_sitenote_note":"","_monsterinsights_sitenote_category":0},"product_brand":[],"product_cat":[12291,12292],"product_tag":[],"class_list":{"0":"post-698583","1":"product","2":"type-product","3":"status-publish","5":"product_cat-edebiyat","6":"product_cat-turk-edebiyati","7":"pa_cilt-ciltsiz","8":"pa_tur-kitap","9":"pa_yayinevi-metis-yayinlari","10":"pa_yazar-oruc-aruoba","12":"first","13":"instock","14":"sale","15":"shipping-taxable","16":"purchasable","17":"product-type-simple"},"_links":{"self":[{"href":"https:\/\/roveyayinevi.com.tr\/index.php\/wp-json\/wp\/v2\/product\/698583","targetHints":{"allow":["GET"]}}],"collection":[{"href":"https:\/\/roveyayinevi.com.tr\/index.php\/wp-json\/wp\/v2\/product"}],"about":[{"href":"https:\/\/roveyayinevi.com.tr\/index.php\/wp-json\/wp\/v2\/types\/product"}],"wp:attachment":[{"href":"https:\/\/roveyayinevi.com.tr\/index.php\/wp-json\/wp\/v2\/media?parent=698583"}],"wp:term":[{"taxonomy":"product_brand","embeddable":true,"href":"https:\/\/roveyayinevi.com.tr\/index.php\/wp-json\/wp\/v2\/product_brand?post=698583"},{"taxonomy":"product_cat","embeddable":true,"href":"https:\/\/roveyayinevi.com.tr\/index.php\/wp-json\/wp\/v2\/product_cat?post=698583"},{"taxonomy":"product_tag","embeddable":true,"href":"https:\/\/roveyayinevi.com.tr\/index.php\/wp-json\/wp\/v2\/product_tag?post=698583"}],"curies":[{"name":"wp","href":"https:\/\/api.w.org\/{rel}","templated":true}]}}