{"id":698582,"date":"2025-08-27T14:46:10","date_gmt":"2025-08-27T11:46:10","guid":{"rendered":"https:\/\/roveyayinevi.com.tr\/index.php\/urun\/turkce-ogrenelim-1-lets-learn-turkish\/"},"modified":"2026-04-16T02:07:58","modified_gmt":"2026-04-15T23:07:58","slug":"turkce-ogrenelim-1-lets-learn-turkish","status":"publish","type":"product","link":"https:\/\/roveyayinevi.com.tr\/index.php\/urun\/turkce-ogrenelim-1-lets-learn-turkish\/","title":{"rendered":"T\u00fcrk\u00e7e \u00d6\u011frenelim 1 \/ Let&#8217;s Learn Turkish"},"content":{"rendered":"<p>T\u00fcrk\u00e7e \u00d6\u011frenelim 1 &#8211; Let&#8217;s Learn Turkish (Ana Kitap)ANA K\u0130TAP &#8211; T\u00fcrk\u00e7e \u00d6\u011frenelim 1&#8217;e ait DVD, VCD ve Glossary&#8217;nin (anahtar kitap) al\u0131m\u0131 iste\u011fe ba\u011fl\u0131d\u0131r. <\/p>\n","protected":false},"excerpt":{"rendered":"<p>T\u00fcrk\u00e7e \u00d6\u011frenelim 1 &#8211; Let&#8217;s Learn Turkish (Ana Kitap)ANA K\u0130TAP &#8211; T\u00fcrk\u00e7e \u00d6\u011frenelim 1&#8217;e ait DVD, VCD ve Glossary&#8217;nin (anahtar kitap) al\u0131m\u0131 iste\u011fe ba\u011fl\u0131d\u0131r.<\/p>\n","protected":false},"featured_media":0,"template":"","meta":{"_monsterinsights_skip_tracking":false,"_monsterinsights_sitenote_active":false,"_monsterinsights_sitenote_note":"","_monsterinsights_sitenote_category":0},"product_brand":[],"product_cat":[12472],"product_tag":[],"class_list":{"0":"post-698582","1":"product","2":"type-product","3":"status-publish","5":"product_cat-yabanci-dilde-kitaplar","6":"pa_cilt-ciltsiz","7":"pa_tur-kitap","8":"pa_yayinevi-engin-yayinevi","9":"pa_yazar-mehmet-hengirmen","11":"first","12":"instock","13":"sale","14":"shipping-taxable","15":"purchasable","16":"product-type-simple"},"_links":{"self":[{"href":"https:\/\/roveyayinevi.com.tr\/index.php\/wp-json\/wp\/v2\/product\/698582","targetHints":{"allow":["GET"]}}],"collection":[{"href":"https:\/\/roveyayinevi.com.tr\/index.php\/wp-json\/wp\/v2\/product"}],"about":[{"href":"https:\/\/roveyayinevi.com.tr\/index.php\/wp-json\/wp\/v2\/types\/product"}],"wp:attachment":[{"href":"https:\/\/roveyayinevi.com.tr\/index.php\/wp-json\/wp\/v2\/media?parent=698582"}],"wp:term":[{"taxonomy":"product_brand","embeddable":true,"href":"https:\/\/roveyayinevi.com.tr\/index.php\/wp-json\/wp\/v2\/product_brand?post=698582"},{"taxonomy":"product_cat","embeddable":true,"href":"https:\/\/roveyayinevi.com.tr\/index.php\/wp-json\/wp\/v2\/product_cat?post=698582"},{"taxonomy":"product_tag","embeddable":true,"href":"https:\/\/roveyayinevi.com.tr\/index.php\/wp-json\/wp\/v2\/product_tag?post=698582"}],"curies":[{"name":"wp","href":"https:\/\/api.w.org\/{rel}","templated":true}]}}