{"id":698577,"date":"2025-08-27T14:46:09","date_gmt":"2025-08-27T11:46:09","guid":{"rendered":"https:\/\/roveyayinevi.com.tr\/index.php\/urun\/cengelkoy-defteri\/"},"modified":"2026-04-16T02:07:58","modified_gmt":"2026-04-15T23:07:58","slug":"cengelkoy-defteri","status":"publish","type":"product","link":"https:\/\/roveyayinevi.com.tr\/index.php\/urun\/cengelkoy-defteri\/","title":{"rendered":"\u00c7engelk\u00f6y Defteri"},"content":{"rendered":"<p>Mozart&#8217;\u0131 d\u00fc\u015f\u00fcnd\u00fcm: Ya\u015fam\u0131 boyu g\u00f6rd\u00fc\u011f\u00fc anlay\u0131\u015fs\u0131zl\u0131k ve sonradan \u00e7ukulata markas\u0131 haline bile gelmesi&#8230; K\u0131\u00e7\u0131n\u0131 d\u00f6n\u00fcp terketti\u011fi Salzburg&#8217;a bug\u00fcn &#8220;Mozart&#8217;\u0131n \u015fehri&#8221; deniyor- ayn\u0131 \u015fekilde Viyana&#8217;ya da; oysa daha oradaki mezar\u0131n\u0131 bile i\u015faretlemeyi gerekli g\u00f6rmemi\u015fler. Buradaki ikiy\u00fczl\u00fcl\u00fc\u011f\u00fcn temelinde insanlar i\u00e7in yarat\u0131c\u0131n\u0131n yap\u0131t\u0131n\u0131n, onun kendisi i\u00e7in ifade etti\u011finden farkl\u0131 \u015feyler ifade etmesi yat\u0131yor- her\u015feyden \u00f6nce ekonomik bir anlam: yarat\u0131c\u0131n\u0131n yap\u0131t\u0131 &#8216;meta&#8217; k\u0131l\u0131n\u0131p al\u0131n\u0131p sat\u0131labilir. Bug\u00fcn b\u00fct\u00fcn d\u00fcnyada &#8220;Mozart&#8221; ad\u0131 alt\u0131nda y\u00fcr\u00fct\u00fclen &#8216;mali i\u015flerin y\u0131ll\u0131k&#8217; ciro&#8217;su ne kadar acaba? \ufffcTan\u0131t\u0131m Metni<\/p>\n","protected":false},"excerpt":{"rendered":"<p>Mozart&#8217;\u0131 d\u00fc\u015f\u00fcnd\u00fcm: Ya\u015fam\u0131 boyu g\u00f6rd\u00fc\u011f\u00fc anlay\u0131\u015fs\u0131zl\u0131k ve sonradan \u00e7ukulata markas\u0131 haline bile gelmesi&#8230; K\u0131\u00e7\u0131n\u0131 d\u00f6n\u00fcp terketti\u011fi Salzburg&#8217;a bug\u00fcn &#8220;Mozart&#8217;\u0131n \u015fehri&#8221; deniyor- ayn\u0131 \u015fekilde Viyana&#8217;ya da; oysa<span class=\"excerpt-hellip\"> [\u2026]<\/span><\/p>\n","protected":false},"featured_media":0,"template":"","meta":{"_monsterinsights_skip_tracking":false,"_monsterinsights_sitenote_active":false,"_monsterinsights_sitenote_note":"","_monsterinsights_sitenote_category":0},"product_brand":[],"product_cat":[12389,12388],"product_tag":[],"class_list":{"0":"post-698577","1":"product","2":"type-product","3":"status-publish","5":"product_cat-diger-felsefe","6":"product_cat-felsefe","7":"pa_cilt-ciltsiz","8":"pa_tur-kitap","9":"pa_yayinevi-metis-yayinlari","10":"pa_yazar-oruc-aruoba","12":"first","13":"instock","14":"sale","15":"shipping-taxable","16":"purchasable","17":"product-type-simple"},"_links":{"self":[{"href":"https:\/\/roveyayinevi.com.tr\/index.php\/wp-json\/wp\/v2\/product\/698577","targetHints":{"allow":["GET"]}}],"collection":[{"href":"https:\/\/roveyayinevi.com.tr\/index.php\/wp-json\/wp\/v2\/product"}],"about":[{"href":"https:\/\/roveyayinevi.com.tr\/index.php\/wp-json\/wp\/v2\/types\/product"}],"wp:attachment":[{"href":"https:\/\/roveyayinevi.com.tr\/index.php\/wp-json\/wp\/v2\/media?parent=698577"}],"wp:term":[{"taxonomy":"product_brand","embeddable":true,"href":"https:\/\/roveyayinevi.com.tr\/index.php\/wp-json\/wp\/v2\/product_brand?post=698577"},{"taxonomy":"product_cat","embeddable":true,"href":"https:\/\/roveyayinevi.com.tr\/index.php\/wp-json\/wp\/v2\/product_cat?post=698577"},{"taxonomy":"product_tag","embeddable":true,"href":"https:\/\/roveyayinevi.com.tr\/index.php\/wp-json\/wp\/v2\/product_tag?post=698577"}],"curies":[{"name":"wp","href":"https:\/\/api.w.org\/{rel}","templated":true}]}}