{"id":698570,"date":"2025-08-27T14:46:07","date_gmt":"2025-08-27T11:46:07","guid":{"rendered":"https:\/\/roveyayinevi.com.tr\/index.php\/urun\/catisan-feminizmler-felsefi-fikir-alisverisi\/"},"modified":"2026-02-03T02:12:50","modified_gmt":"2026-02-02T23:12:50","slug":"catisan-feminizmler-felsefi-fikir-alisverisi","status":"publish","type":"product","link":"https:\/\/roveyayinevi.com.tr\/index.php\/urun\/catisan-feminizmler-felsefi-fikir-alisverisi\/","title":{"rendered":"\u00c7at\u0131\u015fan Feminizmler: Felsefi Fikir Al\u0131\u015fveri\u015fi"},"content":{"rendered":"<p>\u00c7at\u0131\u015fan Feminizmler, zaman\u0131m\u0131z\u0131n \u00f6nde gelen d\u00f6rt feminist kuramc\u0131s\u0131n\u0131n bir sempozyumda birbirlerini ele\u015ftirerek yapt\u0131klar\u0131 tart\u0131\u015fmalardan olu\u015fuyor. Feminizm ve postmodernizm \u00fczerine \u00f6nemli sorular soran; bu iki izm in kesi\u015fti\u011fi ve ayr\u0131ld\u0131\u011f\u0131 noktalar\u0131 irdeleyen; \u00f6znellik, tarih yaz\u0131c\u0131l\u0131\u011f\u0131, etik, siyaset ve dil gibi konular\u0131 farkl\u0131 perspektiflerden ele alan bir \u00e7al\u0131\u015fma. Benhabib, Butler, Cornell ve Fraser feminizm ve postmodernizm \u00fczerine tart\u0131\u015f\u0131rken, bir yandan da bize feminizmin asl\u0131nda sabit, i\u00e7eri\u011fi ve s\u0131n\u0131rlar\u0131 belli bir alan olmad\u0131\u011f\u0131n\u0131, aksine asl\u0131nda pek \u00e7ok feminizm anlay\u0131\u015f\u0131 bulundu\u011funu ve bunlar\u0131n t\u00fcm\u00fcn\u00fc g\u00f6z \u00f6n\u00fcne almak, yeri geldi\u011finde sentezlemek gerekti\u011fini g\u00f6steriyorlar. \ufffcTan\u0131t\u0131m Metni<\/p>\n","protected":false},"excerpt":{"rendered":"<p>\u00c7at\u0131\u015fan Feminizmler, zaman\u0131m\u0131z\u0131n \u00f6nde gelen d\u00f6rt feminist kuramc\u0131s\u0131n\u0131n bir sempozyumda birbirlerini ele\u015ftirerek yapt\u0131klar\u0131 tart\u0131\u015fmalardan olu\u015fuyor. Feminizm ve postmodernizm \u00fczerine \u00f6nemli sorular soran; bu iki izm in<span class=\"excerpt-hellip\"> [\u2026]<\/span><\/p>\n","protected":false},"featured_media":0,"template":"","meta":{"_monsterinsights_skip_tracking":false,"_monsterinsights_sitenote_active":false,"_monsterinsights_sitenote_note":"","_monsterinsights_sitenote_category":0},"product_brand":[],"product_cat":[12312,12304],"product_tag":[],"class_list":{"0":"post-698570","1":"product","2":"type-product","3":"status-publish","5":"product_cat-diger","6":"product_cat-tarih","7":"pa_cilt-ciltsiz","8":"pa_tur-kitap","9":"pa_yayinevi-metis-yayinlari","10":"pa_yazar-d-cornell","11":"pa_yazar-j-butler","12":"pa_yazar-n-fraser","13":"pa_yazar-s-benhabib","15":"first","16":"instock","17":"sale","18":"shipping-taxable","19":"purchasable","20":"product-type-simple"},"_links":{"self":[{"href":"https:\/\/roveyayinevi.com.tr\/index.php\/wp-json\/wp\/v2\/product\/698570","targetHints":{"allow":["GET"]}}],"collection":[{"href":"https:\/\/roveyayinevi.com.tr\/index.php\/wp-json\/wp\/v2\/product"}],"about":[{"href":"https:\/\/roveyayinevi.com.tr\/index.php\/wp-json\/wp\/v2\/types\/product"}],"wp:attachment":[{"href":"https:\/\/roveyayinevi.com.tr\/index.php\/wp-json\/wp\/v2\/media?parent=698570"}],"wp:term":[{"taxonomy":"product_brand","embeddable":true,"href":"https:\/\/roveyayinevi.com.tr\/index.php\/wp-json\/wp\/v2\/product_brand?post=698570"},{"taxonomy":"product_cat","embeddable":true,"href":"https:\/\/roveyayinevi.com.tr\/index.php\/wp-json\/wp\/v2\/product_cat?post=698570"},{"taxonomy":"product_tag","embeddable":true,"href":"https:\/\/roveyayinevi.com.tr\/index.php\/wp-json\/wp\/v2\/product_tag?post=698570"}],"curies":[{"name":"wp","href":"https:\/\/api.w.org\/{rel}","templated":true}]}}