{"id":698569,"date":"2025-08-27T14:46:07","date_gmt":"2025-08-27T11:46:07","guid":{"rendered":"https:\/\/roveyayinevi.com.tr\/index.php\/urun\/fullmetal-alchemist-celik-simyaci-8\/"},"modified":"2026-04-16T02:07:58","modified_gmt":"2026-04-15T23:07:58","slug":"fullmetal-alchemist-celik-simyaci-8","status":"publish","type":"product","link":"https:\/\/roveyayinevi.com.tr\/index.php\/urun\/fullmetal-alchemist-celik-simyaci-8\/","title":{"rendered":"Fullmetal Alchemist &#8211; \u00c7elik Simyac\u0131 8"},"content":{"rendered":"<p>En \u00e7ok istedikleri \u015feye sahip olabilmek i\u00e7in amat\u00f6rce y\u00f6ntemleriyle bu g\u00fcc\u00fc elde etmeye \u00e7al\u0131\u015ft\u0131klar\u0131nda, iki karde\u015f olan Edward ve Alphonse Elric\u2019ten biri kolunu ve bir baca\u011f\u0131n\u0131 kaybetmi\u015f, di\u011feri de ya\u015fayan bir \u00e7elik par\u00e7as\u0131n\u0131n i\u00e7ine t\u0131k\u0131l\u0131p kalm\u0131\u015f bir ruha d\u00f6n\u00fc\u015f\u00fcvermi\u015ftir. Edward art\u0131k bir h\u00fck\u00fbmet ajan\u0131d\u0131r ve asker\u00ee bir simya tesisinde \u00e7al\u0131\u015fmaktad\u0131r. Benzersiz g\u00fc\u00e7lerini emirlere uymak, hatta \u00f6ld\u00fcrmek i\u00e7in kullan\u0131r. Ancak Edward, ba\u015fkalar\u0131n\u0131n da ayn\u0131 g\u00fc\u00e7lere sahip oldu\u011funun fark\u0131nda de\u011fildir.Simyan\u0131n a\u015f\u0131r\u0131 kullan\u0131m\u0131 sonucunda d\u00fcnya \u00e2deta bir cehenneme d\u00f6ner. En de\u011ferli simya hazinesi Felsefe Ta\u015f\u0131\u2019n\u0131 ele ge\u00e7irmeye \u00e7abalayan d\u00fc\u015fmanlar\u0131, kahramanlar\u0131m\u0131zdan \u00e7ok daha zalim ve ac\u0131mas\u0131zd\u0131rlar.General King Bradley komutas\u0131ndaki ordu birlikleri taraf\u0131ndan bir Homunculus olan Greed\u2019in ve adamlar\u0131n\u0131n bulundu\u011fu \u015eeytan\u2019\u0131n \u0130ni\u2019ne yap\u0131lan bask\u0131n tam bir katliamla sonu\u00e7lan\u0131r. Bu sava\u015f\u0131n sonunda Ed ve Al\u2019\u0131n kafas\u0131nda baz\u0131 soru i\u015faretleri belirmeye ba\u015flar. Greed yarat\u0131c\u0131s\u0131n\u0131n yan\u0131na g\u00f6t\u00fcr\u00fcl\u00fcrken, iki yabanc\u0131 ortaya \u00e7\u0131kar; do\u011fu \u00fclkesi \u015ein\u2019deki b\u00fcy\u00fck \u00e7\u00f6l\u00fc a\u015farak Amestris\u2019e ula\u015fm\u0131\u015flard\u0131r. Onlar Felsefe Ta\u015f\u0131\u2019n\u0131n ve Elric karde\u015flerin bile akl\u0131na gelmeyecek bir s\u0131rr\u0131n pe\u015findedirler\u2026 <\/p>\n","protected":false},"excerpt":{"rendered":"<p>En \u00e7ok istedikleri \u015feye sahip olabilmek i\u00e7in amat\u00f6rce y\u00f6ntemleriyle bu g\u00fcc\u00fc elde etmeye \u00e7al\u0131\u015ft\u0131klar\u0131nda, iki karde\u015f olan Edward ve Alphonse Elric\u2019ten biri kolunu ve bir baca\u011f\u0131n\u0131<span class=\"excerpt-hellip\"> [\u2026]<\/span><\/p>\n","protected":false},"featured_media":0,"template":"","meta":{"_monsterinsights_skip_tracking":false,"_monsterinsights_sitenote_active":false,"_monsterinsights_sitenote_note":"","_monsterinsights_sitenote_category":0},"product_brand":[],"product_cat":[12416,12291],"product_tag":[],"class_list":{"0":"post-698569","1":"product","2":"type-product","3":"status-publish","5":"product_cat-cizgi-roman","6":"product_cat-edebiyat","7":"pa_cilt-ciltsiz","8":"pa_tur-kitap","9":"pa_yayinevi-akil-celen-kitaplar","10":"pa_yazar-hiromu-arakawa","12":"first","13":"instock","14":"sale","15":"shipping-taxable","16":"purchasable","17":"product-type-simple"},"_links":{"self":[{"href":"https:\/\/roveyayinevi.com.tr\/index.php\/wp-json\/wp\/v2\/product\/698569","targetHints":{"allow":["GET"]}}],"collection":[{"href":"https:\/\/roveyayinevi.com.tr\/index.php\/wp-json\/wp\/v2\/product"}],"about":[{"href":"https:\/\/roveyayinevi.com.tr\/index.php\/wp-json\/wp\/v2\/types\/product"}],"wp:attachment":[{"href":"https:\/\/roveyayinevi.com.tr\/index.php\/wp-json\/wp\/v2\/media?parent=698569"}],"wp:term":[{"taxonomy":"product_brand","embeddable":true,"href":"https:\/\/roveyayinevi.com.tr\/index.php\/wp-json\/wp\/v2\/product_brand?post=698569"},{"taxonomy":"product_cat","embeddable":true,"href":"https:\/\/roveyayinevi.com.tr\/index.php\/wp-json\/wp\/v2\/product_cat?post=698569"},{"taxonomy":"product_tag","embeddable":true,"href":"https:\/\/roveyayinevi.com.tr\/index.php\/wp-json\/wp\/v2\/product_tag?post=698569"}],"curies":[{"name":"wp","href":"https:\/\/api.w.org\/{rel}","templated":true}]}}